{"id":1723,"date":"2020-08-25T12:01:49","date_gmt":"2020-08-25T12:01:49","guid":{"rendered":"https:\/\/myopiacare.com\/%d0%b2%d1%80%d0%b0%d0%b6%d0%b5%d0%bd%d0%bd%d1%8f\/"},"modified":"2022-12-18T12:03:33","modified_gmt":"2022-12-18T12:03:33","slug":"%d0%b2%d1%80%d0%b0%d0%b6%d0%b5%d0%bd%d0%bd%d1%8f","status":"publish","type":"page","link":"https:\/\/myopiacare.com\/uk\/%d0%b2%d1%80%d0%b0%d0%b6%d0%b5%d0%bd%d0%bd%d1%8f\/","title":{"rendered":"\u0432\u0440\u0430\u0436\u0435\u043d\u043d\u044f"},"content":{"rendered":"\t\t<div data-elementor-type=\"wp-page\" data-elementor-id=\"1723\" class=\"elementor elementor-1723 elementor-254\" data-elementor-post-type=\"page\">\n\t\t\t\t\t\t<section class=\"elementor-section elementor-top-section elementor-element elementor-element-517d0868 elementor-section-boxed elementor-section-height-default elementor-section-height-default\" data-id=\"517d0868\" data-element_type=\"section\" data-e-type=\"section\">\n\t\t\t\t\t\t<div class=\"elementor-container elementor-column-gap-default\">\n\t\t\t\t\t<div class=\"elementor-column elementor-col-100 elementor-top-column elementor-element elementor-element-58dc16f8\" data-id=\"58dc16f8\" data-element_type=\"column\" data-e-type=\"column\">\n\t\t\t<div class=\"elementor-widget-wrap elementor-element-populated\">\n\t\t\t\t\t\t<div class=\"elementor-element elementor-element-2d5e708d elementor-widget elementor-widget-heading\" data-id=\"2d5e708d\" data-element_type=\"widget\" data-e-type=\"widget\" data-widget_type=\"heading.default\">\n\t\t\t\t<div class=\"elementor-widget-container\">\n\t\t\t\t\t<h2 class=\"elementor-heading-title elementor-size-default\"> \u043f\u0440\u0430\u0432\u043e\u0432\u0435 \u0440\u043e\u0437\u043a\u0440\u0438\u0442\u0442\u044f<\/h2>\t\t\t\t<\/div>\n\t\t\t\t<\/div>\n\t\t\t\t<div class=\"elementor-element elementor-element-781b2c62 elementor-widget elementor-widget-text-editor\" data-id=\"781b2c62\" data-element_type=\"widget\" data-e-type=\"widget\" data-widget_type=\"text-editor.default\">\n\t\t\t\t<div class=\"elementor-widget-container\">\n\t\t\t\t\t\t\t\t\t<pre class=\"tw-data-text tw-text-large XcVN5d tw-ta\" dir=\"ltr\" data-placeholder=\"\u00dcbersetzung\"><span lang=\"uk\">\u0406\u043d\u0444\u043e\u0440\u043c\u0430\u0446\u0456\u044f \u0432\u0456\u0434\u043f\u043e\u0432\u0456\u0434\u043d\u043e \u0434\u043e \u0440\u043e\u0437\u0434\u0456\u043b\u0443 5 TMG<\/span><\/pre><p><strong><em>Eyetific Sarl<\/em><\/strong><\/p><p>Rue du Lac 32B<br \/>CH-1020 Renens<br \/>Switzerland<\/p><pre class=\"tw-data-text tw-text-large XcVN5d tw-ta\" dir=\"ltr\" data-placeholder=\"\u00dcbersetzung\"><span lang=\"uk\">\u00a0<\/span><\/pre><div id=\"tw-target-text-container\" class=\"tw-ta-container hide-focus-ring tw-nfl\" tabindex=\"0\"><pre id=\"tw-target-text\" class=\"tw-data-text tw-text-large XcVN5d tw-ta\" dir=\"ltr\" data-placeholder=\"\u00dcbersetzung\"><span lang=\"uk\">\u043a\u0435\u0440\u043e\u0432\u0430\u043d\u0438\u0439\n\u0421\u0456\u0433\u0440\u0456\u0434\u043d\u0438\u0439 \u0411\u043b\u0430\u0437\u0435\u0440\n\n\u041a\u043e\u043d\u0442\u0430\u043a\u0442\u043d\u0430 \u0456\u043d\u0444\u043e\u0440\u043c\u0430\u0446\u0456\u044f\n\u0415\u043b\u0435\u043a\u0442\u0440\u043e\u043d\u043d\u0430 \u043f\u043e\u0448\u0442\u0430: \u0456\u043d\u0444\u043e\u0440\u043c\u0430\u0446\u0456\u044f \u043d\u0430 \u0441\u0430\u0439\u0442\u0456 myopiacare dot com\n\u0406\u043d\u0442\u0435\u0440\u043d\u0435\u0442-\u0430\u0434\u0440\u0435\u0441\u0430: www.myopiacare.org\n\n\u0440\u0435\u0433\u0443\u043b\u044e\u044e\u0447\u0438\u0439 \u043e\u0440\u0433\u0430\u043d\nEidgen\u00f6ssischer Datenschutz- und \u00d6ffentlichkeitsbeauftragter (ED\u00d6B)\n\n\u0420\u0435\u0454\u0441\u0442\u0440\u043e\u0432\u0438\u0439 \u043d\u043e\u043c\u0435\u0440 2016 00039\n\n\u0420\u0435\u0433\u0443\u043b\u044c\u043e\u0432\u0430\u043d\u0456 \u043f\u0440\u043e\u0444\u0435\u0441\u0456\u0457 \/ \u041d\u0435\u0437\u0430\u043b\u0435\u0436\u043d\u0456 \u043f\u0440\u043e\u0444\u0435\u0441\u0456\u0457\n\u041d\u0430\u0437\u0432\u0430 \u043f\u043e\u0441\u0430\u0434\u0438 (\u0440\u0435\u0433\u0443\u043b\u044c\u043e\u0432\u0430\u043d\u0456 \u043f\u0440\u043e\u0444\u0435\u0441\u0456\u0457): \u0424\u0430\u0445\u0456\u0432\u0446\u0456 \u043f\u043e \u043e\u0447\u0430\u0445\n\n\u0412\u043a\u0430\u0437\u0456\u0432\u043a\u0430 \u0434\u0436\u0435\u0440\u0435\u043b\u0430 \u0434\u043b\u044f \u0437\u043e\u0431\u0440\u0430\u0436\u0435\u043d\u044c \u0456 \u0433\u0440\u0430\u0444\u0456\u043a\u0438\nhttps:\/\/unsplash.com\/\nhttps:\/\/pixabay.com\/\nhttps:\/\/fotolia.com\/\n\nwww.wikipedia.de\n\nwww.allaboutvision.com\n\n\u044f\u043a\u0449\u043e \u0431\u0443\u0434\u044c-\u044f\u043a\u0435 \u0437\u043e\u0431\u0440\u0430\u0436\u0435\u043d\u043d\u044f \u0430\u0431\u043e \u0433\u0440\u0430\u0444\u0456\u043a\u0430 \u043d\u0435 \u0432\u0438\u043a\u043e\u0440\u0438\u0441\u0442\u043e\u0432\u0443\u0454\u0442\u044c\u0441\u044f \u043b\u0435\u0433\u0430\u043b\u044c\u043d\u043e, \u0431\u0443\u0434\u044c \u043b\u0430\u0441\u043a\u0430, \u0437\u0432'\u044f\u0436\u0456\u0442\u044c\u0441\u044f \u0437 \u043d\u0430\u043c\u0438. \u041c\u0438 \u0432\u0438\u0440\u0456\u0448\u0438\u043c\u043e \u0446\u0435 \u044f\u043a\u043e\u043c\u043e\u0433\u0430 \u0448\u0432\u0438\u0434\u0448\u0435.\n\n\u041f\u0435\u0440\u0435\u0432\u0435\u0434\u0435\u043d\u043e \u0437\u0430 \u0434\u043e\u043f\u043e\u043c\u043e\u0433\u043e\u044e www.DeepL.com\/Translator (\u0431\u0435\u0437\u043a\u043e\u0448\u0442\u043e\u0432\u043d\u0430 \u0432\u0435\u0440\u0441\u0456\u044f)<\/span><\/pre><\/div><div id=\"tw-target-rmn-container\" class=\"tw-ta-container hide-focus-ring tw-nfl\"><pre id=\"tw-target-rmn\" class=\"tw-data-text tw-text-small tw-ta\" dir=\"ltr\" data-placeholder=\"\">kerovanyy\nSihridnyy Blazer\n\nRozrobleno i zasnovano\nPaskal\u02b9 Bleyzer\n\nKontaktna informatsiya\nTelefon: +41 (0) 76 423 31 41\nElektronna poshta: informatsiya na sayti myopiacare dot com\nInternet-adresa: www.myopiacare.org\n\nrehulyuyuchyy orhan\nEidgen\u00f6ssischer Datenschutz- und \u00d6ffentlichkeitsbeauftragter (ED\u00d6B)\n\nReyestrovyy nomer 2016 00039\n\nRehul\u02b9ovani profesiyi \/ Nezalezhni profesiyi\nNazva posady (rehul\u02b9ovani profesiyi): Fakhivtsi po ochakh\n\nVkazivka dzherela dlya zobrazhen\u02b9 i hrafiky\nhttps:\/\/unsplash.com\/\nhttps:\/\/pixabay.com\/\nhttps:\/\/fotolia.com\/\n\nwww.wikipedia.de\n\nwww.allaboutvision.com\n\nyakshcho bud\u02b9-yake zobrazhennya abo hrafika ne vykorystovuyet\u02b9sya lehal\u02b9no, bud\u02b9 laska, zv'yazhit\u02b9sya z namy. My vyrishymo tse yakomoha shvydshe.\n\nPerevedeno za dopomohoyu www.DeepL.com\/Translator (bezkoshtovna versiya<\/pre><\/div>\t\t\t\t\t\t\t\t<\/div>\n\t\t\t\t<\/div>\n\t\t\t\t\t<\/div>\n\t\t<\/div>\n\t\t\t\t\t<\/div>\n\t\t<\/section>\n\t\t\t\t<\/div>\n\t\t","protected":false},"excerpt":{"rendered":"<p>\u043f\u0440\u0430\u0432\u043e\u0432\u0435 \u0440\u043e\u0437\u043a\u0440\u0438\u0442\u0442\u044f \u0406\u043d\u0444\u043e\u0440\u043c\u0430\u0446\u0456\u044f \u0432\u0456\u0434\u043f\u043e\u0432\u0456\u0434\u043d\u043e \u0434\u043e \u0440\u043e\u0437\u0434\u0456\u043b\u0443 5 TMG Eyetific Sarl Rue du Lac 32BCH-1020 RenensSwitzerland \u00a0 \u043a\u0435\u0440\u043e\u0432\u0430\u043d\u0438\u0439 \u0421\u0456\u0433\u0440\u0456\u0434\u043d\u0438\u0439 \u0411\u043b\u0430\u0437\u0435\u0440 \u041a\u043e\u043d\u0442\u0430\u043a\u0442\u043d\u0430 \u0456\u043d\u0444\u043e\u0440\u043c\u0430\u0446\u0456\u044f \u0415\u043b\u0435\u043a\u0442\u0440\u043e\u043d\u043d\u0430 \u043f\u043e\u0448\u0442\u0430: \u0456\u043d\u0444\u043e\u0440\u043c\u0430\u0446\u0456\u044f \u043d\u0430 \u0441\u0430\u0439\u0442\u0456 myopiacare dot com \u0406\u043d\u0442\u0435\u0440\u043d\u0435\u0442-\u0430\u0434\u0440\u0435\u0441\u0430: www.myopiacare.org \u0440\u0435\u0433\u0443\u043b\u044e\u044e\u0447\u0438\u0439 \u043e\u0440\u0433\u0430\u043d Eidgen\u00f6ssischer Datenschutz- und \u00d6ffentlichkeitsbeauftragter (ED\u00d6B) \u0420\u0435\u0454\u0441\u0442\u0440\u043e\u0432\u0438\u0439 \u043d\u043e\u043c\u0435\u0440 2016 00039 \u0420\u0435\u0433\u0443\u043b\u044c\u043e\u0432\u0430\u043d\u0456 \u043f\u0440\u043e\u0444\u0435\u0441\u0456\u0457 \/ \u041d\u0435\u0437\u0430\u043b\u0435\u0436\u043d\u0456 \u043f\u0440\u043e\u0444\u0435\u0441\u0456\u0457 \u041d\u0430\u0437\u0432\u0430 \u043f\u043e\u0441\u0430\u0434\u0438 (\u0440\u0435\u0433\u0443\u043b\u044c\u043e\u0432\u0430\u043d\u0456 \u043f\u0440\u043e\u0444\u0435\u0441\u0456\u0457): \u0424\u0430\u0445\u0456\u0432\u0446\u0456 \u043f\u043e \u043e\u0447\u0430\u0445 \u0412\u043a\u0430\u0437\u0456\u0432\u043a\u0430 [&hellip;]<\/p>\n","protected":false},"author":2,"featured_media":0,"parent":0,"menu_order":0,"comment_status":"closed","ping_status":"closed","template":"","meta":{"site-sidebar-layout":"no-sidebar","site-content-layout":"page-builder","ast-site-content-layout":"default","site-content-style":"default","site-sidebar-style":"default","ast-global-header-display":"","ast-banner-title-visibility":"","ast-main-header-display":"","ast-hfb-above-header-display":"","ast-hfb-below-header-display":"","ast-hfb-mobile-header-display":"","site-post-title":"disabled","ast-breadcrumbs-content":"","ast-featured-img":"disabled","footer-sml-layout":"","ast-disable-related-posts":"","theme-transparent-header-meta":"default","adv-header-id-meta":"","stick-header-meta":"","header-above-stick-meta":"","header-main-stick-meta":"","header-below-stick-meta":"","astra-migrate-meta-layouts":"default","ast-page-background-enabled":"default","ast-page-background-meta":{"desktop":{"background-color":"","background-image":"","background-repeat":"repeat","background-position":"center center","background-size":"auto","background-attachment":"scroll","background-type":"","background-media":"","overlay-type":"","overlay-color":"","overlay-opacity":"","overlay-gradient":""},"tablet":{"background-color":"","background-image":"","background-repeat":"repeat","background-position":"center center","background-size":"auto","background-attachment":"scroll","background-type":"","background-media":"","overlay-type":"","overlay-color":"","overlay-opacity":"","overlay-gradient":""},"mobile":{"background-color":"","background-image":"","background-repeat":"repeat","background-position":"center center","background-size":"auto","background-attachment":"scroll","background-type":"","background-media":"","overlay-type":"","overlay-color":"","overlay-opacity":"","overlay-gradient":""}},"ast-content-background-meta":{"desktop":{"background-color":"var(--ast-global-color-5)","background-image":"","background-repeat":"repeat","background-position":"center center","background-size":"auto","background-attachment":"scroll","background-type":"","background-media":"","overlay-type":"","overlay-color":"","overlay-opacity":"","overlay-gradient":""},"tablet":{"background-color":"var(--ast-global-color-5)","background-image":"","background-repeat":"repeat","background-position":"center center","background-size":"auto","background-attachment":"scroll","background-type":"","background-media":"","overlay-type":"","overlay-color":"","overlay-opacity":"","overlay-gradient":""},"mobile":{"background-color":"var(--ast-global-color-5)","background-image":"","background-repeat":"repeat","background-position":"center center","background-size":"auto","background-attachment":"scroll","background-type":"","background-media":"","overlay-type":"","overlay-color":"","overlay-opacity":"","overlay-gradient":""}},"footnotes":""},"class_list":["post-1723","page","type-page","status-publish","hentry"],"_links":{"self":[{"href":"https:\/\/myopiacare.com\/uk\/wp-json\/wp\/v2\/pages\/1723","targetHints":{"allow":["GET"]}}],"collection":[{"href":"https:\/\/myopiacare.com\/uk\/wp-json\/wp\/v2\/pages"}],"about":[{"href":"https:\/\/myopiacare.com\/uk\/wp-json\/wp\/v2\/types\/page"}],"author":[{"embeddable":true,"href":"https:\/\/myopiacare.com\/uk\/wp-json\/wp\/v2\/users\/2"}],"replies":[{"embeddable":true,"href":"https:\/\/myopiacare.com\/uk\/wp-json\/wp\/v2\/comments?post=1723"}],"version-history":[{"count":4,"href":"https:\/\/myopiacare.com\/uk\/wp-json\/wp\/v2\/pages\/1723\/revisions"}],"predecessor-version":[{"id":7153,"href":"https:\/\/myopiacare.com\/uk\/wp-json\/wp\/v2\/pages\/1723\/revisions\/7153"}],"wp:attachment":[{"href":"https:\/\/myopiacare.com\/uk\/wp-json\/wp\/v2\/media?parent=1723"}],"curies":[{"name":"wp","href":"https:\/\/api.w.org\/{rel}","templated":true}]}}