{"id":1712,"date":"2020-08-25T09:32:14","date_gmt":"2020-08-25T09:32:14","guid":{"rendered":"https:\/\/myopiacare.com\/declaracao-de-exoneracao-de-responsabilidade\/"},"modified":"2020-08-25T09:32:15","modified_gmt":"2020-08-25T09:32:15","slug":"declaracao-de-exoneracao-de-responsabilidade","status":"publish","type":"page","link":"https:\/\/myopiacare.com\/pt-pt\/declaracao-de-exoneracao-de-responsabilidade\/","title":{"rendered":"Declara\u00e7\u00e3o de exonera\u00e7\u00e3o de responsabilidade"},"content":{"rendered":"\t\t<div data-elementor-type=\"wp-page\" data-elementor-id=\"1712\" class=\"elementor elementor-1712 elementor-261\" data-elementor-post-type=\"page\">\n\t\t\t\t\t\t<section class=\"elementor-section elementor-top-section elementor-element elementor-element-969db27 elementor-section-boxed elementor-section-height-default elementor-section-height-default\" data-id=\"969db27\" data-element_type=\"section\" data-e-type=\"section\">\n\t\t\t\t\t\t<div class=\"elementor-container elementor-column-gap-default\">\n\t\t\t\t\t<div class=\"elementor-column elementor-col-100 elementor-top-column elementor-element elementor-element-6dc452c2\" data-id=\"6dc452c2\" data-element_type=\"column\" data-e-type=\"column\">\n\t\t\t<div class=\"elementor-widget-wrap elementor-element-populated\">\n\t\t\t\t\t\t<div class=\"elementor-element elementor-element-3d68f2db elementor-widget elementor-widget-heading\" data-id=\"3d68f2db\" data-element_type=\"widget\" data-e-type=\"widget\" data-widget_type=\"heading.default\">\n\t\t\t\t<div class=\"elementor-widget-container\">\n\t\t\t\t\t<h2 class=\"elementor-heading-title elementor-size-default\">Declara\u00e7\u00e3o de exonera\u00e7\u00e3o de responsabilidade<\/h2>\t\t\t\t<\/div>\n\t\t\t\t<\/div>\n\t\t\t\t<div class=\"elementor-element elementor-element-5ebc9bb6 elementor-widget elementor-widget-text-editor\" data-id=\"5ebc9bb6\" data-element_type=\"widget\" data-e-type=\"widget\" data-widget_type=\"text-editor.default\">\n\t\t\t\t<div class=\"elementor-widget-container\">\n\t\t\t\t\t\t\t\t\t<p>Myopia.Care fornece informa\u00e7\u00f5es sobre miopia.<br \/>\nPara aconselhamento e gest\u00e3o da miopia, deve sempre consultar um oftalmologista especializado que possa realizar os testes necess\u00e1rios e aconselh\u00e1-lo adequadamente. Embora fa\u00e7amos todos os esfor\u00e7os para manter o site actualizado, a pesquisa sobre miopia est\u00e1 continuamente a desenvolver-se e n\u00e3o podemos garantir que a informa\u00e7\u00e3o agora no site seja correcta ou que se aplique no futuro. O conte\u00fado do s\u00edtio e qualquer correspond\u00eancia que tenha connosco \u00e9 informa\u00e7\u00e3o, e n\u00e3o aconselhamento. Deve consultar um profissional da sa\u00fade ou ocular relevante se tiver alguma preocupa\u00e7\u00e3o sobre o seu olho ou sa\u00fade em geral como resultado da leitura do conte\u00fado ou correspond\u00eancia connosco atrav\u00e9s do s\u00edtio web.<\/p>\n<p>Declara\u00e7\u00e3o de exonera\u00e7\u00e3o de responsabilidade m\u00e9dica<br \/>\n1. Nenhum conselho<br \/>\n1.1 Myopia Care e Myopia.care \u00e9 um portal de informa\u00e7\u00e3o para o Myopia Control.<br \/>\n2. Informa\u00e7\u00e3o \u00d3ptica e M\u00e9dica<br \/>\n2.1 O nosso website cont\u00e9m informa\u00e7\u00e3o m\u00e9dica geral e \u00f3ptica.<br \/>\n2.2 A informa\u00e7\u00e3o m\u00e9dica n\u00e3o \u00e9 um conselho e n\u00e3o deve ser tratada como tal.<br \/>\n3. Sem garantias<br \/>\n3.1 A informa\u00e7\u00e3o m\u00e9dica no nosso s\u00edtio web \u00e9 fornecida sem quaisquer representa\u00e7\u00f5es ou garantias, expressas ou impl\u00edcitas.<br \/>\n3.2 Sem limitar o \u00e2mbito da Sec\u00e7\u00e3o 3.1, n\u00e3o garantimos nem representamos que as informa\u00e7\u00f5es m\u00e9dicas neste s\u00edtio web:<br \/>\n(a) estar\u00e3o constantemente dispon\u00edveis, ou dispon\u00edveis de todo; ou<br \/>\nb) seja verdadeiro, exacto, completo, actual ou n\u00e3o.<br \/>\n4. Assist\u00eancia m\u00e9dica<br \/>\n4.1 N\u00e3o deve confiar nas informa\u00e7\u00f5es do nosso s\u00edtio web como alternativa ao aconselhamento m\u00e9dico do seu m\u00e9dico ou de outro profissional de sa\u00fade.<br \/>\n4.2 Se tiver perguntas espec\u00edficas sobre qualquer assunto m\u00e9dico, dever\u00e1 consultar o seu m\u00e9dico ou outro profissional de sa\u00fade.<br \/>\n4.3 Se pensa que pode estar a sofrer de qualquer condi\u00e7\u00e3o m\u00e9dica, deve procurar aten\u00e7\u00e3o m\u00e9dica imediata.<br \/>\n4.4 Nunca deve atrasar a procura de aconselhamento m\u00e9dico, ignorar o aconselhamento m\u00e9dico ou interromper o tratamento m\u00e9dico devido a informa\u00e7\u00f5es no nosso website.<br \/>\n5. Caracter\u00edsticas interactivas<br \/>\n5.1 O nosso website inclui caracter\u00edsticas interactivas que permitem aos utilizadores comunicar connosco.<br \/>\n5.2 O utilizador reconhece que, devido \u00e0 natureza limitada da comunica\u00e7\u00e3o atrav\u00e9s das caracter\u00edsticas interactivas do nosso s\u00edtio web, qualquer assist\u00eancia que possa receber utilizando tais caracter\u00edsticas \u00e9 suscept\u00edvel de estar incompleta e pode mesmo ser enganosa.<br \/>\n5.3 Qualquer assist\u00eancia que o utilizador possa receber atrav\u00e9s das funcionalidades interactivas do nosso s\u00edtio web n\u00e3o constitui aconselhamento espec\u00edfico e, consequentemente, n\u00e3o dever\u00e1 ser confiada sem uma confirma\u00e7\u00e3o independente adicional.<\/p>\n<p>Declara\u00e7\u00e3o geral de exonera\u00e7\u00e3o de responsabilidade<br \/>\nResponsabiliza\u00e7\u00e3o pelo conte\u00fado<\/p>\n<p>O conte\u00fado das nossas p\u00e1ginas foi criado com o maior cuidado. No entanto, n\u00e3o podemos garantir a exactid\u00e3o, integralidade ou actualidade do conte\u00fado. De acordo com as disposi\u00e7\u00f5es estatut\u00e1rias, somos al\u00e9m disso respons\u00e1veis pelo nosso pr\u00f3prio conte\u00fado nestas p\u00e1ginas web. Neste contexto, \u00e9 favor notar que n\u00e3o somos obrigados a controlar apenas as informa\u00e7\u00f5es transmitidas ou guardadas de terceiros, nem a investigar circunst\u00e2ncias que apontem para uma actividade ilegal. As nossas obriga\u00e7\u00f5es de remover ou bloquear a utiliza\u00e7\u00e3o de informa\u00e7\u00f5es ao abrigo das leis de aplica\u00e7\u00e3o geral n\u00e3o s\u00e3o afectadas por isto, conforme os \u00a7\u00a7 8 a 10 da Lei Telemedia (TMG).<\/p>\n<p>Responsabiliza\u00e7\u00e3o pelas liga\u00e7\u00f5es<br \/>\nA responsabilidade pelo conte\u00fado das liga\u00e7\u00f5es externas (a p\u00e1ginas web de terceiros) recai exclusivamente sobre os operadores das p\u00e1ginas ligadas. N\u00e3o nos foram evidentes quaisquer viola\u00e7\u00f5es no momento da cria\u00e7\u00e3o da liga\u00e7\u00e3o. Caso nos seja conhecida qualquer infrac\u00e7\u00e3o legal, removeremos imediatamente o respectivo link.<\/p>\n<p>Direitos de autor<br \/>\nAs nossas p\u00e1ginas web e o seu conte\u00fado est\u00e3o sujeitos \u00e0 lei su\u00ed\u00e7a sobre direitos de autor. A menos que expressamente permitido por lei (\u00a7 44a e seguintes da lei de direitos de autor), qualquer forma de utiliza\u00e7\u00e3o, reprodu\u00e7\u00e3o ou processamento de obras sujeitas a protec\u00e7\u00e3o de direitos de autor nas nossas p\u00e1ginas web requer o consentimento pr\u00e9vio do respectivo propriet\u00e1rio dos direitos. As reprodu\u00e7\u00f5es individuais de uma obra s\u00e3o permitidas apenas para uso privado, pelo que n\u00e3o devem servir, directa ou indirectamente, para fins lucrativos. A utiliza\u00e7\u00e3o n\u00e3o autorizada de obras sujeitas a direitos de autor \u00e9 pun\u00edvel (\u00a7 106 da lei de direitos de autor).<\/p>\n<p>Quelle: Impressum Mustervorlagen<\/p>\n<p>Traduzido com a vers\u00e3o gratuita do tradutor &#8211; www.DeepL.com\/Translator<\/p>\n\t\t\t\t\t\t\t\t<\/div>\n\t\t\t\t<\/div>\n\t\t\t\t\t<\/div>\n\t\t<\/div>\n\t\t\t\t\t<\/div>\n\t\t<\/section>\n\t\t\t\t<\/div>\n\t\t","protected":false},"excerpt":{"rendered":"<p>Declara\u00e7\u00e3o de exonera\u00e7\u00e3o de responsabilidade Myopia.Care fornece informa\u00e7\u00f5es sobre miopia. Para aconselhamento e gest\u00e3o da miopia, deve sempre consultar um oftalmologista especializado que possa realizar os testes necess\u00e1rios e aconselh\u00e1-lo adequadamente. Embora fa\u00e7amos todos os esfor\u00e7os para manter o site actualizado, a pesquisa sobre miopia est\u00e1 continuamente a desenvolver-se e n\u00e3o podemos garantir que a [&hellip;]<\/p>\n","protected":false},"author":2,"featured_media":0,"parent":0,"menu_order":0,"comment_status":"closed","ping_status":"closed","template":"","meta":{"site-sidebar-layout":"no-sidebar","site-content-layout":"page-builder","ast-site-content-layout":"default","site-content-style":"default","site-sidebar-style":"default","ast-global-header-display":"","ast-banner-title-visibility":"","ast-main-header-display":"","ast-hfb-above-header-display":"","ast-hfb-below-header-display":"","ast-hfb-mobile-header-display":"","site-post-title":"disabled","ast-breadcrumbs-content":"","ast-featured-img":"disabled","footer-sml-layout":"","ast-disable-related-posts":"","theme-transparent-header-meta":"default","adv-header-id-meta":"","stick-header-meta":"","header-above-stick-meta":"","header-main-stick-meta":"","header-below-stick-meta":"","astra-migrate-meta-layouts":"default","ast-page-background-enabled":"default","ast-page-background-meta":{"desktop":{"background-color":"","background-image":"","background-repeat":"repeat","background-position":"center center","background-size":"auto","background-attachment":"scroll","background-type":"","background-media":"","overlay-type":"","overlay-color":"","overlay-opacity":"","overlay-gradient":""},"tablet":{"background-color":"","background-image":"","background-repeat":"repeat","background-position":"center center","background-size":"auto","background-attachment":"scroll","background-type":"","background-media":"","overlay-type":"","overlay-color":"","overlay-opacity":"","overlay-gradient":""},"mobile":{"background-color":"","background-image":"","background-repeat":"repeat","background-position":"center center","background-size":"auto","background-attachment":"scroll","background-type":"","background-media":"","overlay-type":"","overlay-color":"","overlay-opacity":"","overlay-gradient":""}},"ast-content-background-meta":{"desktop":{"background-color":"var(--ast-global-color-5)","background-image":"","background-repeat":"repeat","background-position":"center center","background-size":"auto","background-attachment":"scroll","background-type":"","background-media":"","overlay-type":"","overlay-color":"","overlay-opacity":"","overlay-gradient":""},"tablet":{"background-color":"var(--ast-global-color-5)","background-image":"","background-repeat":"repeat","background-position":"center center","background-size":"auto","background-attachment":"scroll","background-type":"","background-media":"","overlay-type":"","overlay-color":"","overlay-opacity":"","overlay-gradient":""},"mobile":{"background-color":"var(--ast-global-color-5)","background-image":"","background-repeat":"repeat","background-position":"center center","background-size":"auto","background-attachment":"scroll","background-type":"","background-media":"","overlay-type":"","overlay-color":"","overlay-opacity":"","overlay-gradient":""}},"footnotes":""},"class_list":["post-1712","page","type-page","status-publish","hentry"],"_links":{"self":[{"href":"https:\/\/myopiacare.com\/pt-pt\/wp-json\/wp\/v2\/pages\/1712","targetHints":{"allow":["GET"]}}],"collection":[{"href":"https:\/\/myopiacare.com\/pt-pt\/wp-json\/wp\/v2\/pages"}],"about":[{"href":"https:\/\/myopiacare.com\/pt-pt\/wp-json\/wp\/v2\/types\/page"}],"author":[{"embeddable":true,"href":"https:\/\/myopiacare.com\/pt-pt\/wp-json\/wp\/v2\/users\/2"}],"replies":[{"embeddable":true,"href":"https:\/\/myopiacare.com\/pt-pt\/wp-json\/wp\/v2\/comments?post=1712"}],"version-history":[{"count":1,"href":"https:\/\/myopiacare.com\/pt-pt\/wp-json\/wp\/v2\/pages\/1712\/revisions"}],"predecessor-version":[{"id":1713,"href":"https:\/\/myopiacare.com\/pt-pt\/wp-json\/wp\/v2\/pages\/1712\/revisions\/1713"}],"wp:attachment":[{"href":"https:\/\/myopiacare.com\/pt-pt\/wp-json\/wp\/v2\/media?parent=1712"}],"curies":[{"name":"wp","href":"https:\/\/api.w.org\/{rel}","templated":true}]}}