{"id":1686,"date":"2020-08-25T09:00:41","date_gmt":"2020-08-25T09:00:41","guid":{"rendered":"https:\/\/myopiacare.com\/impresso\/"},"modified":"2022-12-18T12:12:27","modified_gmt":"2022-12-18T12:12:27","slug":"impresso","status":"publish","type":"page","link":"https:\/\/myopiacare.com\/pt-pt\/impresso\/","title":{"rendered":"Impresso"},"content":{"rendered":"\t\t<div data-elementor-type=\"wp-page\" data-elementor-id=\"1686\" class=\"elementor elementor-1686 elementor-254\" data-elementor-post-type=\"page\">\n\t\t\t\t\t\t<section class=\"elementor-section elementor-top-section elementor-element elementor-element-517d0868 elementor-section-boxed elementor-section-height-default elementor-section-height-default\" data-id=\"517d0868\" data-element_type=\"section\" data-e-type=\"section\">\n\t\t\t\t\t\t<div class=\"elementor-container elementor-column-gap-default\">\n\t\t\t\t\t<div class=\"elementor-column elementor-col-100 elementor-top-column elementor-element elementor-element-58dc16f8\" data-id=\"58dc16f8\" data-element_type=\"column\" data-e-type=\"column\">\n\t\t\t<div class=\"elementor-widget-wrap elementor-element-populated\">\n\t\t\t\t\t\t<div class=\"elementor-element elementor-element-2d5e708d elementor-widget elementor-widget-heading\" data-id=\"2d5e708d\" data-element_type=\"widget\" data-e-type=\"widget\" data-widget_type=\"heading.default\">\n\t\t\t\t<div class=\"elementor-widget-container\">\n\t\t\t\t\t<h2 class=\"elementor-heading-title elementor-size-default\">Divulga\u00e7\u00e3o legal<\/h2>\t\t\t\t<\/div>\n\t\t\t\t<\/div>\n\t\t\t\t<div class=\"elementor-element elementor-element-781b2c62 elementor-widget elementor-widget-text-editor\" data-id=\"781b2c62\" data-element_type=\"widget\" data-e-type=\"widget\" data-widget_type=\"text-editor.default\">\n\t\t\t\t<div class=\"elementor-widget-container\">\n\t\t\t\t\t\t\t\t\t<p><strong>Information in accordance with section 5 TMG<\/strong><\/p><p>Eyetific Sarl<br \/>Rue du Lac 32B<br \/>CH-1020 Renens<br \/>Switzerland<\/p><p><strong>Administered by<\/strong><br \/>Sigrid Blaser<\/p><p><strong>Contact<\/strong><br \/>E-Mail: info at myopiacare dot com<br \/>Internetadresse: www.myopiacare.org<\/p><p><strong>Regulating authority<\/strong><br \/>Eidgen\u00f6ssischer Datenschutz- und \u00d6ffentlichkeitsbeauftragter (ED\u00d6B)<\/p><p><strong>Register number<\/strong>\u00a02016 00039<\/p><p><strong>Regulated professions \/ Independent Professions<\/strong><br \/><strong>Job title (Regulated professions):<\/strong>\u00a0Eyespecialists<\/p><p><strong>Indication of source for images and graphics<\/strong><br \/>https:\/\/unsplash.com\/<br \/>https:\/\/pixabay.com\/<br \/>https:\/\/fotolia.com\/<\/p><p>www.wikipedia.de<\/p><p>www.allaboutvision.com<\/p><p>if any image or graphic is not legally used, please contact us. We will solve it asap.<\/p>\t\t\t\t\t\t\t\t<\/div>\n\t\t\t\t<\/div>\n\t\t\t\t\t<\/div>\n\t\t<\/div>\n\t\t\t\t\t<\/div>\n\t\t<\/section>\n\t\t\t\t<\/div>\n\t\t","protected":false},"excerpt":{"rendered":"<p>Divulga\u00e7\u00e3o legal Information in accordance with section 5 TMG Eyetific SarlRue du Lac 32BCH-1020 RenensSwitzerland Administered bySigrid Blaser ContactE-Mail: info at myopiacare dot comInternetadresse: www.myopiacare.org Regulating authorityEidgen\u00f6ssischer Datenschutz- und \u00d6ffentlichkeitsbeauftragter (ED\u00d6B) Register number\u00a02016 00039 Regulated professions \/ Independent ProfessionsJob title (Regulated professions):\u00a0Eyespecialists Indication of source for images and graphicshttps:\/\/unsplash.com\/https:\/\/pixabay.com\/https:\/\/fotolia.com\/ www.wikipedia.de www.allaboutvision.com if any image or [&hellip;]<\/p>\n","protected":false},"author":2,"featured_media":0,"parent":0,"menu_order":0,"comment_status":"closed","ping_status":"closed","template":"","meta":{"site-sidebar-layout":"no-sidebar","site-content-layout":"page-builder","ast-site-content-layout":"default","site-content-style":"default","site-sidebar-style":"default","ast-global-header-display":"","ast-banner-title-visibility":"","ast-main-header-display":"","ast-hfb-above-header-display":"","ast-hfb-below-header-display":"","ast-hfb-mobile-header-display":"","site-post-title":"disabled","ast-breadcrumbs-content":"","ast-featured-img":"disabled","footer-sml-layout":"","ast-disable-related-posts":"","theme-transparent-header-meta":"default","adv-header-id-meta":"","stick-header-meta":"","header-above-stick-meta":"","header-main-stick-meta":"","header-below-stick-meta":"","astra-migrate-meta-layouts":"default","ast-page-background-enabled":"default","ast-page-background-meta":{"desktop":{"background-color":"","background-image":"","background-repeat":"repeat","background-position":"center center","background-size":"auto","background-attachment":"scroll","background-type":"","background-media":"","overlay-type":"","overlay-color":"","overlay-opacity":"","overlay-gradient":""},"tablet":{"background-color":"","background-image":"","background-repeat":"repeat","background-position":"center center","background-size":"auto","background-attachment":"scroll","background-type":"","background-media":"","overlay-type":"","overlay-color":"","overlay-opacity":"","overlay-gradient":""},"mobile":{"background-color":"","background-image":"","background-repeat":"repeat","background-position":"center center","background-size":"auto","background-attachment":"scroll","background-type":"","background-media":"","overlay-type":"","overlay-color":"","overlay-opacity":"","overlay-gradient":""}},"ast-content-background-meta":{"desktop":{"background-color":"var(--ast-global-color-5)","background-image":"","background-repeat":"repeat","background-position":"center center","background-size":"auto","background-attachment":"scroll","background-type":"","background-media":"","overlay-type":"","overlay-color":"","overlay-opacity":"","overlay-gradient":""},"tablet":{"background-color":"var(--ast-global-color-5)","background-image":"","background-repeat":"repeat","background-position":"center center","background-size":"auto","background-attachment":"scroll","background-type":"","background-media":"","overlay-type":"","overlay-color":"","overlay-opacity":"","overlay-gradient":""},"mobile":{"background-color":"var(--ast-global-color-5)","background-image":"","background-repeat":"repeat","background-position":"center center","background-size":"auto","background-attachment":"scroll","background-type":"","background-media":"","overlay-type":"","overlay-color":"","overlay-opacity":"","overlay-gradient":""}},"footnotes":""},"class_list":["post-1686","page","type-page","status-publish","hentry"],"_links":{"self":[{"href":"https:\/\/myopiacare.com\/pt-pt\/wp-json\/wp\/v2\/pages\/1686","targetHints":{"allow":["GET"]}}],"collection":[{"href":"https:\/\/myopiacare.com\/pt-pt\/wp-json\/wp\/v2\/pages"}],"about":[{"href":"https:\/\/myopiacare.com\/pt-pt\/wp-json\/wp\/v2\/types\/page"}],"author":[{"embeddable":true,"href":"https:\/\/myopiacare.com\/pt-pt\/wp-json\/wp\/v2\/users\/2"}],"replies":[{"embeddable":true,"href":"https:\/\/myopiacare.com\/pt-pt\/wp-json\/wp\/v2\/comments?post=1686"}],"version-history":[{"count":4,"href":"https:\/\/myopiacare.com\/pt-pt\/wp-json\/wp\/v2\/pages\/1686\/revisions"}],"predecessor-version":[{"id":7159,"href":"https:\/\/myopiacare.com\/pt-pt\/wp-json\/wp\/v2\/pages\/1686\/revisions\/7159"}],"wp:attachment":[{"href":"https:\/\/myopiacare.com\/pt-pt\/wp-json\/wp\/v2\/media?parent=1686"}],"curies":[{"name":"wp","href":"https:\/\/api.w.org\/{rel}","templated":true}]}}