{"id":1293,"date":"2020-06-06T16:21:52","date_gmt":"2020-06-06T16:21:52","guid":{"rendered":"https:\/\/myopiacare.com\/best-clinical-practice-on-myopia-control\/"},"modified":"2020-08-29T17:18:17","modified_gmt":"2020-08-29T17:18:17","slug":"as-melhores-praticas-clinicas-no-controlo-da-miopia","status":"publish","type":"page","link":"https:\/\/myopiacare.com\/pt-pt\/as-melhores-praticas-clinicas-no-controlo-da-miopia\/","title":{"rendered":"As melhores pr\u00e1ticas cl\u00ednicas no controlo da miopia"},"content":{"rendered":"\n<h4 class=\"wp-block-heading\">&#8220;Utiliza\u00e7\u00e3o de uma Calculadora Preditiva de Miopia combinada com um Protocolo de Controlo de Miopia&#8221;<\/h4>\n\n\n\n<h6 class=\"wp-block-heading\">BY Nick Dash: Optometrist, B.Sc. Hons (Optom) MCOptom, Dip SVA. e Pascal Blaser: Optometrist, M.Sc. in Vision Sciences (Optometry)<\/h6>\n\n\n\n<p>Especialistas e investigadores de sa\u00fade ocular relataram um aumento da preval\u00eancia da miopia em todo o mundo. A consequ\u00eancia inevit\u00e1vel desta tend\u00eancia \u00e9 potencialmente catastr\u00f3fica para aqueles pacientes que n\u00e3o ter\u00e3o simplesmente uma maior depend\u00eancia de \u00f3culos e lentes de contacto mais fortes e espessos, mas, al\u00e9m disso, um risco acrescido de Doen\u00e7a Oftalmol\u00f3gica M\u00edope e potenciais condi\u00e7\u00f5es de amea\u00e7a \u00e0 vis\u00e3o mais tarde na vida.<\/p>\n\n\n\n<p>Isto levou \u00e0 previs\u00e3o de que, a n\u00edvel mundial, 1 bili\u00e3o de pessoas em risco de cegueira at\u00e9 2050 e a Miopia sejam uma preocupa\u00e7\u00e3o destacada pela Organiza\u00e7\u00e3o Mundial de Sa\u00fade.<\/p>\n\n\n\n<p>Investigadores proeminentes mostraram-nos provas de que a miopia elevada deve agora ser considerada um factor de risco importante para o desenvolvimento de patologias oculares significativas que conduzem a defici\u00eancias visuais, tais como glaucoma, maculopatia, ou descolamento da retina que compreende a &#8220;Doen\u00e7a do olho m\u00edope&#8221;. Isto diz respeito a cada miope, e n\u00e3o apenas aos casos mais graves.<\/p>\n\n\n\n<p>Os oftalmologistas (ECPs) n\u00e3o s\u00f3 devem corrigir ou perseguir erros de vis\u00e3o, como temos o dever de tratar ou prevenir a patologia ocular. A implementa\u00e7\u00e3o de uma estrat\u00e9gia de limita\u00e7\u00e3o da miopia tornar-se-\u00e1 um servi\u00e7o fulcral quando se realizarem exames oftalmol\u00f3gicos e correc\u00e7\u00e3o da vis\u00e3o em crian\u00e7as e jovens adultos.<\/p>\n\n\n\n<p>A utiliza\u00e7\u00e3o de uma Calculadora Preditiva de Miopia e Estrat\u00e9gia de Gest\u00e3o &#8216;myopia.care&#8217; visar\u00e1 e oferecer\u00e1 orienta\u00e7\u00e3o para a entrega de um plano de cuidados para os &#8216;em risco&#8217; de doen\u00e7a m\u00edope dos olhos. Apoiando o percurso completo da crian\u00e7a, dos pais e dos profissionais. Tudo baseado na Investiga\u00e7\u00e3o e Experi\u00eancia Profissional Pr\u00e1tica de Lideran\u00e7a Mundial dos \u00faltimos 8 anos de entrega de Controlo da Miopia pr\u00e1tico.<\/p>\n\n\n\n<p><a href=\"https:\/\/myopiacare.com\/\"><strong>VOLTAR<\/strong><\/a><\/p>\n","protected":false},"excerpt":{"rendered":"<p>&#8220;Utiliza\u00e7\u00e3o de uma Calculadora Preditiva de Miopia combinada com um Protocolo de Controlo de Miopia&#8221; BY Nick Dash: Optometrist, B.Sc. Hons (Optom) MCOptom, Dip SVA. e Pascal Blaser: Optometrist, M.Sc. in Vision Sciences (Optometry) Especialistas e investigadores de sa\u00fade ocular relataram um aumento da preval\u00eancia da miopia em todo o mundo. A consequ\u00eancia inevit\u00e1vel desta [&hellip;]<\/p>\n","protected":false},"author":2,"featured_media":0,"parent":0,"menu_order":0,"comment_status":"closed","ping_status":"closed","template":"","meta":{"site-sidebar-layout":"default","site-content-layout":"default","ast-site-content-layout":"default","site-content-style":"default","site-sidebar-style":"default","ast-global-header-display":"","ast-banner-title-visibility":"","ast-main-header-display":"","ast-hfb-above-header-display":"","ast-hfb-below-header-display":"","ast-hfb-mobile-header-display":"","site-post-title":"","ast-breadcrumbs-content":"","ast-featured-img":"","footer-sml-layout":"","ast-disable-related-posts":"","theme-transparent-header-meta":"default","adv-header-id-meta":"","stick-header-meta":"","header-above-stick-meta":"","header-main-stick-meta":"","header-below-stick-meta":"","astra-migrate-meta-layouts":"default","ast-page-background-enabled":"default","ast-page-background-meta":{"desktop":{"background-color":"","background-image":"","background-repeat":"repeat","background-position":"center center","background-size":"auto","background-attachment":"scroll","background-type":"","background-media":"","overlay-type":"","overlay-color":"","overlay-opacity":"","overlay-gradient":""},"tablet":{"background-color":"","background-image":"","background-repeat":"repeat","background-position":"center center","background-size":"auto","background-attachment":"scroll","background-type":"","background-media":"","overlay-type":"","overlay-color":"","overlay-opacity":"","overlay-gradient":""},"mobile":{"background-color":"","background-image":"","background-repeat":"repeat","background-position":"center center","background-size":"auto","background-attachment":"scroll","background-type":"","background-media":"","overlay-type":"","overlay-color":"","overlay-opacity":"","overlay-gradient":""}},"ast-content-background-meta":{"desktop":{"background-color":"var(--ast-global-color-5)","background-image":"","background-repeat":"repeat","background-position":"center center","background-size":"auto","background-attachment":"scroll","background-type":"","background-media":"","overlay-type":"","overlay-color":"","overlay-opacity":"","overlay-gradient":""},"tablet":{"background-color":"var(--ast-global-color-5)","background-image":"","background-repeat":"repeat","background-position":"center center","background-size":"auto","background-attachment":"scroll","background-type":"","background-media":"","overlay-type":"","overlay-color":"","overlay-opacity":"","overlay-gradient":""},"mobile":{"background-color":"var(--ast-global-color-5)","background-image":"","background-repeat":"repeat","background-position":"center center","background-size":"auto","background-attachment":"scroll","background-type":"","background-media":"","overlay-type":"","overlay-color":"","overlay-opacity":"","overlay-gradient":""}},"footnotes":""},"class_list":["post-1293","page","type-page","status-publish","hentry"],"_links":{"self":[{"href":"https:\/\/myopiacare.com\/pt-pt\/wp-json\/wp\/v2\/pages\/1293","targetHints":{"allow":["GET"]}}],"collection":[{"href":"https:\/\/myopiacare.com\/pt-pt\/wp-json\/wp\/v2\/pages"}],"about":[{"href":"https:\/\/myopiacare.com\/pt-pt\/wp-json\/wp\/v2\/types\/page"}],"author":[{"embeddable":true,"href":"https:\/\/myopiacare.com\/pt-pt\/wp-json\/wp\/v2\/users\/2"}],"replies":[{"embeddable":true,"href":"https:\/\/myopiacare.com\/pt-pt\/wp-json\/wp\/v2\/comments?post=1293"}],"version-history":[{"count":3,"href":"https:\/\/myopiacare.com\/pt-pt\/wp-json\/wp\/v2\/pages\/1293\/revisions"}],"predecessor-version":[{"id":2283,"href":"https:\/\/myopiacare.com\/pt-pt\/wp-json\/wp\/v2\/pages\/1293\/revisions\/2283"}],"wp:attachment":[{"href":"https:\/\/myopiacare.com\/pt-pt\/wp-json\/wp\/v2\/media?parent=1293"}],"curies":[{"name":"wp","href":"https:\/\/api.w.org\/{rel}","templated":true}]}}