{"id":2195,"date":"2020-08-22T19:05:11","date_gmt":"2020-08-22T19:05:11","guid":{"rendered":"https:\/\/myopiacare.com\/sales-support-for-eye-care-practitioners\/"},"modified":"2020-08-30T14:34:45","modified_gmt":"2020-08-30T14:34:45","slug":"sales-support-for-eye-care-practitioners","status":"publish","type":"page","link":"https:\/\/myopiacare.com\/pl\/sales-support-for-eye-care-practitioners\/","title":{"rendered":"Wsparcie sprzeda\u017cy dla lekarzy opieki nad oczami"},"content":{"rendered":"\t\t<div data-elementor-type=\"wp-page\" data-elementor-id=\"2195\" class=\"elementor elementor-2195 elementor-1477\" data-elementor-post-type=\"page\">\n\t\t\t\t\t\t<section class=\"elementor-section elementor-top-section elementor-element elementor-element-f872103 elementor-section-boxed elementor-section-height-default elementor-section-height-default\" data-id=\"f872103\" data-element_type=\"section\" data-e-type=\"section\">\n\t\t\t\t\t\t<div class=\"elementor-container elementor-column-gap-default\">\n\t\t\t\t\t<div class=\"elementor-column elementor-col-100 elementor-top-column elementor-element elementor-element-637e3fa\" data-id=\"637e3fa\" data-element_type=\"column\" data-e-type=\"column\">\n\t\t\t<div class=\"elementor-widget-wrap elementor-element-populated\">\n\t\t\t\t\t\t<div class=\"elementor-element elementor-element-bd46e44 elementor-widget elementor-widget-heading\" data-id=\"bd46e44\" data-element_type=\"widget\" data-e-type=\"widget\" data-widget_type=\"heading.default\">\n\t\t\t\t<div class=\"elementor-widget-container\">\n\t\t\t\t\t<h1 class=\"elementor-heading-title elementor-size-default\">Wsparcie sprzeda\u017cy dla lekarzy opieki nad oczami<\/h1>\t\t\t\t<\/div>\n\t\t\t\t<\/div>\n\t\t\t\t\t<\/div>\n\t\t<\/div>\n\t\t\t\t\t<\/div>\n\t\t<\/section>\n\t\t\t\t<section class=\"elementor-section elementor-top-section elementor-element elementor-element-e170167 elementor-section-boxed elementor-section-height-default elementor-section-height-default\" data-id=\"e170167\" data-element_type=\"section\" data-e-type=\"section\">\n\t\t\t\t\t\t<div class=\"elementor-container elementor-column-gap-default\">\n\t\t\t\t\t<div class=\"elementor-column elementor-col-100 elementor-top-column elementor-element elementor-element-66143e7\" data-id=\"66143e7\" data-element_type=\"column\" data-e-type=\"column\">\n\t\t\t<div class=\"elementor-widget-wrap elementor-element-populated\">\n\t\t\t\t\t\t<div class=\"elementor-element elementor-element-fcba84f elementor-widget elementor-widget-text-editor\" data-id=\"fcba84f\" data-element_type=\"widget\" data-e-type=\"widget\" data-widget_type=\"text-editor.default\">\n\t\t\t\t<div class=\"elementor-widget-container\">\n\t\t\t\t\t\t\t\t\t<p style=\"text-align: center;\">Myopia.care oferuje r\u00f3\u017cnorodne wsparcie dla lekarza opieki nad oczami obejmuj\u0105ce wszystkie aspekty zarz\u0105dzania kr\u00f3tkowzroczno\u015bci\u0105.<\/p>\n\t\t\t\t\t\t\t\t<\/div>\n\t\t\t\t<\/div>\n\t\t\t\t\t<\/div>\n\t\t<\/div>\n\t\t\t\t\t<\/div>\n\t\t<\/section>\n\t\t\t\t<section class=\"elementor-section elementor-top-section elementor-element elementor-element-0ae6f73 elementor-section-boxed elementor-section-height-default elementor-section-height-default\" data-id=\"0ae6f73\" data-element_type=\"section\" data-e-type=\"section\">\n\t\t\t\t\t\t<div class=\"elementor-container elementor-column-gap-default\">\n\t\t\t\t\t<div class=\"elementor-column elementor-col-100 elementor-top-column elementor-element elementor-element-8c8d8e4\" data-id=\"8c8d8e4\" data-element_type=\"column\" data-e-type=\"column\">\n\t\t\t<div class=\"elementor-widget-wrap elementor-element-populated\">\n\t\t\t\t\t\t<div class=\"elementor-element elementor-element-2facb15 elementor-widget elementor-widget-text-editor\" data-id=\"2facb15\" data-element_type=\"widget\" data-e-type=\"widget\" data-widget_type=\"text-editor.default\">\n\t\t\t\t<div class=\"elementor-widget-container\">\n\t\t\t\t\t\t\t\t\t<p style=\"text-align: center;\">Dla optymalnej komunikacji z rodzicami i dzie\u0107mi.<\/p>\n\t\t\t\t\t\t\t\t<\/div>\n\t\t\t\t<\/div>\n\t\t\t\t\t<\/div>\n\t\t<\/div>\n\t\t\t\t\t<\/div>\n\t\t<\/section>\n\t\t\t\t<section class=\"elementor-section elementor-top-section elementor-element elementor-element-6c63e19 elementor-section-boxed elementor-section-height-default elementor-section-height-default\" data-id=\"6c63e19\" data-element_type=\"section\" data-e-type=\"section\">\n\t\t\t\t\t\t<div class=\"elementor-container elementor-column-gap-default\">\n\t\t\t\t\t<div class=\"elementor-column elementor-col-50 elementor-top-column elementor-element elementor-element-e0a7854\" data-id=\"e0a7854\" data-element_type=\"column\" data-e-type=\"column\">\n\t\t\t<div class=\"elementor-widget-wrap elementor-element-populated\">\n\t\t\t\t\t\t<div class=\"elementor-element elementor-element-f9ae439 elementor-widget elementor-widget-text-editor\" data-id=\"f9ae439\" data-element_type=\"widget\" data-e-type=\"widget\" data-widget_type=\"text-editor.default\">\n\t\t\t\t<div class=\"elementor-widget-container\">\n\t\t\t\t\t\t\t\t\t<p style=\"text-align: center;\">Film o edukacji pacjent\u00f3w<\/p>\n\t\t\t\t\t\t\t\t<\/div>\n\t\t\t\t<\/div>\n\t\t\t\t<div class=\"elementor-element elementor-element-ed9bc88 elementor-widget elementor-widget-image\" data-id=\"ed9bc88\" data-element_type=\"widget\" data-e-type=\"widget\" data-widget_type=\"image.default\">\n\t\t\t\t<div class=\"elementor-widget-container\">\n\t\t\t\t\t\t\t\t\t\t\t\t\t\t\t\t<a href=\"https:\/\/myopiacare.com\/pl\/film-o-edukacji-pacjentow\/\">\n\t\t\t\t\t\t\t<img fetchpriority=\"high\" decoding=\"async\" width=\"1024\" height=\"574\" src=\"https:\/\/myopiacare.com\/wp-content\/uploads\/2020\/08\/Frontimage-PL-1024x574.png\" class=\"attachment-large size-large wp-image-2631\" alt=\"Frontimage PL\" srcset=\"https:\/\/myopiacare.com\/wp-content\/uploads\/2020\/08\/Frontimage-PL-1024x574.png 1024w, https:\/\/myopiacare.com\/wp-content\/uploads\/2020\/08\/Frontimage-PL-300x168.png 300w, https:\/\/myopiacare.com\/wp-content\/uploads\/2020\/08\/Frontimage-PL-768x430.png 768w, https:\/\/myopiacare.com\/wp-content\/uploads\/2020\/08\/Frontimage-PL-1536x861.png 1536w, https:\/\/myopiacare.com\/wp-content\/uploads\/2020\/08\/Frontimage-PL.png 1599w\" sizes=\"(max-width: 1024px) 100vw, 1024px\" \/>\t\t\t\t\t\t\t\t<\/a>\n\t\t\t\t\t\t\t\t\t\t\t\t\t\t\t<\/div>\n\t\t\t\t<\/div>\n\t\t\t\t\t<\/div>\n\t\t<\/div>\n\t\t\t\t<div class=\"elementor-column elementor-col-50 elementor-top-column elementor-element elementor-element-5243b7a\" data-id=\"5243b7a\" data-element_type=\"column\" data-e-type=\"column\">\n\t\t\t<div class=\"elementor-widget-wrap elementor-element-populated\">\n\t\t\t\t\t\t<div class=\"elementor-element elementor-element-0c55ef4 elementor-widget elementor-widget-text-editor\" data-id=\"0c55ef4\" data-element_type=\"widget\" data-e-type=\"widget\" data-widget_type=\"text-editor.default\">\n\t\t\t\t<div class=\"elementor-widget-container\">\n\t\t\t\t\t\t\t\t\t<p style=\"text-align: center;\">Kalkulatory kr\u00f3tkowzroczno\u015bci<\/p>\n\t\t\t\t\t\t\t\t<\/div>\n\t\t\t\t<\/div>\n\t\t\t\t<div class=\"elementor-element elementor-element-b404b7f elementor-widget elementor-widget-image\" data-id=\"b404b7f\" data-element_type=\"widget\" data-e-type=\"widget\" data-widget_type=\"image.default\">\n\t\t\t\t<div class=\"elementor-widget-container\">\n\t\t\t\t\t\t\t\t\t\t\t\t\t\t\t\t<a href=\"https:\/\/myopiacare.com\/pl\/myappia-i-myocalc\/\">\n\t\t\t\t\t\t\t<img decoding=\"async\" width=\"1024\" height=\"627\" src=\"https:\/\/myopiacare.com\/wp-content\/uploads\/2020\/08\/MyopiaCare-Pro-9-1024x627.png\" class=\"attachment-large size-large wp-image-1055\" alt=\"MyopiaCare Pro\" srcset=\"https:\/\/myopiacare.com\/wp-content\/uploads\/2020\/08\/MyopiaCare-Pro-9-1024x627.png 1024w, https:\/\/myopiacare.com\/wp-content\/uploads\/2020\/08\/MyopiaCare-Pro-9-300x184.png 300w, https:\/\/myopiacare.com\/wp-content\/uploads\/2020\/08\/MyopiaCare-Pro-9-768x470.png 768w, https:\/\/myopiacare.com\/wp-content\/uploads\/2020\/08\/MyopiaCare-Pro-9-600x367.png 600w, https:\/\/myopiacare.com\/wp-content\/uploads\/2020\/08\/MyopiaCare-Pro-9.png 1380w\" sizes=\"(max-width: 1024px) 100vw, 1024px\" \/>\t\t\t\t\t\t\t\t<\/a>\n\t\t\t\t\t\t\t\t\t\t\t\t\t\t\t<\/div>\n\t\t\t\t<\/div>\n\t\t\t\t\t<\/div>\n\t\t<\/div>\n\t\t\t\t\t<\/div>\n\t\t<\/section>\n\t\t\t\t<\/div>\n\t\t","protected":false},"excerpt":{"rendered":"<p>Wsparcie sprzeda\u017cy dla lekarzy opieki nad oczami Myopia.care oferuje r\u00f3\u017cnorodne wsparcie dla lekarza opieki nad oczami obejmuj\u0105ce wszystkie aspekty zarz\u0105dzania kr\u00f3tkowzroczno\u015bci\u0105. Dla optymalnej komunikacji z rodzicami i dzie\u0107mi. Film o edukacji pacjent\u00f3w Kalkulatory kr\u00f3tkowzroczno\u015bci<\/p>\n","protected":false},"author":2,"featured_media":0,"parent":0,"menu_order":0,"comment_status":"closed","ping_status":"closed","template":"","meta":{"site-sidebar-layout":"no-sidebar","site-content-layout":"page-builder","ast-site-content-layout":"default","site-content-style":"default","site-sidebar-style":"default","ast-global-header-display":"","ast-banner-title-visibility":"","ast-main-header-display":"","ast-hfb-above-header-display":"","ast-hfb-below-header-display":"","ast-hfb-mobile-header-display":"","site-post-title":"disabled","ast-breadcrumbs-content":"","ast-featured-img":"disabled","footer-sml-layout":"","ast-disable-related-posts":"","theme-transparent-header-meta":"default","adv-header-id-meta":"","stick-header-meta":"","header-above-stick-meta":"","header-main-stick-meta":"","header-below-stick-meta":"","astra-migrate-meta-layouts":"default","ast-page-background-enabled":"default","ast-page-background-meta":{"desktop":{"background-color":"","background-image":"","background-repeat":"repeat","background-position":"center center","background-size":"auto","background-attachment":"scroll","background-type":"","background-media":"","overlay-type":"","overlay-color":"","overlay-opacity":"","overlay-gradient":""},"tablet":{"background-color":"","background-image":"","background-repeat":"repeat","background-position":"center center","background-size":"auto","background-attachment":"scroll","background-type":"","background-media":"","overlay-type":"","overlay-color":"","overlay-opacity":"","overlay-gradient":""},"mobile":{"background-color":"","background-image":"","background-repeat":"repeat","background-position":"center center","background-size":"auto","background-attachment":"scroll","background-type":"","background-media":"","overlay-type":"","overlay-color":"","overlay-opacity":"","overlay-gradient":""}},"ast-content-background-meta":{"desktop":{"background-color":"var(--ast-global-color-5)","background-image":"","background-repeat":"repeat","background-position":"center center","background-size":"auto","background-attachment":"scroll","background-type":"","background-media":"","overlay-type":"","overlay-color":"","overlay-opacity":"","overlay-gradient":""},"tablet":{"background-color":"var(--ast-global-color-5)","background-image":"","background-repeat":"repeat","background-position":"center center","background-size":"auto","background-attachment":"scroll","background-type":"","background-media":"","overlay-type":"","overlay-color":"","overlay-opacity":"","overlay-gradient":""},"mobile":{"background-color":"var(--ast-global-color-5)","background-image":"","background-repeat":"repeat","background-position":"center center","background-size":"auto","background-attachment":"scroll","background-type":"","background-media":"","overlay-type":"","overlay-color":"","overlay-opacity":"","overlay-gradient":""}},"footnotes":""},"class_list":["post-2195","page","type-page","status-publish","hentry"],"_links":{"self":[{"href":"https:\/\/myopiacare.com\/pl\/wp-json\/wp\/v2\/pages\/2195","targetHints":{"allow":["GET"]}}],"collection":[{"href":"https:\/\/myopiacare.com\/pl\/wp-json\/wp\/v2\/pages"}],"about":[{"href":"https:\/\/myopiacare.com\/pl\/wp-json\/wp\/v2\/types\/page"}],"author":[{"embeddable":true,"href":"https:\/\/myopiacare.com\/pl\/wp-json\/wp\/v2\/users\/2"}],"replies":[{"embeddable":true,"href":"https:\/\/myopiacare.com\/pl\/wp-json\/wp\/v2\/comments?post=2195"}],"version-history":[{"count":6,"href":"https:\/\/myopiacare.com\/pl\/wp-json\/wp\/v2\/pages\/2195\/revisions"}],"predecessor-version":[{"id":2643,"href":"https:\/\/myopiacare.com\/pl\/wp-json\/wp\/v2\/pages\/2195\/revisions\/2643"}],"wp:attachment":[{"href":"https:\/\/myopiacare.com\/pl\/wp-json\/wp\/v2\/media?parent=2195"}],"curies":[{"name":"wp","href":"https:\/\/api.w.org\/{rel}","templated":true}]}}