{"id":2097,"date":"2020-05-24T15:01:35","date_gmt":"2020-05-24T15:01:35","guid":{"rendered":"https:\/\/myopiacare.com\/thanks\/"},"modified":"2020-08-28T13:48:08","modified_gmt":"2020-08-28T13:48:08","slug":"thanks","status":"publish","type":"page","link":"https:\/\/myopiacare.com\/pl\/thanks\/","title":{"rendered":"Dzi\u0119ki"},"content":{"rendered":"\t\t<div data-elementor-type=\"wp-page\" data-elementor-id=\"2097\" class=\"elementor elementor-2097 elementor-277\" data-elementor-post-type=\"page\">\n\t\t\t\t\t\t<section class=\"elementor-section elementor-top-section elementor-element elementor-element-325b3eaf elementor-section-height-min-height elementor-section-boxed elementor-section-height-default elementor-section-items-middle\" data-id=\"325b3eaf\" data-element_type=\"section\" data-e-type=\"section\" data-settings=\"{&quot;background_background&quot;:&quot;classic&quot;,&quot;background_motion_fx_motion_fx_scrolling&quot;:&quot;yes&quot;,&quot;background_motion_fx_translateY_effect&quot;:&quot;yes&quot;,&quot;background_motion_fx_translateY_direction&quot;:&quot;negative&quot;,&quot;background_motion_fx_translateY_speed&quot;:{&quot;unit&quot;:&quot;px&quot;,&quot;size&quot;:5,&quot;sizes&quot;:[]},&quot;background_motion_fx_translateY_affectedRange&quot;:{&quot;unit&quot;:&quot;%&quot;,&quot;size&quot;:&quot;&quot;,&quot;sizes&quot;:{&quot;start&quot;:0,&quot;end&quot;:100}},&quot;background_motion_fx_devices&quot;:[&quot;desktop&quot;,&quot;tablet&quot;,&quot;mobile&quot;]}\">\n\t\t\t\t\t\t<div class=\"elementor-container elementor-column-gap-default\">\n\t\t\t\t\t<div class=\"elementor-column elementor-col-100 elementor-top-column elementor-element elementor-element-7e8f5a99\" data-id=\"7e8f5a99\" data-element_type=\"column\" data-e-type=\"column\">\n\t\t\t<div class=\"elementor-widget-wrap elementor-element-populated\">\n\t\t\t\t\t\t<div class=\"elementor-element elementor-element-6a228b55 elementor-widget elementor-widget-heading\" data-id=\"6a228b55\" data-element_type=\"widget\" data-e-type=\"widget\" data-widget_type=\"heading.default\">\n\t\t\t\t<div class=\"elementor-widget-container\">\n\t\t\t\t\t<h2 class=\"elementor-heading-title elementor-size-default\">Po prostu dzi\u0119kuj\u0119.<\/h2>\t\t\t\t<\/div>\n\t\t\t\t<\/div>\n\t\t\t\t<div class=\"elementor-element elementor-element-298781b7 elementor-widget elementor-widget-text-editor\" data-id=\"298781b7\" data-element_type=\"widget\" data-e-type=\"widget\" data-widget_type=\"text-editor.default\">\n\t\t\t\t<div class=\"elementor-widget-container\">\n\t\t\t\t\t\t\t\t\t<p>za wsparcie i pomoc w tym projekcie.<\/p>\n\t\t\t\t\t\t\t\t<\/div>\n\t\t\t\t<\/div>\n\t\t\t\t\t<\/div>\n\t\t<\/div>\n\t\t\t\t\t<\/div>\n\t\t<\/section>\n\t\t\t\t<section class=\"elementor-section elementor-top-section elementor-element elementor-element-5db11ea1 elementor-section-boxed elementor-section-height-default elementor-section-height-default\" data-id=\"5db11ea1\" data-element_type=\"section\" data-e-type=\"section\">\n\t\t\t\t\t\t<div class=\"elementor-container elementor-column-gap-default\">\n\t\t\t\t\t<div class=\"elementor-column elementor-col-100 elementor-top-column elementor-element elementor-element-50229da2\" data-id=\"50229da2\" data-element_type=\"column\" data-e-type=\"column\">\n\t\t\t<div class=\"elementor-widget-wrap elementor-element-populated\">\n\t\t\t\t\t\t<div class=\"elementor-element elementor-element-4c306ecf elementor-widget elementor-widget-heading\" data-id=\"4c306ecf\" data-element_type=\"widget\" data-e-type=\"widget\" data-widget_type=\"heading.default\">\n\t\t\t\t<div class=\"elementor-widget-container\">\n\t\t\t\t\t<h2 class=\"elementor-heading-title elementor-size-default\">Jeste\u015bmy dumni z naszej pracy.<\/h2>\t\t\t\t<\/div>\n\t\t\t\t<\/div>\n\t\t\t\t<div class=\"elementor-element elementor-element-6ddb9146 elementor-widget elementor-widget-heading\" data-id=\"6ddb9146\" data-element_type=\"widget\" data-e-type=\"widget\" data-widget_type=\"heading.default\">\n\t\t\t\t<div class=\"elementor-widget-container\">\n\t\t\t\t\t<h4 class=\"elementor-heading-title elementor-size-default\">  \"OGRANICZENIE ROZWOJU KR\u00d3TKOWZROCZNO\u015aCI\"<\/h4>\t\t\t\t<\/div>\n\t\t\t\t<\/div>\n\t\t\t\t<div class=\"elementor-element elementor-element-ac95a0 elementor-widget elementor-widget-text-editor\" data-id=\"ac95a0\" data-element_type=\"widget\" data-e-type=\"widget\" data-widget_type=\"text-editor.default\">\n\t\t\t\t<div class=\"elementor-widget-container\">\n\t\t\t\t\t\t\t\t\t<p>Du\u017cy projekt taki jak ten nie mo\u017ce by\u0107 zrealizowany, je\u015bli partnerzy, przyjaciele i rodzina nie pomagaj\u0105 i nie wspieraj\u0105 nas tak, jak oni.<br \/>\nW ten spos\u00f3b chcieliby\u015bmy podzi\u0119kowa\u0107 wszystkim, kt\u00f3rzy pomagaj\u0105 nam rozwin\u0105\u0107 &#8222;opiek\u0119 nad kr\u00f3tkowzroczno\u015bci\u0105&#8221; jako platform\u0119 do kontroli kr\u00f3tkowzroczno\u015bci.<br \/>\nOczywi\u015bcie pierwsz\u0105 rzecz\u0105, aby podzi\u0119kowa\u0107 naszym rodzinom. Wspierali nas w naszym \u017cyciu w najlepszym wydaniu, cierpliwo\u015bci i oddali nam wiele godzin rozwoju! Dzi\u0119kuj\u0119!<\/p>\n\t\t\t\t\t\t\t\t<\/div>\n\t\t\t\t<\/div>\n\t\t\t\t<div class=\"elementor-element elementor-element-288f7ab4 elementor-widget elementor-widget-text-editor\" data-id=\"288f7ab4\" data-element_type=\"widget\" data-e-type=\"widget\" data-widget_type=\"text-editor.default\">\n\t\t\t\t<div class=\"elementor-widget-container\">\n\t\t\t\t\t\t\t\t\t<p><strong>Serdecznie dzi\u0119kujemy za wsparcie:<\/strong><\/p>\n\t\t\t\t\t\t\t\t<\/div>\n\t\t\t\t<\/div>\n\t\t\t\t<div class=\"elementor-element elementor-element-585b677a elementor-widget elementor-widget-text-editor\" data-id=\"585b677a\" data-element_type=\"widget\" data-e-type=\"widget\" data-widget_type=\"text-editor.default\">\n\t\t\t\t<div class=\"elementor-widget-container\">\n\t\t\t\t\t\t\t\t\t<ul>\n<li><a href=\"https:\/\/www.tsiounis.com\/\" target=\"_blank\" rel=\"noopener\">Andreas Tsiounis<\/a> i rodzina<\/li>\n<li>Thibaud Poirier<\/li>\n<li>Racodon Flore<\/li>\n<li><a href=\"http:\/\/optometrieonline.de\/\" target=\"_blank\" rel=\"noopener\">Andreas Polzer<\/a><\/li>\n<li>Jo Mackenzie<\/li>\n<li>Isabel Cobos<\/li>\n<li><a href=\"http:\/\/www.optilens.ch\/de\/\" target=\"_blank\" rel=\"noopener noreferrer\">Raymond E. W\u00e4lti<\/a><\/li>\n<li>Sebastian Mircea<\/li>\n<li><a href=\"http:\/\/www.toolbox.ch\/\" target=\"_blank\" rel=\"noopener\">Claudia i Ross Grant<\/a><\/li>\n<li><a href=\"http:\/\/www.camarillooptometryvsp.com\/\" target=\"_blank\" rel=\"noopener\">Richard L. Anderson<\/a><\/li>\n<li><a href=\"http:\/\/www.eyeness.ch\/\" target=\"_blank\" rel=\"noopener\">Micha\u0142 Wyss<\/a><\/li>\n<li><a href=\"http:\/\/pro-sehen.de\/\" target=\"_blank\" rel=\"noopener\">Danny K\u00f6hler<\/a><\/li>\n<li><a href=\"http:\/\/www.interoptik.no\/\" target=\"_blank\" rel=\"noopener noreferrer\">Erik Robertstad<\/a><\/li>\n<li><a href=\"http:\/\/hkos.hk\/\" target=\"_blank\" rel=\"noopener noreferrer\">Tony Chung<\/a><\/li>\n<li><a href=\"http:\/\/www.morimoto.co.uk\/\" target=\"_blank\" rel=\"noopener noreferrer\">Keiko Morimoto (Ilustracje)<\/a><\/li>\n<\/ul>\n\t\t\t\t\t\t\t\t<\/div>\n\t\t\t\t<\/div>\n\t\t\t\t<div class=\"elementor-element elementor-element-4664b8a5 elementor-widget elementor-widget-text-editor\" data-id=\"4664b8a5\" data-element_type=\"widget\" data-e-type=\"widget\" data-widget_type=\"text-editor.default\">\n\t\t\t\t<div class=\"elementor-widget-container\">\n\t\t\t\t\t\t\t\t\t<p>I wiele innych&#8230;<\/p>\n\t\t\t\t\t\t\t\t<\/div>\n\t\t\t\t<\/div>\n\t\t\t\t\t<\/div>\n\t\t<\/div>\n\t\t\t\t\t<\/div>\n\t\t<\/section>\n\t\t\t\t<\/div>\n\t\t","protected":false},"excerpt":{"rendered":"<p>Po prostu dzi\u0119kuj\u0119. za wsparcie i pomoc w tym projekcie. Jeste\u015bmy dumni z naszej pracy. &#8222;OGRANICZENIE ROZWOJU KR\u00d3TKOWZROCZNO\u015aCI&#8221; Du\u017cy projekt taki jak ten nie mo\u017ce by\u0107 zrealizowany, je\u015bli partnerzy, przyjaciele i rodzina nie pomagaj\u0105 i nie wspieraj\u0105 nas tak, jak oni. W ten spos\u00f3b chcieliby\u015bmy podzi\u0119kowa\u0107 wszystkim, kt\u00f3rzy pomagaj\u0105 nam rozwin\u0105\u0107 &#8222;opiek\u0119 nad kr\u00f3tkowzroczno\u015bci\u0105&#8221; jako [&hellip;]<\/p>\n","protected":false},"author":2,"featured_media":0,"parent":0,"menu_order":0,"comment_status":"closed","ping_status":"closed","template":"","meta":{"site-sidebar-layout":"no-sidebar","site-content-layout":"page-builder","ast-site-content-layout":"default","site-content-style":"default","site-sidebar-style":"default","ast-global-header-display":"","ast-banner-title-visibility":"","ast-main-header-display":"","ast-hfb-above-header-display":"","ast-hfb-below-header-display":"","ast-hfb-mobile-header-display":"","site-post-title":"disabled","ast-breadcrumbs-content":"","ast-featured-img":"disabled","footer-sml-layout":"","ast-disable-related-posts":"","theme-transparent-header-meta":"default","adv-header-id-meta":"","stick-header-meta":"","header-above-stick-meta":"","header-main-stick-meta":"","header-below-stick-meta":"","astra-migrate-meta-layouts":"default","ast-page-background-enabled":"default","ast-page-background-meta":{"desktop":{"background-color":"","background-image":"","background-repeat":"repeat","background-position":"center center","background-size":"auto","background-attachment":"scroll","background-type":"","background-media":"","overlay-type":"","overlay-color":"","overlay-opacity":"","overlay-gradient":""},"tablet":{"background-color":"","background-image":"","background-repeat":"repeat","background-position":"center center","background-size":"auto","background-attachment":"scroll","background-type":"","background-media":"","overlay-type":"","overlay-color":"","overlay-opacity":"","overlay-gradient":""},"mobile":{"background-color":"","background-image":"","background-repeat":"repeat","background-position":"center center","background-size":"auto","background-attachment":"scroll","background-type":"","background-media":"","overlay-type":"","overlay-color":"","overlay-opacity":"","overlay-gradient":""}},"ast-content-background-meta":{"desktop":{"background-color":"var(--ast-global-color-5)","background-image":"","background-repeat":"repeat","background-position":"center center","background-size":"auto","background-attachment":"scroll","background-type":"","background-media":"","overlay-type":"","overlay-color":"","overlay-opacity":"","overlay-gradient":""},"tablet":{"background-color":"var(--ast-global-color-5)","background-image":"","background-repeat":"repeat","background-position":"center center","background-size":"auto","background-attachment":"scroll","background-type":"","background-media":"","overlay-type":"","overlay-color":"","overlay-opacity":"","overlay-gradient":""},"mobile":{"background-color":"var(--ast-global-color-5)","background-image":"","background-repeat":"repeat","background-position":"center center","background-size":"auto","background-attachment":"scroll","background-type":"","background-media":"","overlay-type":"","overlay-color":"","overlay-opacity":"","overlay-gradient":""}},"footnotes":""},"class_list":["post-2097","page","type-page","status-publish","hentry"],"_links":{"self":[{"href":"https:\/\/myopiacare.com\/pl\/wp-json\/wp\/v2\/pages\/2097","targetHints":{"allow":["GET"]}}],"collection":[{"href":"https:\/\/myopiacare.com\/pl\/wp-json\/wp\/v2\/pages"}],"about":[{"href":"https:\/\/myopiacare.com\/pl\/wp-json\/wp\/v2\/types\/page"}],"author":[{"embeddable":true,"href":"https:\/\/myopiacare.com\/pl\/wp-json\/wp\/v2\/users\/2"}],"replies":[{"embeddable":true,"href":"https:\/\/myopiacare.com\/pl\/wp-json\/wp\/v2\/comments?post=2097"}],"version-history":[{"count":4,"href":"https:\/\/myopiacare.com\/pl\/wp-json\/wp\/v2\/pages\/2097\/revisions"}],"predecessor-version":[{"id":2127,"href":"https:\/\/myopiacare.com\/pl\/wp-json\/wp\/v2\/pages\/2097\/revisions\/2127"}],"wp:attachment":[{"href":"https:\/\/myopiacare.com\/pl\/wp-json\/wp\/v2\/media?parent=2097"}],"curies":[{"name":"wp","href":"https:\/\/api.w.org\/{rel}","templated":true}]}}