{"id":1710,"date":"2020-08-25T09:26:41","date_gmt":"2020-08-25T09:26:41","guid":{"rendered":"https:\/\/myopiacare.com\/zrzeczenie-sie\/"},"modified":"2020-08-25T09:26:42","modified_gmt":"2020-08-25T09:26:42","slug":"zrzeczenie-sie","status":"publish","type":"page","link":"https:\/\/myopiacare.com\/pl\/zrzeczenie-sie\/","title":{"rendered":"Zrzeczenie si\u0119"},"content":{"rendered":"\t\t<div data-elementor-type=\"wp-page\" data-elementor-id=\"1710\" class=\"elementor elementor-1710 elementor-261\" data-elementor-post-type=\"page\">\n\t\t\t\t\t\t<section class=\"elementor-section elementor-top-section elementor-element elementor-element-969db27 elementor-section-boxed elementor-section-height-default elementor-section-height-default\" data-id=\"969db27\" data-element_type=\"section\" data-e-type=\"section\">\n\t\t\t\t\t\t<div class=\"elementor-container elementor-column-gap-default\">\n\t\t\t\t\t<div class=\"elementor-column elementor-col-100 elementor-top-column elementor-element elementor-element-6dc452c2\" data-id=\"6dc452c2\" data-element_type=\"column\" data-e-type=\"column\">\n\t\t\t<div class=\"elementor-widget-wrap elementor-element-populated\">\n\t\t\t\t\t\t<div class=\"elementor-element elementor-element-3d68f2db elementor-widget elementor-widget-heading\" data-id=\"3d68f2db\" data-element_type=\"widget\" data-e-type=\"widget\" data-widget_type=\"heading.default\">\n\t\t\t\t<div class=\"elementor-widget-container\">\n\t\t\t\t\t<h2 class=\"elementor-heading-title elementor-size-default\">Zrzeczenie si\u0119<\/h2>\t\t\t\t<\/div>\n\t\t\t\t<\/div>\n\t\t\t\t<div class=\"elementor-element elementor-element-5ebc9bb6 elementor-widget elementor-widget-text-editor\" data-id=\"5ebc9bb6\" data-element_type=\"widget\" data-e-type=\"widget\" data-widget_type=\"text-editor.default\">\n\t\t\t\t<div class=\"elementor-widget-container\">\n\t\t\t\t\t\t\t\t\t<p>Jest to j\u0119zyk s\u0142owniki elektroniczne. Dla oryginalnego please ANGIELSKIM<\/p>\n<h4>Disclaimer medyczne<\/h4>\n<p><strong>1. \u017badne porady<\/strong><br \/>\n1.1 Opieka kr\u00f3tkowzroczno\u015bci i Myopia.care to portal informacyjny dla kr\u00f3tkowzroczno\u015bci Control.<br \/>\n<strong>2. optyczne i Informacji Medycznej<\/strong><br \/>\n2.1 Nasza strona internetowa zawiera optyczny oraz og\u00f3lnych informacji medycznej.<br \/>\n2.2 Informacja medyczna nie ma rady i nie powinny by\u0107 traktowane jako takie.<br \/>\n<strong>3. Brak gwarancji<\/strong><br \/>\n3.1 Informacje medyczne na naszej stronie s\u0105 dostarczane bez \u017cadnych zabezpiecze\u0144 lub gwarancji, wyra\u017anych lub dorozumianych.<br \/>\n3.2 Nie ograniczaj\u0105c zakres pkt 3.1, nie gwarantuje ani nie o\u015bwiadcza, \u017ce informacje medyczne na tej stronie:<br \/>\n(A) s\u0105 ci\u0105gle dost\u0119pne lub dost\u0119pne w og\u00f3le lub<br \/>\n(B) jest prawdziwe, dok\u0142adne, kompletne, aktualne i nie wprowadzaj\u0105ce w b\u0142\u0105d.<br \/>\n<strong>4. Pomoc medyczna<\/strong><br \/>\n4.1 U\u017cytkownik nie musi polega\u0107 na informacjach na naszej stronie jako alternatywy dla porady lekarskiej przez lekarza lub innego pracownika \u015bwiadczeniodawcy.<br \/>\n4.2 Je\u015bli masz jakie\u015b konkretne pytania dotycz\u0105ce wszelkich kwestii medycznych, nale\u017cy skonsultowa\u0107 si\u0119 z lekarzem lub innym profesjonalnym lekarzem.<br \/>\n4.3 Je\u015bli uwa\u017casz, \u017ce by\u0107 mo\u017ce cierpi na dolegliwo\u015b\u0107, nale\u017cy natychmiast szuka\u0107 pomocy medycznej.<br \/>\n4.4 Nigdy nie nale\u017cy op\u00f3\u017ania\u0107 zasi\u0119gni\u0119cia porady lekarskiej, lekcewa\u017cy\u0107 porady lekarza lub przerwa\u0107 leczenie z powodu informacji na naszej stronie internetowej.<br \/>\n<strong>5. Funkcje interaktywne<\/strong><br \/>\n5.1 Nasza strona internetowa zawiera interaktywne funkcje, kt\u00f3re pozwalaj\u0105 u\u017cytkownikom komunikowa\u0107 si\u0119 z nami.<br \/>\n5.2 U\u017cytkownik przyjmuje do wiadomo\u015bci, \u017ce ze wzgl\u0119du na ograniczony charakter komunikacji za po\u015brednictwem interaktywnych funkcji naszej witryny, ka\u017cdy Pomoc mo\u017ce pojawi\u0107 si\u0119 za pomoc\u0105 jednej z tych funkcji mo\u017ce by\u0107 niepe\u0142ne, a nawet mog\u0105 by\u0107 myl\u0105ce.<br \/>\n5.3 Ka\u017cda pomoc mo\u017cesz otrzyma\u0107 za pomoc\u0105 interaktywnych funkcji \u017cadnego naszej stronie jest nie stanowi\u0105 konkretne porady, a zatem nie powinny by\u0107 powo\u0142ywane bez dalszego niezale\u017cnego potwierdzenia.<\/p>\n<h4>Og\u00f3lne Warunki u\u017cytkowania<\/h4>\n<p><strong>Odpowiedzialno\u015b\u0107 za tre\u015bci<\/strong><\/p>\n<p>Zawarto\u015b\u0107 naszych stron zosta\u0142y stworzone z najwy\u017csz\u0105 staranno\u015bci\u0105. Jednak nie mo\u017cemy zagwarantowa\u0107, zawarto\u015b\u0107 \u201edok\u0142adno\u015b\u0107, kompletno\u015b\u0107 i aktualno\u015b\u0107. Zgodnie z przepisami ustawowymi, ponadto jeste\u015bmy odpowiedzialni za w\u0142asne tre\u015bci na tych stronach internetowych. W tym kontek\u015bcie nale\u017cy pami\u0119ta\u0107, \u017ce nie jeste\u015bmy odpowiednio obowi\u0105zek monitorowa\u0107 jedynie transmitowanego lub zapisane informacje osobom trzecim, lub zbadania okoliczno\u015bci wskazuj\u0105ce na nielegaln\u0105 dzia\u0142alno\u015b\u0107. Nasze zobowi\u0105zania do usuni\u0119cia lub zablokowania korzystania z informacji na podstawie powszechnie obowi\u0105zuj\u0105cych przepis\u00f3w prawa pozostaj\u0105 nienaruszone zgodnie z \u00a7\u00a7 8 do 10 ustawy Telemedia (TMG).<\/p>\n<p><strong>Odpowiedzialno\u015b\u0107 za linki<\/strong><\/p>\n<p>Odpowiedzialno\u015b\u0107 za zawarto\u015b\u0107 zewn\u0119trznych link\u00f3w (do stron internetowych os\u00f3b trzecich) spoczywa wy\u0142\u0105cznie z operatorami tych stron. Nie by\u0142y widoczne naruszenie nam w czasie \u0142\u0105czenia. Gdyby ka\u017cde naruszenie prawne sta\u0142y si\u0119 znane do nas, my natychmiast usun\u0105\u0107 odpowiednie \u0142\u0105cze.<\/p>\n<p><strong>Prawo autorskie<\/strong><\/p>\n<p>Nasze strony internetowe oraz ich tre\u015bci podlegaj\u0105 szwajcarskiego prawa autorskiego. O ile nie jest to wyra\u017anie dozwolone przez prawo (\u00a7 44a i nast. Ustawy o prawach autorskich), wszelkie formy wykorzystywania, powielania lub przetwarzanie dzia\u0142a podlega ochronie prawa autorskiego na naszych stronach internetowych wymaga uprzedniej zgody odpowiedniego w\u0142a\u015bciciela praw. Poszczeg\u00f3lne reprodukcje prac s\u0105 dozwolone tylko do u\u017cytku prywatnego, wi\u0119c nie musi s\u0142u\u017cy\u0107 bezpo\u015brednio lub po\u015brednio zysku. Nieuprawnione wykorzystanie utwor\u00f3w chronionych prawem autorskim jest karalne (\u00a7 106 prawa autorskiego).<\/p>\n\t\t\t\t\t\t\t\t<\/div>\n\t\t\t\t<\/div>\n\t\t\t\t\t<\/div>\n\t\t<\/div>\n\t\t\t\t\t<\/div>\n\t\t<\/section>\n\t\t\t\t<\/div>\n\t\t","protected":false},"excerpt":{"rendered":"<p>Zrzeczenie si\u0119 Jest to j\u0119zyk s\u0142owniki elektroniczne. Dla oryginalnego please ANGIELSKIM Disclaimer medyczne 1. \u017badne porady 1.1 Opieka kr\u00f3tkowzroczno\u015bci i Myopia.care to portal informacyjny dla kr\u00f3tkowzroczno\u015bci Control. 2. optyczne i Informacji Medycznej 2.1 Nasza strona internetowa zawiera optyczny oraz og\u00f3lnych informacji medycznej. 2.2 Informacja medyczna nie ma rady i nie powinny by\u0107 traktowane jako takie. [&hellip;]<\/p>\n","protected":false},"author":2,"featured_media":0,"parent":0,"menu_order":0,"comment_status":"closed","ping_status":"closed","template":"","meta":{"site-sidebar-layout":"no-sidebar","site-content-layout":"page-builder","ast-site-content-layout":"default","site-content-style":"default","site-sidebar-style":"default","ast-global-header-display":"","ast-banner-title-visibility":"","ast-main-header-display":"","ast-hfb-above-header-display":"","ast-hfb-below-header-display":"","ast-hfb-mobile-header-display":"","site-post-title":"disabled","ast-breadcrumbs-content":"","ast-featured-img":"disabled","footer-sml-layout":"","ast-disable-related-posts":"","theme-transparent-header-meta":"default","adv-header-id-meta":"","stick-header-meta":"","header-above-stick-meta":"","header-main-stick-meta":"","header-below-stick-meta":"","astra-migrate-meta-layouts":"default","ast-page-background-enabled":"default","ast-page-background-meta":{"desktop":{"background-color":"","background-image":"","background-repeat":"repeat","background-position":"center center","background-size":"auto","background-attachment":"scroll","background-type":"","background-media":"","overlay-type":"","overlay-color":"","overlay-opacity":"","overlay-gradient":""},"tablet":{"background-color":"","background-image":"","background-repeat":"repeat","background-position":"center center","background-size":"auto","background-attachment":"scroll","background-type":"","background-media":"","overlay-type":"","overlay-color":"","overlay-opacity":"","overlay-gradient":""},"mobile":{"background-color":"","background-image":"","background-repeat":"repeat","background-position":"center center","background-size":"auto","background-attachment":"scroll","background-type":"","background-media":"","overlay-type":"","overlay-color":"","overlay-opacity":"","overlay-gradient":""}},"ast-content-background-meta":{"desktop":{"background-color":"var(--ast-global-color-5)","background-image":"","background-repeat":"repeat","background-position":"center center","background-size":"auto","background-attachment":"scroll","background-type":"","background-media":"","overlay-type":"","overlay-color":"","overlay-opacity":"","overlay-gradient":""},"tablet":{"background-color":"var(--ast-global-color-5)","background-image":"","background-repeat":"repeat","background-position":"center center","background-size":"auto","background-attachment":"scroll","background-type":"","background-media":"","overlay-type":"","overlay-color":"","overlay-opacity":"","overlay-gradient":""},"mobile":{"background-color":"var(--ast-global-color-5)","background-image":"","background-repeat":"repeat","background-position":"center center","background-size":"auto","background-attachment":"scroll","background-type":"","background-media":"","overlay-type":"","overlay-color":"","overlay-opacity":"","overlay-gradient":""}},"footnotes":""},"class_list":["post-1710","page","type-page","status-publish","hentry"],"_links":{"self":[{"href":"https:\/\/myopiacare.com\/pl\/wp-json\/wp\/v2\/pages\/1710","targetHints":{"allow":["GET"]}}],"collection":[{"href":"https:\/\/myopiacare.com\/pl\/wp-json\/wp\/v2\/pages"}],"about":[{"href":"https:\/\/myopiacare.com\/pl\/wp-json\/wp\/v2\/types\/page"}],"author":[{"embeddable":true,"href":"https:\/\/myopiacare.com\/pl\/wp-json\/wp\/v2\/users\/2"}],"replies":[{"embeddable":true,"href":"https:\/\/myopiacare.com\/pl\/wp-json\/wp\/v2\/comments?post=1710"}],"version-history":[{"count":1,"href":"https:\/\/myopiacare.com\/pl\/wp-json\/wp\/v2\/pages\/1710\/revisions"}],"predecessor-version":[{"id":1711,"href":"https:\/\/myopiacare.com\/pl\/wp-json\/wp\/v2\/pages\/1710\/revisions\/1711"}],"wp:attachment":[{"href":"https:\/\/myopiacare.com\/pl\/wp-json\/wp\/v2\/media?parent=1710"}],"curies":[{"name":"wp","href":"https:\/\/api.w.org\/{rel}","templated":true}]}}