{"id":1680,"date":"2020-08-25T08:48:46","date_gmt":"2020-08-25T08:48:46","guid":{"rendered":"https:\/\/myopiacare.com\/impressum\/"},"modified":"2022-12-18T12:12:58","modified_gmt":"2022-12-18T12:12:58","slug":"impressum","status":"publish","type":"page","link":"https:\/\/myopiacare.com\/pl\/impressum\/","title":{"rendered":"Impressum"},"content":{"rendered":"\t\t<div data-elementor-type=\"wp-page\" data-elementor-id=\"1680\" class=\"elementor elementor-1680 elementor-254\" data-elementor-post-type=\"page\">\n\t\t\t\t\t\t<section class=\"elementor-section elementor-top-section elementor-element elementor-element-517d0868 elementor-section-boxed elementor-section-height-default elementor-section-height-default\" data-id=\"517d0868\" data-element_type=\"section\" data-e-type=\"section\">\n\t\t\t\t\t\t<div class=\"elementor-container elementor-column-gap-default\">\n\t\t\t\t\t<div class=\"elementor-column elementor-col-100 elementor-top-column elementor-element elementor-element-58dc16f8\" data-id=\"58dc16f8\" data-element_type=\"column\" data-e-type=\"column\">\n\t\t\t<div class=\"elementor-widget-wrap elementor-element-populated\">\n\t\t\t\t\t\t<div class=\"elementor-element elementor-element-2d5e708d elementor-widget elementor-widget-heading\" data-id=\"2d5e708d\" data-element_type=\"widget\" data-e-type=\"widget\" data-widget_type=\"heading.default\">\n\t\t\t\t<div class=\"elementor-widget-container\">\n\t\t\t\t\t<h2 class=\"elementor-heading-title elementor-size-default\">Ujawnienie prawna<\/h2>\t\t\t\t<\/div>\n\t\t\t\t<\/div>\n\t\t\t\t<div class=\"elementor-element elementor-element-781b2c62 elementor-widget elementor-widget-text-editor\" data-id=\"781b2c62\" data-element_type=\"widget\" data-e-type=\"widget\" data-widget_type=\"text-editor.default\">\n\t\t\t\t<div class=\"elementor-widget-container\">\n\t\t\t\t\t\t\t\t\t<p><strong>Jest to j\u0119zyk s\u0142owniki elektroniczne. Dla oryginalnego please ANGIELSKIM<\/strong><\/p>\n<h2>Ujawnienie prawna<\/h2>\n<p><strong><em>Eyetific Sarl<\/em><\/strong><\/p>\n<p>Rue du Lac 32B<br>CH-1020 Renens<br>Switzerland<\/p>\n<h4>Administered by<\/h4>\n<p>Sigrid Blaser<\/p>\n<h4><span style=\"color: var(--ast-global-color-2); font-size: 1.52941rem; font-weight: 400;\">Contact:<\/span><br><\/h4>\n<p><span style=\"font-size: 17px; color: var( --e-global-color-text ); font-family: var( --e-global-typography-text-font-family ), Comfortaa;\">Email: info at eyetific dot com<\/span><br><\/p>\n<h4>Organ reguluj\u0105cy<\/h4>\n<p>Eidgen\u00f6ssischer Datenschutz- und \u00d6ffentlichkeitsbeauftragter (ED\u00d6B)<\/p>\n<p>Numer rejestru 2016 00039<\/p>\n<h4>Zawody regulowane \/ Niezale\u017cne Zawody<\/h4>\n<p>Tytu\u0142 pracy (zawody regulowane): Eyespecialists<\/p>\n<h4>Wskazanie \u017ar\u00f3d\u0142a obraz\u00f3w i grafik<\/h4>\n<p>https:\/\/unsplash.com\/<br>https:\/\/pixabay.com\/<br>https:\/\/fotolia.com\/<\/p>\n<p>www.wikipedia.de<\/p>\n<p>www.allaboutvision.com<\/p>\n<h6><strong>je\u015bli obraz lub grafika nie jest prawnie u\u017cywany, prosimy o kontakt. B\u0119dziemy go rozwi\u0105za\u0107 jak najszybciej.<\/strong><\/h6>\t\t\t\t\t\t\t\t<\/div>\n\t\t\t\t<\/div>\n\t\t\t\t\t<\/div>\n\t\t<\/div>\n\t\t\t\t\t<\/div>\n\t\t<\/section>\n\t\t\t\t<\/div>\n\t\t","protected":false},"excerpt":{"rendered":"<p>Ujawnienie prawna Jest to j\u0119zyk s\u0142owniki elektroniczne. Dla oryginalnego please ANGIELSKIM Ujawnienie prawna Eyetific Sarl Rue du Lac 32BCH-1020 RenensSwitzerland Administered by Sigrid Blaser Contact: Email: info at eyetific dot com Organ reguluj\u0105cy Eidgen\u00f6ssischer Datenschutz- und \u00d6ffentlichkeitsbeauftragter (ED\u00d6B) Numer rejestru 2016 00039 Zawody regulowane \/ Niezale\u017cne Zawody Tytu\u0142 pracy (zawody regulowane): Eyespecialists Wskazanie \u017ar\u00f3d\u0142a obraz\u00f3w [&hellip;]<\/p>\n","protected":false},"author":2,"featured_media":0,"parent":0,"menu_order":0,"comment_status":"closed","ping_status":"closed","template":"","meta":{"site-sidebar-layout":"no-sidebar","site-content-layout":"page-builder","ast-site-content-layout":"default","site-content-style":"default","site-sidebar-style":"default","ast-global-header-display":"","ast-banner-title-visibility":"","ast-main-header-display":"","ast-hfb-above-header-display":"","ast-hfb-below-header-display":"","ast-hfb-mobile-header-display":"","site-post-title":"disabled","ast-breadcrumbs-content":"","ast-featured-img":"disabled","footer-sml-layout":"","ast-disable-related-posts":"","theme-transparent-header-meta":"default","adv-header-id-meta":"","stick-header-meta":"","header-above-stick-meta":"","header-main-stick-meta":"","header-below-stick-meta":"","astra-migrate-meta-layouts":"default","ast-page-background-enabled":"default","ast-page-background-meta":{"desktop":{"background-color":"","background-image":"","background-repeat":"repeat","background-position":"center center","background-size":"auto","background-attachment":"scroll","background-type":"","background-media":"","overlay-type":"","overlay-color":"","overlay-opacity":"","overlay-gradient":""},"tablet":{"background-color":"","background-image":"","background-repeat":"repeat","background-position":"center center","background-size":"auto","background-attachment":"scroll","background-type":"","background-media":"","overlay-type":"","overlay-color":"","overlay-opacity":"","overlay-gradient":""},"mobile":{"background-color":"","background-image":"","background-repeat":"repeat","background-position":"center center","background-size":"auto","background-attachment":"scroll","background-type":"","background-media":"","overlay-type":"","overlay-color":"","overlay-opacity":"","overlay-gradient":""}},"ast-content-background-meta":{"desktop":{"background-color":"var(--ast-global-color-5)","background-image":"","background-repeat":"repeat","background-position":"center center","background-size":"auto","background-attachment":"scroll","background-type":"","background-media":"","overlay-type":"","overlay-color":"","overlay-opacity":"","overlay-gradient":""},"tablet":{"background-color":"var(--ast-global-color-5)","background-image":"","background-repeat":"repeat","background-position":"center center","background-size":"auto","background-attachment":"scroll","background-type":"","background-media":"","overlay-type":"","overlay-color":"","overlay-opacity":"","overlay-gradient":""},"mobile":{"background-color":"var(--ast-global-color-5)","background-image":"","background-repeat":"repeat","background-position":"center center","background-size":"auto","background-attachment":"scroll","background-type":"","background-media":"","overlay-type":"","overlay-color":"","overlay-opacity":"","overlay-gradient":""}},"footnotes":""},"class_list":["post-1680","page","type-page","status-publish","hentry"],"_links":{"self":[{"href":"https:\/\/myopiacare.com\/pl\/wp-json\/wp\/v2\/pages\/1680","targetHints":{"allow":["GET"]}}],"collection":[{"href":"https:\/\/myopiacare.com\/pl\/wp-json\/wp\/v2\/pages"}],"about":[{"href":"https:\/\/myopiacare.com\/pl\/wp-json\/wp\/v2\/types\/page"}],"author":[{"embeddable":true,"href":"https:\/\/myopiacare.com\/pl\/wp-json\/wp\/v2\/users\/2"}],"replies":[{"embeddable":true,"href":"https:\/\/myopiacare.com\/pl\/wp-json\/wp\/v2\/comments?post=1680"}],"version-history":[{"count":6,"href":"https:\/\/myopiacare.com\/pl\/wp-json\/wp\/v2\/pages\/1680\/revisions"}],"predecessor-version":[{"id":7162,"href":"https:\/\/myopiacare.com\/pl\/wp-json\/wp\/v2\/pages\/1680\/revisions\/7162"}],"wp:attachment":[{"href":"https:\/\/myopiacare.com\/pl\/wp-json\/wp\/v2\/media?parent=1680"}],"curies":[{"name":"wp","href":"https:\/\/api.w.org\/{rel}","templated":true}]}}