{"id":1292,"date":"2020-06-06T16:21:52","date_gmt":"2020-06-06T16:21:52","guid":{"rendered":"https:\/\/myopiacare.com\/best-clinical-practice-on-myopia-control\/"},"modified":"2020-08-21T18:53:25","modified_gmt":"2020-08-21T18:53:25","slug":"best-clinical-practice-on-myopia-control","status":"publish","type":"page","link":"https:\/\/myopiacare.com\/pl\/best-clinical-practice-on-myopia-control\/","title":{"rendered":"Najlepsze praktyki kliniczne w zakresie kontroli kr\u00f3tkowzroczno\u015bci"},"content":{"rendered":"\n<h4 class=\"wp-block-heading\">Stosowanie algorytmu obliczaj\u0105cego prawdopodobie\u0144stwo wyst\u0105pienia kr\u00f3tkowzroczno\u015bci w po\u0142\u0105czeniu z protoko\u0142em post\u0119powania.<\/h4>\n\n<h6 class=\"wp-block-heading\">Autorzy: Nick Dash, optometrysta, B.Sc. Hons (Optom) MCOptom, Dip SVA. i Pascal Blaser, optometrysta, M.Sc. in Vision Sciences<\/h6>\n\n<p>Specjali\u015bci zajmuj\u0105cy si\u0119 ochron\u0105 wzroku i badacze podaj\u0105, \u017ce cz\u0119sto\u015b\u0107 wyst\u0119powania kr\u00f3tkowzroczno\u015bci wzrasta na ca\u0142ym \u015bwiecie. Nieuniknione skutki tej tendencji mog\u0105 by\u0107 dla pacjent\u00f3w katastrofalne, poniewa\u017c nie tylko zwi\u0119kszy si\u0119 ich zale\u017cno\u015b\u0107 od silniejszej korekcji okularowej z grubszymi soczewkami lub soczewek kontaktowych, ale r\u00f3wnie\u017c b\u0119d\u0105 oni w wi\u0119kszym stopniu nara\u017ceni na powik\u0142ania mog\u0105ce zagra\u017ca\u0107 utrat\u0105 wzroku na p\u00f3\u017aniejszym etapie \u017cycia.&#13;\n&#13;\n<\/p>\n\n<p>Przewiduje si\u0119, \u017ce do 2050 roku na \u015bwiecie b\u0119dzie<strong>\u00a0miliard os\u00f3b zagro\u017conych \u015blepot\u0105<\/strong>\u00a0i dlatego kr\u00f3tkowzroczno\u015b\u0107 jest jednym z g\u0142\u00f3wnych zagro\u017ce\u0144 wymienianych przez \u015awiatow\u0105 Organizacj\u0119 Zdrowia.<\/p>\n\n<p>Znani badacze wykazali, \u017ce kr\u00f3tkowzroczno\u015b\u0107 du\u017cego stopnia nale\u017cy uzna\u0107 za znacz\u0105cy czynnik ryzyka rozwoju powa\u017cnych patologii okulistycznych, prowadz\u0105cych do upo\u015bledzenia wzroku min. jaskry, makulopatii czy odwarstwienia siatk\u00f3wki. Ryzyko dotyczy ka\u017cdej osoby kr\u00f3tkowzrocznej, nie tylko najpowa\u017cniejszych przypadk\u00f3w.<\/p>\n\n<p>Specjali\u015bci powinni nie tylko d\u0105\u017cy\u0107 do korekcji wad wzroku, ale r\u00f3wnie\u017c maj\u0105 obowi\u0105zek leczy\u0107 patologie narz\u0105du wzroku lub zapobiega\u0107 im. Wdra\u017canie strategii ograniczaj\u0105cych kr\u00f3tkowzroczno\u015b\u0107 stanie si\u0119 podstawowym elementem badania i korygowania wad wzroku u dzieci i m\u0142odych os\u00f3b doros\u0142ych.<\/p>\n\n<p>Stosowanie algorytmu obliczeniowego myopia.care i poznanie strategii post\u0119powania b\u0119dzie pomocne dla specjalist\u00f3w przy opracowywaniu planu post\u0119powania w przypadku pacjent\u00f3w zagro\u017conych kr\u00f3tkowzroczno\u015bci\u0105 i jej powik\u0142aniami. Nasz serwis zapewnia kompleksowe wsparcie dzieciom, rodzicom i specjalistom, a wszystkie podane informacje s\u0105 oparte na najwa\u017cniejszych \u015bwiatowych badaniach i do\u015bwiadczeniu zawodowym zebranym w ci\u0105gu 8 lat poprzedzaj\u0105cych stworzenie serwisu.<\/p>\n\n<p><a href=\"https:\/\/myopiacare.com\/\"><strong>TUTAJ<\/strong><\/a><\/p>\n","protected":false},"excerpt":{"rendered":"<p>Stosowanie algorytmu obliczaj\u0105cego prawdopodobie\u0144stwo wyst\u0105pienia kr\u00f3tkowzroczno\u015bci w po\u0142\u0105czeniu z protoko\u0142em post\u0119powania. Autorzy: Nick Dash, optometrysta, B.Sc. Hons (Optom) MCOptom, Dip SVA. i Pascal Blaser, optometrysta, M.Sc. in Vision Sciences Specjali\u015bci zajmuj\u0105cy si\u0119 ochron\u0105 wzroku i badacze podaj\u0105, \u017ce cz\u0119sto\u015b\u0107 wyst\u0119powania kr\u00f3tkowzroczno\u015bci wzrasta na ca\u0142ym \u015bwiecie. Nieuniknione skutki tej tendencji mog\u0105 by\u0107 dla pacjent\u00f3w katastrofalne, poniewa\u017c [&hellip;]<\/p>\n","protected":false},"author":2,"featured_media":0,"parent":0,"menu_order":0,"comment_status":"closed","ping_status":"closed","template":"","meta":{"site-sidebar-layout":"default","site-content-layout":"default","ast-site-content-layout":"default","site-content-style":"default","site-sidebar-style":"default","ast-global-header-display":"","ast-banner-title-visibility":"","ast-main-header-display":"","ast-hfb-above-header-display":"","ast-hfb-below-header-display":"","ast-hfb-mobile-header-display":"","site-post-title":"","ast-breadcrumbs-content":"","ast-featured-img":"","footer-sml-layout":"","ast-disable-related-posts":"","theme-transparent-header-meta":"default","adv-header-id-meta":"","stick-header-meta":"","header-above-stick-meta":"","header-main-stick-meta":"","header-below-stick-meta":"","astra-migrate-meta-layouts":"default","ast-page-background-enabled":"default","ast-page-background-meta":{"desktop":{"background-color":"","background-image":"","background-repeat":"repeat","background-position":"center center","background-size":"auto","background-attachment":"scroll","background-type":"","background-media":"","overlay-type":"","overlay-color":"","overlay-opacity":"","overlay-gradient":""},"tablet":{"background-color":"","background-image":"","background-repeat":"repeat","background-position":"center center","background-size":"auto","background-attachment":"scroll","background-type":"","background-media":"","overlay-type":"","overlay-color":"","overlay-opacity":"","overlay-gradient":""},"mobile":{"background-color":"","background-image":"","background-repeat":"repeat","background-position":"center center","background-size":"auto","background-attachment":"scroll","background-type":"","background-media":"","overlay-type":"","overlay-color":"","overlay-opacity":"","overlay-gradient":""}},"ast-content-background-meta":{"desktop":{"background-color":"var(--ast-global-color-5)","background-image":"","background-repeat":"repeat","background-position":"center center","background-size":"auto","background-attachment":"scroll","background-type":"","background-media":"","overlay-type":"","overlay-color":"","overlay-opacity":"","overlay-gradient":""},"tablet":{"background-color":"var(--ast-global-color-5)","background-image":"","background-repeat":"repeat","background-position":"center center","background-size":"auto","background-attachment":"scroll","background-type":"","background-media":"","overlay-type":"","overlay-color":"","overlay-opacity":"","overlay-gradient":""},"mobile":{"background-color":"var(--ast-global-color-5)","background-image":"","background-repeat":"repeat","background-position":"center center","background-size":"auto","background-attachment":"scroll","background-type":"","background-media":"","overlay-type":"","overlay-color":"","overlay-opacity":"","overlay-gradient":""}},"footnotes":""},"class_list":["post-1292","page","type-page","status-publish","hentry"],"_links":{"self":[{"href":"https:\/\/myopiacare.com\/pl\/wp-json\/wp\/v2\/pages\/1292","targetHints":{"allow":["GET"]}}],"collection":[{"href":"https:\/\/myopiacare.com\/pl\/wp-json\/wp\/v2\/pages"}],"about":[{"href":"https:\/\/myopiacare.com\/pl\/wp-json\/wp\/v2\/types\/page"}],"author":[{"embeddable":true,"href":"https:\/\/myopiacare.com\/pl\/wp-json\/wp\/v2\/users\/2"}],"replies":[{"embeddable":true,"href":"https:\/\/myopiacare.com\/pl\/wp-json\/wp\/v2\/comments?post=1292"}],"version-history":[{"count":2,"href":"https:\/\/myopiacare.com\/pl\/wp-json\/wp\/v2\/pages\/1292\/revisions"}],"predecessor-version":[{"id":1306,"href":"https:\/\/myopiacare.com\/pl\/wp-json\/wp\/v2\/pages\/1292\/revisions\/1306"}],"wp:attachment":[{"href":"https:\/\/myopiacare.com\/pl\/wp-json\/wp\/v2\/media?parent=1292"}],"curies":[{"name":"wp","href":"https:\/\/api.w.org\/{rel}","templated":true}]}}