{"id":1258,"date":"2020-05-24T14:57:58","date_gmt":"2020-05-24T14:57:58","guid":{"rendered":"https:\/\/myopiacare.com\/cookie-policy\/"},"modified":"2020-08-21T18:24:55","modified_gmt":"2020-08-21T18:24:55","slug":"cookie-policy","status":"publish","type":"page","link":"https:\/\/myopiacare.com\/pl\/cookie-policy\/","title":{"rendered":"Cookie Policy"},"content":{"rendered":"\t\t<div data-elementor-type=\"wp-page\" data-elementor-id=\"1258\" class=\"elementor elementor-1258 elementor-269\" data-elementor-post-type=\"page\">\n\t\t\t\t\t\t<section class=\"elementor-section elementor-top-section elementor-element elementor-element-12a3a921 elementor-section-boxed elementor-section-height-default elementor-section-height-default\" data-id=\"12a3a921\" data-element_type=\"section\" data-e-type=\"section\">\n\t\t\t\t\t\t<div class=\"elementor-container elementor-column-gap-default\">\n\t\t\t\t\t<div class=\"elementor-column elementor-col-100 elementor-top-column elementor-element elementor-element-7473cf80\" data-id=\"7473cf80\" data-element_type=\"column\" data-e-type=\"column\">\n\t\t\t<div class=\"elementor-widget-wrap elementor-element-populated\">\n\t\t\t\t\t\t<div class=\"elementor-element elementor-element-6dc88e25 elementor-widget elementor-widget-heading\" data-id=\"6dc88e25\" data-element_type=\"widget\" data-e-type=\"widget\" data-widget_type=\"heading.default\">\n\t\t\t\t<div class=\"elementor-widget-container\">\n\t\t\t\t\t<h2 class=\"elementor-heading-title elementor-size-default\">Cookie Policy for MyopiaCare<\/h2>\t\t\t\t<\/div>\n\t\t\t\t<\/div>\n\t\t\t\t<div class=\"elementor-element elementor-element-2eab2551 elementor-widget elementor-widget-text-editor\" data-id=\"2eab2551\" data-element_type=\"widget\" data-e-type=\"widget\" data-widget_type=\"text-editor.default\">\n\t\t\t\t<div class=\"elementor-widget-container\">\n\t\t\t\t\t\t\t\t\t<div id=\"content-wrap\" class=\"wrap contentclass\" role=\"document\">\n<div id=\"content\" class=\"container\">\n<div class=\"row\">\n<div class=\"main col-md-12 kt-nosidebar\" role=\"main\">\n<div class=\"postclass pageclass clearfix entry-content\">\n<h4>Jest to j\u0119zyk s\u0142owniki elektroniczne. Dla oryginalnego please ANGIELSKIM<\/h4>\n<p>Jak jest powszechn\u0105 praktyk\u0105 w niemal wszystkich profesjonalnych stron internetowych ta witryna u\u017cywa cookies, czyli niewielkie pliki, kt\u00f3re s\u0105 pobierane do komputera, aby poprawi\u0107 do\u015bwiadczenia.<\/p>\n<p>Ta strona opisuje jakie informacje b\u0119d\u0105 zbiera\u0107, jak je wykorzystujemy i dlaczego czasami trzeba przechowywa\u0107 te ciasteczka. B\u0119dziemy r\u00f3wnie\u017c podzieli\u0107 w jaki spos\u00f3b mo\u017cna zapobiec tym przechowywanie plik\u00f3w cookie jednak mo\u017ce to obni\u017cy\u0107 lub \u201ez\u0142ama\u0107\u201d niekt\u00f3re elementy funkcjonalno\u015bci witryn.<\/p>\n<p>Aby uzyska\u0107 wi\u0119cej informacji na temat og\u00f3lnego ciasteczka patrz artyku\u0142 na ciasteczka HTTP.\u00a0<a href=\"https:\/\/en.wikipedia.org\/wiki\/HTTP_cookie\" target=\"_blank\" rel=\"noopener\">Wikipedia article on HTTP Cookies<\/a><\/p>\n<h4>Jak korzysta\u0107 z plik\u00f3w cookie<\/h4>\n<p>U\u017cywamy cookies do r\u00f3\u017cnych powod\u00f3w opisanych poni\u017cej. Niestety jest w wi\u0119kszo\u015bci przypadk\u00f3w nie ma standardowych opcji dla przemys\u0142u wy\u0142\u0105czy\u0107 ciasteczka bez ca\u0142kowitego wy\u0142\u0105czania funkcjonalno\u015bci i cechy dodaj\u0105 do tej strony. Zaleca si\u0119 pozostawienie na wszystkich ciasteczek, je\u015bli nie jeste\u015b pewien, czy s\u0105 potrzebne czy nie, w przypadku gdy s\u0105 one wykorzystywane w celu \u015bwiadczenia us\u0142ug, kt\u00f3rego u\u017cywasz.<\/p>\n<h4>Wy\u0142\u0105czenie plik\u00f3w cookie<\/h4>\n<p>Mo\u017cna zapobiec ustawienia cookies zmieniaj\u0105c ustawienia w przegl\u0105darce (Pomoc twojej wyszukiwarce, jak to zrobi\u0107). Nale\u017cy pami\u0119ta\u0107, \u017ce wy\u0142\u0105czenie plik\u00f3w cookie wp\u0142ynie na funkcjonalno\u015b\u0107 tego i wielu innych stron, kt\u00f3re odwiedzasz. Wy\u0142\u0105czenie plik\u00f3w cookie zwykle skutkuje r\u00f3wnie\u017c wy\u0142\u0105czenie pewnych funkcji i cech tej stronie. Dlatego zaleca si\u0119, aby nie wy\u0142\u0105czy\u0107 cookies.<\/p>\n<h4>Ciasteczka Postawili\u015bmy<\/h4>\n<p>Je\u015bli utworzy\u0107 konto z nami to b\u0119dziemy u\u017cywa\u0107 cookies do zarz\u0105dzania procesu rejestracji i administracji og\u00f3lnej. Pliki te s\u0105 zwykle usuwane po wylogowaniu si\u0119 jednak w niekt\u00f3rych przypadkach mog\u0105 one pozosta\u0107 potem zapami\u0119ta\u0107 preferencje witryny po wylogowaniu.<\/p>\n<p>Ta witryna oferuje biuletynu lub subskrypcji us\u0142ugi e-mail i pliki cookie mog\u0105 by\u0107 wykorzystywane do zapami\u0119tania, je\u015bli jeste\u015b ju\u017c zarejestrowany i czy pokazywa\u0107 pewne powiadomie\u0144, kt\u00f3re mog\u0105 by\u0107 wa\u017cne tylko do subskrybowanych \/ u\u017cytkownik\u00f3w bez subskrypcji.<\/p>\n<h4>Third Party Cookies<\/h4>\n<p>W niekt\u00f3rych szczeg\u00f3lnych przypadkach mo\u017cemy r\u00f3wnie\u017c wykorzystywa\u0107 cookies dostarczone przez zaufanych stron trzecich. Poni\u017csze dane sekcj\u0119, kt\u00f3ra strona trzecia ciasteczka mog\u0105 wyst\u0105pi\u0107 za po\u015brednictwem tej strony.<\/p>\n<p>Analityka stron trzecich s\u0105 wykorzystywane do \u015bledzenia i zmierzy\u0107 wykorzystanie tej strony tak, \u017ce mo\u017cemy nadal produkowa\u0107 anga\u017cowanie tre\u015b\u0107. Pliki te mog\u0105 \u015bledzi\u0107 rzeczy takie jak, jak d\u0142ugo mo\u017cna sp\u0119dzi\u0107 na miejscu lub odwiedzanych stron, co pomaga nam zrozumie\u0107, w jaki spos\u00f3b mo\u017cemy poprawi\u0107 miejsce dla ciebie.<\/p>\n<p>U\u017cywamy r\u00f3wnie\u017c przyciski medi\u00f3w spo\u0142eczno\u015bciowych i \/ lub wtyczek na tej stronie, kt\u00f3re pozwalaj\u0105 po\u0142\u0105czy\u0107 si\u0119 z sieci spo\u0142ecznych na r\u00f3\u017cne sposoby. Dla nich pracowa\u0107 nast\u0119puj\u0105cych portalach spo\u0142eczno\u015bciowych w tym; Facebook, Google+, ustawi cookie za po\u015brednictwem naszej strony, kt\u00f3re mog\u0105 by\u0107 stosowane w celu zwi\u0119kszenia swojego profilu na swojej stronie lub przyczyni\u0107 si\u0119 do danych posiadanych do r\u00f3\u017cnych cel\u00f3w nakre\u015blonych w ich polityk\u0105 prywatno\u015bci.<\/p>\n<p>\u0179r\u00f3d\u0142o: cookiepolicygenerator.com<\/p>\n<\/div>\n<\/div>\n<\/div>\n<\/div>\n<\/div>\n<div class=\"kt-call-sitewide-to-action\">\n<div class=\"container\">\n<div class=\"kt-cta row\">\n<div class=\"col-md-10 kad-call-sitewide-title-case\"><\/div>\n<\/div>\n<\/div>\n<\/div>\n\t\t\t\t\t\t\t\t<\/div>\n\t\t\t\t<\/div>\n\t\t\t\t\t<\/div>\n\t\t<\/div>\n\t\t\t\t\t<\/div>\n\t\t<\/section>\n\t\t\t\t<\/div>\n\t\t","protected":false},"excerpt":{"rendered":"<p>Cookie Policy for MyopiaCare Jest to j\u0119zyk s\u0142owniki elektroniczne. Dla oryginalnego please ANGIELSKIM Jak jest powszechn\u0105 praktyk\u0105 w niemal wszystkich profesjonalnych stron internetowych ta witryna u\u017cywa cookies, czyli niewielkie pliki, kt\u00f3re s\u0105 pobierane do komputera, aby poprawi\u0107 do\u015bwiadczenia. Ta strona opisuje jakie informacje b\u0119d\u0105 zbiera\u0107, jak je wykorzystujemy i dlaczego czasami trzeba przechowywa\u0107 te ciasteczka. [&hellip;]<\/p>\n","protected":false},"author":2,"featured_media":0,"parent":0,"menu_order":0,"comment_status":"closed","ping_status":"closed","template":"","meta":{"site-sidebar-layout":"no-sidebar","site-content-layout":"page-builder","ast-site-content-layout":"default","site-content-style":"default","site-sidebar-style":"default","ast-global-header-display":"","ast-banner-title-visibility":"","ast-main-header-display":"","ast-hfb-above-header-display":"","ast-hfb-below-header-display":"","ast-hfb-mobile-header-display":"","site-post-title":"disabled","ast-breadcrumbs-content":"","ast-featured-img":"disabled","footer-sml-layout":"","ast-disable-related-posts":"","theme-transparent-header-meta":"default","adv-header-id-meta":"","stick-header-meta":"","header-above-stick-meta":"","header-main-stick-meta":"","header-below-stick-meta":"","astra-migrate-meta-layouts":"default","ast-page-background-enabled":"default","ast-page-background-meta":{"desktop":{"background-color":"","background-image":"","background-repeat":"repeat","background-position":"center center","background-size":"auto","background-attachment":"scroll","background-type":"","background-media":"","overlay-type":"","overlay-color":"","overlay-opacity":"","overlay-gradient":""},"tablet":{"background-color":"","background-image":"","background-repeat":"repeat","background-position":"center center","background-size":"auto","background-attachment":"scroll","background-type":"","background-media":"","overlay-type":"","overlay-color":"","overlay-opacity":"","overlay-gradient":""},"mobile":{"background-color":"","background-image":"","background-repeat":"repeat","background-position":"center center","background-size":"auto","background-attachment":"scroll","background-type":"","background-media":"","overlay-type":"","overlay-color":"","overlay-opacity":"","overlay-gradient":""}},"ast-content-background-meta":{"desktop":{"background-color":"var(--ast-global-color-5)","background-image":"","background-repeat":"repeat","background-position":"center center","background-size":"auto","background-attachment":"scroll","background-type":"","background-media":"","overlay-type":"","overlay-color":"","overlay-opacity":"","overlay-gradient":""},"tablet":{"background-color":"var(--ast-global-color-5)","background-image":"","background-repeat":"repeat","background-position":"center center","background-size":"auto","background-attachment":"scroll","background-type":"","background-media":"","overlay-type":"","overlay-color":"","overlay-opacity":"","overlay-gradient":""},"mobile":{"background-color":"var(--ast-global-color-5)","background-image":"","background-repeat":"repeat","background-position":"center center","background-size":"auto","background-attachment":"scroll","background-type":"","background-media":"","overlay-type":"","overlay-color":"","overlay-opacity":"","overlay-gradient":""}},"footnotes":""},"class_list":["post-1258","page","type-page","status-publish","hentry"],"_links":{"self":[{"href":"https:\/\/myopiacare.com\/pl\/wp-json\/wp\/v2\/pages\/1258","targetHints":{"allow":["GET"]}}],"collection":[{"href":"https:\/\/myopiacare.com\/pl\/wp-json\/wp\/v2\/pages"}],"about":[{"href":"https:\/\/myopiacare.com\/pl\/wp-json\/wp\/v2\/types\/page"}],"author":[{"embeddable":true,"href":"https:\/\/myopiacare.com\/pl\/wp-json\/wp\/v2\/users\/2"}],"replies":[{"embeddable":true,"href":"https:\/\/myopiacare.com\/pl\/wp-json\/wp\/v2\/comments?post=1258"}],"version-history":[{"count":2,"href":"https:\/\/myopiacare.com\/pl\/wp-json\/wp\/v2\/pages\/1258\/revisions"}],"predecessor-version":[{"id":1270,"href":"https:\/\/myopiacare.com\/pl\/wp-json\/wp\/v2\/pages\/1258\/revisions\/1270"}],"wp:attachment":[{"href":"https:\/\/myopiacare.com\/pl\/wp-json\/wp\/v2\/media?parent=1258"}],"curies":[{"name":"wp","href":"https:\/\/api.w.org\/{rel}","templated":true}]}}