{"id":1291,"date":"2020-06-06T16:21:52","date_gmt":"2020-06-06T16:21:52","guid":{"rendered":"https:\/\/myopiacare.com\/best-clinical-practice-on-myopia-control\/"},"modified":"2020-08-21T18:55:50","modified_gmt":"2020-08-21T18:55:50","slug":"best-clinical-practice-on-myopia-control","status":"publish","type":"page","link":"https:\/\/myopiacare.com\/no\/best-clinical-practice-on-myopia-control\/","title":{"rendered":"Beste klinisk praksis for n\u00e6rsynthets kontroll"},"content":{"rendered":"\n<h4 class=\"wp-block-heading\">\u00abUtnytter en Myopia forutsigbarhets-kalkulator kombinert med en protokoll for n\u00e6rsynthetkontroller\u00bb<\/h4>\n\n<h6 class=\"wp-block-heading\">Av Nick Dash: \u00d8yelege, B.Sc. Hons (Optom) MCOptom, Dip SVA. Og Pascal Blaser: \u00d8yelege, M.Sc. in Vision Sciences<\/h6>\n\n<p>\u00d8yespesialister og forskere har rapportert at det er en \u00f8kende utbredelse av n\u00e6rsynthet over hele verden. Den uunng\u00e5elig konsekvensen av denne trenden er en potensiell katastrofe for pasienter som vil bli mer avhengig av sterkere og tykkere briller og kontaktlinser, og i tillegg, en \u00f8kt risiko for n\u00e6rsynthet og potensielt synstruende tilstander senere i livet.<\/p>\n\n<p>Dette har f\u00f8rt til at\u00a0<strong>1 milliard mennesker globalt sett vil risikere \u00e5 bli blinde innen 2050\u00a0<\/strong>og n\u00e6rsynthet er en bekymring som ble bemerket av Verdens Helse Organisasjon (WHO).<\/p>\n\n<p>Prominente forskere har gitt oss bevis p\u00e5 at n\u00e6rsynthet m\u00e5 bli vurdert som en viktig risiko-faktor som utvikler alvorlige okul\u00e6re sykdommer som f\u00f8rer til nedsatt syn, for eksempel gr\u00f8nn st\u00e6r, makulopathy, eller netthinneavl\u00f8sning som omfatter n\u00e6rsynthet, dette gjelder alle som lider av n\u00e6rsynthet, ikke kun de mest alvorlige tilfellene.<\/p>\n\n<p>Optikere skal ikke bare korrigere eller finne feil ved synet, men ogs\u00e5 behandle eller forhindre synsfeil. \u00c5 kunne gi behandling som begrenser utviklingen av n\u00e6rsynthet vil v\u00e6re en viktig behandling  n\u00e5r man unders\u00f8ker \u00f8ynene hos barn og unge voksne i fremtiden.<\/p>\n\n<p>Ved \u00e5 bruke Myopia\u2019s forutsigbarhetskalkulator og behandlingsstrategi \u00abmyopia.care\u00bb vil du kunne finne ut om pasienten er i risikosonen for n\u00e6rsynthet, den vil gi deg veiledning og planlegge behandling individuelt. Passer for barn, foreldre og profesjonelle. Alt er basert p\u00e5 verdensledende forskning og praktiske tilfeller fra de siste \u00e5tte \u00e5rene med praktisk n\u00e6rsynthetkontroll.<\/p>\n\n<p><a href=\"https:\/\/myopiacare.com\/no\"><strong>Tilbake<\/strong><\/a><\/p>\n","protected":false},"excerpt":{"rendered":"<p>\u00abUtnytter en Myopia forutsigbarhets-kalkulator kombinert med en protokoll for n\u00e6rsynthetkontroller\u00bb Av Nick Dash: \u00d8yelege, B.Sc. Hons (Optom) MCOptom, Dip SVA. Og Pascal Blaser: \u00d8yelege, M.Sc. in Vision Sciences \u00d8yespesialister og forskere har rapportert at det er en \u00f8kende utbredelse av n\u00e6rsynthet over hele verden. Den uunng\u00e5elig konsekvensen av denne trenden er en potensiell katastrofe for [&hellip;]<\/p>\n","protected":false},"author":2,"featured_media":0,"parent":0,"menu_order":0,"comment_status":"closed","ping_status":"closed","template":"","meta":{"site-sidebar-layout":"default","site-content-layout":"default","ast-site-content-layout":"default","site-content-style":"default","site-sidebar-style":"default","ast-global-header-display":"","ast-banner-title-visibility":"","ast-main-header-display":"","ast-hfb-above-header-display":"","ast-hfb-below-header-display":"","ast-hfb-mobile-header-display":"","site-post-title":"","ast-breadcrumbs-content":"","ast-featured-img":"","footer-sml-layout":"","ast-disable-related-posts":"","theme-transparent-header-meta":"default","adv-header-id-meta":"","stick-header-meta":"","header-above-stick-meta":"","header-main-stick-meta":"","header-below-stick-meta":"","astra-migrate-meta-layouts":"default","ast-page-background-enabled":"default","ast-page-background-meta":{"desktop":{"background-color":"","background-image":"","background-repeat":"repeat","background-position":"center center","background-size":"auto","background-attachment":"scroll","background-type":"","background-media":"","overlay-type":"","overlay-color":"","overlay-opacity":"","overlay-gradient":""},"tablet":{"background-color":"","background-image":"","background-repeat":"repeat","background-position":"center center","background-size":"auto","background-attachment":"scroll","background-type":"","background-media":"","overlay-type":"","overlay-color":"","overlay-opacity":"","overlay-gradient":""},"mobile":{"background-color":"","background-image":"","background-repeat":"repeat","background-position":"center center","background-size":"auto","background-attachment":"scroll","background-type":"","background-media":"","overlay-type":"","overlay-color":"","overlay-opacity":"","overlay-gradient":""}},"ast-content-background-meta":{"desktop":{"background-color":"var(--ast-global-color-5)","background-image":"","background-repeat":"repeat","background-position":"center center","background-size":"auto","background-attachment":"scroll","background-type":"","background-media":"","overlay-type":"","overlay-color":"","overlay-opacity":"","overlay-gradient":""},"tablet":{"background-color":"var(--ast-global-color-5)","background-image":"","background-repeat":"repeat","background-position":"center center","background-size":"auto","background-attachment":"scroll","background-type":"","background-media":"","overlay-type":"","overlay-color":"","overlay-opacity":"","overlay-gradient":""},"mobile":{"background-color":"var(--ast-global-color-5)","background-image":"","background-repeat":"repeat","background-position":"center center","background-size":"auto","background-attachment":"scroll","background-type":"","background-media":"","overlay-type":"","overlay-color":"","overlay-opacity":"","overlay-gradient":""}},"footnotes":""},"class_list":["post-1291","page","type-page","status-publish","hentry"],"_links":{"self":[{"href":"https:\/\/myopiacare.com\/no\/wp-json\/wp\/v2\/pages\/1291","targetHints":{"allow":["GET"]}}],"collection":[{"href":"https:\/\/myopiacare.com\/no\/wp-json\/wp\/v2\/pages"}],"about":[{"href":"https:\/\/myopiacare.com\/no\/wp-json\/wp\/v2\/types\/page"}],"author":[{"embeddable":true,"href":"https:\/\/myopiacare.com\/no\/wp-json\/wp\/v2\/users\/2"}],"replies":[{"embeddable":true,"href":"https:\/\/myopiacare.com\/no\/wp-json\/wp\/v2\/comments?post=1291"}],"version-history":[{"count":2,"href":"https:\/\/myopiacare.com\/no\/wp-json\/wp\/v2\/pages\/1291\/revisions"}],"predecessor-version":[{"id":1308,"href":"https:\/\/myopiacare.com\/no\/wp-json\/wp\/v2\/pages\/1291\/revisions\/1308"}],"wp:attachment":[{"href":"https:\/\/myopiacare.com\/no\/wp-json\/wp\/v2\/media?parent=1291"}],"curies":[{"name":"wp","href":"https:\/\/api.w.org\/{rel}","templated":true}]}}