{"id":1716,"date":"2020-08-25T09:35:08","date_gmt":"2020-08-25T09:35:08","guid":{"rendered":"https:\/\/myopiacare.com\/esclusione-di-responsabilita\/"},"modified":"2020-08-25T09:35:08","modified_gmt":"2020-08-25T09:35:08","slug":"esclusione-di-responsabilita","status":"publish","type":"page","link":"https:\/\/myopiacare.com\/it\/esclusione-di-responsabilita\/","title":{"rendered":"Esclusione di Responsabilit\u00e0"},"content":{"rendered":"\t\t<div data-elementor-type=\"wp-page\" data-elementor-id=\"1716\" class=\"elementor elementor-1716 elementor-261\" data-elementor-post-type=\"page\">\n\t\t\t\t\t\t<section class=\"elementor-section elementor-top-section elementor-element elementor-element-969db27 elementor-section-boxed elementor-section-height-default elementor-section-height-default\" data-id=\"969db27\" data-element_type=\"section\" data-e-type=\"section\">\n\t\t\t\t\t\t<div class=\"elementor-container elementor-column-gap-default\">\n\t\t\t\t\t<div class=\"elementor-column elementor-col-100 elementor-top-column elementor-element elementor-element-6dc452c2\" data-id=\"6dc452c2\" data-element_type=\"column\" data-e-type=\"column\">\n\t\t\t<div class=\"elementor-widget-wrap elementor-element-populated\">\n\t\t\t\t\t\t<div class=\"elementor-element elementor-element-3d68f2db elementor-widget elementor-widget-heading\" data-id=\"3d68f2db\" data-element_type=\"widget\" data-e-type=\"widget\" data-widget_type=\"heading.default\">\n\t\t\t\t<div class=\"elementor-widget-container\">\n\t\t\t\t\t<h2 class=\"elementor-heading-title elementor-size-default\">Esclusione di Responsabilit\u00e0<\/h2>\t\t\t\t<\/div>\n\t\t\t\t<\/div>\n\t\t\t\t<div class=\"elementor-element elementor-element-5ebc9bb6 elementor-widget elementor-widget-text-editor\" data-id=\"5ebc9bb6\" data-element_type=\"widget\" data-e-type=\"widget\" data-widget_type=\"text-editor.default\">\n\t\t\t\t<div class=\"elementor-widget-container\">\n\t\t\t\t\t\t\t\t\t<h4><strong>Myopia.care fornisce informazioni relative alla miopia.<\/strong><\/h4>\n<p>Per ricevere consigli pi\u00f9 specifici sulla prevenzione e sulla gestione della miopia dovreste sempre rivolgervi a un oculista esperto, in grado di eseguire gli esami specialistici necessari e di fornire le informazioni pi\u00f9 appropriate. Sebbene facciamo tutto il possibile affinch\u00e9 le informazioni presenti sul sito siano sempre aggiornate, la ricerca\u00a0scientifica nel campo del controllo\u00a0della miopia \u00e8 in continua evoluzione, pertanto non possiamo offrire alcuna garanzia in merito alla loro accuratezza o completezza. I materiali presenti su questo sito Web sono puramente informativi e non sostituiscono in alcun modo il parere del medico. In caso di dubbi sui disturbi della vista o della salute in generale, sorti in seguito alla lettura del materiale presente nel nostro sito o dopo averci contattato, vi preghiamo di consultare un oculista o un medico.<\/p>\n<hr \/>\n<h4>Questa \u00e8 una traduzione elettronica dall\u2019inglese. Per l\u2019originale si prega di INGLESE<\/h4>\n<h2>Esclusione di responsabilit\u00e0 medica<\/h2>\n<p><strong>1. Nessun consiglio<\/strong><br \/>\n1.1 miopia Cura e Myopia.care \u00e8 un portale di informazione per la miopia di controllo.<br \/>\n<strong>2. ottico e informazioni mediche<\/strong><br \/>\n2.1 Il nostro sito contiene informazioni mediche ottica e generale.<br \/>\n2.2 L\u2019informazione medica non \u00e8 un consiglio e non deve essere trattato come tale.<br \/>\n<strong>3. Nessuna garanzia<\/strong><br \/>\n3.1 Le informazioni mediche sul nostro sito web sono fornite senza alcuna dichiarazione o garanzia, esplicita o implicita.<br \/>\n3.2 Senza limitare la portata della sezione 3.1, non garantisce in alcun modo che le informazioni mediche su questo sito:<br \/>\n(A) sar\u00e0 sempre disponibile, o disponibili a tutti; o<br \/>\n(B) \u00e8 vero, accurate, complete, correnti e non fuorviante.<br \/>\n<strong>4. Assistenza medica<\/strong><br \/>\n4.1 Non si deve fare affidamento sulle informazioni sul nostro sito come alternativa alla consulenza medica dal proprio medico o altro operatore sanitario professionale.<br \/>\n4.2 In caso di domande specifiche su qualsiasi questione medica, si deve consultare il medico o altro operatore sanitario professionale.<br \/>\n4.3 Se si pensa che si pu\u00f2 essere affetti da qualsiasi condizione medica, si dovrebbe cercare immediatamente un medico.<br \/>\n4.4 Non si dovrebbe mai ritardare la ricerca di consigli medici, ignorare il consiglio del medico o interrompere un trattamento medico a causa di informazioni sul nostro sito.<br \/>\n<strong>5. caratteristiche interattive<\/strong><br \/>\n5.1 Il nostro sito include funzionalit\u00e0 interattive che consentono agli utenti di comunicare con noi.<br \/>\n5.2 L\u2019utente riconosce che, a causa della natura limitata della comunicazione attraverso funzioni interattive del nostro sito, qualsiasi tipo di assistenza \u00e8 possibile ricevere utilizzando tali caratteristiche \u00e8 probabile che sia incompleta e pu\u00f2 anche essere fuorviante.<br \/>\n5.3 Qualsiasi tipo di assistenza \u00e8 possibile ricevere utilizzando le funzionalit\u00e0 interattive qualsiasi nostra del sito non costituisce una consulenza specifica e di conseguenza non dovrebbe essere invocata senza ulteriore conferma indipendente.<\/p>\n<h2>Generale di responsabilit\u00e0<\/h2>\n<h4>Responsabilit\u00e0 per i contenuti<\/h4>\n<p>I contenuti delle nostre pagine sono stati creati con la massima cura. Tuttavia, non possiamo garantire il contenuto \u2018accuratezza, la completezza e l\u2019attualit\u00e0. Secondo disposizioni di legge, siamo inoltre responsabili per i nostri contenuti su queste pagine web. In questo contesto, si ricorda che siamo di conseguenza, non obbligati a monitorare solo le informazioni trasmesse o memorizzate di terzi, o indagare le circostanze che indicano l\u2019attivit\u00e0 illegale. I nostri obblighi di rimuovere o bloccare l\u2019utilizzo di informazioni in generale, le leggi applicabili rimangono inalterati da questo come da \u00a7\u00a7 da 8 a 10 della legge Telemedia (TMG).<\/p>\n<h4>Responsabilit\u00e0 per i collegamenti<\/h4>\n<p>La responsabilit\u00e0 per il contenuto dei link esterni (a pagine web di terzi) si trova solo con gli operatori delle pagine collegate. Non ci sono violazioni erano evidenti a noi al momento del collegamento. Se un qualsiasi violazione della legge diventato noto a noi, provvederemo a rimuovere immediatamente il link corrispondente.<\/p>\n<h4>Diritto d\u2019autore<\/h4>\n<p>Le nostre pagine web e il loro contenuto sono soggetti al diritto d\u2019autore svizzero. Se non espressamente consentito dalla legge (\u00a7 44 bis e segg. Della legge sul copyright), ogni forma di utilizzare, riprodurre o trasformazione opere soggette a diritto d\u2019autore sulle nostre pagine web richiede la previa autorizzazione dei rispettivi titolari dei diritti. riproduzioni individuali di lavoro \u00e8 consentito solo per uso privato, in modo da non devono servire direttamente o indirettamente, per i guadagni. l\u2019utilizzo non autorizzato di opere protette da copyright \u00e8 punibile (\u00a7 106 della legge sul copyright).<\/p>\n<p>Fonte:\u00a0<i>\u00a0<\/i><a href=\"http:\/\/www.muster-vorlagen.net\/\" target=\"_blank\" rel=\"noopener\">Impressum Mustervorlagen<\/a><\/p>\n\t\t\t\t\t\t\t\t<\/div>\n\t\t\t\t<\/div>\n\t\t\t\t\t<\/div>\n\t\t<\/div>\n\t\t\t\t\t<\/div>\n\t\t<\/section>\n\t\t\t\t<\/div>\n\t\t","protected":false},"excerpt":{"rendered":"<p>Esclusione di Responsabilit\u00e0 Myopia.care fornisce informazioni relative alla miopia. Per ricevere consigli pi\u00f9 specifici sulla prevenzione e sulla gestione della miopia dovreste sempre rivolgervi a un oculista esperto, in grado di eseguire gli esami specialistici necessari e di fornire le informazioni pi\u00f9 appropriate. Sebbene facciamo tutto il possibile affinch\u00e9 le informazioni presenti sul sito siano [&hellip;]<\/p>\n","protected":false},"author":2,"featured_media":0,"parent":0,"menu_order":0,"comment_status":"closed","ping_status":"closed","template":"","meta":{"site-sidebar-layout":"no-sidebar","site-content-layout":"page-builder","ast-site-content-layout":"default","site-content-style":"default","site-sidebar-style":"default","ast-global-header-display":"","ast-banner-title-visibility":"","ast-main-header-display":"","ast-hfb-above-header-display":"","ast-hfb-below-header-display":"","ast-hfb-mobile-header-display":"","site-post-title":"disabled","ast-breadcrumbs-content":"","ast-featured-img":"disabled","footer-sml-layout":"","ast-disable-related-posts":"","theme-transparent-header-meta":"default","adv-header-id-meta":"","stick-header-meta":"","header-above-stick-meta":"","header-main-stick-meta":"","header-below-stick-meta":"","astra-migrate-meta-layouts":"default","ast-page-background-enabled":"default","ast-page-background-meta":{"desktop":{"background-color":"","background-image":"","background-repeat":"repeat","background-position":"center center","background-size":"auto","background-attachment":"scroll","background-type":"","background-media":"","overlay-type":"","overlay-color":"","overlay-opacity":"","overlay-gradient":""},"tablet":{"background-color":"","background-image":"","background-repeat":"repeat","background-position":"center center","background-size":"auto","background-attachment":"scroll","background-type":"","background-media":"","overlay-type":"","overlay-color":"","overlay-opacity":"","overlay-gradient":""},"mobile":{"background-color":"","background-image":"","background-repeat":"repeat","background-position":"center center","background-size":"auto","background-attachment":"scroll","background-type":"","background-media":"","overlay-type":"","overlay-color":"","overlay-opacity":"","overlay-gradient":""}},"ast-content-background-meta":{"desktop":{"background-color":"var(--ast-global-color-5)","background-image":"","background-repeat":"repeat","background-position":"center center","background-size":"auto","background-attachment":"scroll","background-type":"","background-media":"","overlay-type":"","overlay-color":"","overlay-opacity":"","overlay-gradient":""},"tablet":{"background-color":"var(--ast-global-color-5)","background-image":"","background-repeat":"repeat","background-position":"center center","background-size":"auto","background-attachment":"scroll","background-type":"","background-media":"","overlay-type":"","overlay-color":"","overlay-opacity":"","overlay-gradient":""},"mobile":{"background-color":"var(--ast-global-color-5)","background-image":"","background-repeat":"repeat","background-position":"center center","background-size":"auto","background-attachment":"scroll","background-type":"","background-media":"","overlay-type":"","overlay-color":"","overlay-opacity":"","overlay-gradient":""}},"footnotes":""},"class_list":["post-1716","page","type-page","status-publish","hentry"],"_links":{"self":[{"href":"https:\/\/myopiacare.com\/it\/wp-json\/wp\/v2\/pages\/1716","targetHints":{"allow":["GET"]}}],"collection":[{"href":"https:\/\/myopiacare.com\/it\/wp-json\/wp\/v2\/pages"}],"about":[{"href":"https:\/\/myopiacare.com\/it\/wp-json\/wp\/v2\/types\/page"}],"author":[{"embeddable":true,"href":"https:\/\/myopiacare.com\/it\/wp-json\/wp\/v2\/users\/2"}],"replies":[{"embeddable":true,"href":"https:\/\/myopiacare.com\/it\/wp-json\/wp\/v2\/comments?post=1716"}],"version-history":[{"count":1,"href":"https:\/\/myopiacare.com\/it\/wp-json\/wp\/v2\/pages\/1716\/revisions"}],"predecessor-version":[{"id":1717,"href":"https:\/\/myopiacare.com\/it\/wp-json\/wp\/v2\/pages\/1716\/revisions\/1717"}],"wp:attachment":[{"href":"https:\/\/myopiacare.com\/it\/wp-json\/wp\/v2\/media?parent=1716"}],"curies":[{"name":"wp","href":"https:\/\/api.w.org\/{rel}","templated":true}]}}