{"id":1290,"date":"2020-06-06T16:21:52","date_gmt":"2020-06-06T16:21:52","guid":{"rendered":"https:\/\/myopiacare.com\/best-clinical-practice-on-myopia-control\/"},"modified":"2020-08-21T18:51:37","modified_gmt":"2020-08-21T18:51:37","slug":"best-clinical-practice-on-myopia-control","status":"publish","type":"page","link":"https:\/\/myopiacare.com\/it\/best-clinical-practice-on-myopia-control\/","title":{"rendered":"La migliore pratica clinica sul controllo della miopia"},"content":{"rendered":"\n<h4 class=\"wp-block-heading\">\u201cUtilizzare un Calcolatore Predittivo di Miopia accompagnato da un Protocollo di Controllo della Miopia\u201d<\/h4>\n\n<h6 class=\"wp-block-heading\">di Nick Dash: Optometrista, Laurea in Optometria (Dipartimento di Scienze della Vita e dell\u2019Ambiente) e Pascal Blaser: Optometrista con Master in Scienze della Visione<\/h6>\n\n<p>Gli Specialisti della Visione e i ricercatori hanno riscontrato un aumento della diffusione della miopia in tutto il mondo. La conseguenza inevitabile di questa tendenza \u00e8 potenzialmente catastrofica perch\u00e8 comporter\u00e0 la dipendenza da occhiali sempre pi\u00f9 spessi e lenti a contatto, ma principalmente l\u2019aumento del rischio di Miopia Elevata e di patologie oculari pi\u00f9 gravi in et\u00e0 adulta.<\/p>\n\n<p>Questa realt\u00e0 induce a ipotizzare che\u00a0<strong>nel 2050 in tutto il mondo si registrer\u00e0 la presenza di<\/strong>\u00a0<strong>1 miliardo di soggetti a rischio di cecit\u00e0\u00a0<\/strong>\u00a0mentre quello della miopia \u00e8 diventato un problema d\u2019importanza cruciale per l\u2019Organizzazione Mondiale della Sanit\u00e0.<\/p>\n\n<p>Alcuni ricercatori di fama internazionale affermano che la miopia deve essere considerata un importante fattore di rischio per lo sviluppo di disturbi gravi della vista che causano patologie oculari come il glaucoma, la maculopatia o il distaccamento della retina. Ci\u00f2 riguarda tutti i soggetti miopi, non solo quelli pi\u00f9 gravi. Gli Specialisti della Visione non dovrebbero semplicemente limitarsi a correggere i difetti della vista, bens\u00ec assumersi anche il compito di curare o prevenire le patologie oculari.<\/p>\n\n<p> L\u2019attuazione di una strategia di riduzione della miopia diventer\u00e0 fondamentale durante le visite oculistiche a cui vengono sottoposti i bambini e gli adolescenti.<\/p>\n\n<p>L\u2019uso del Calcolatore Predittivo della Miopia e la Strategia di Gestione \u2018myopia.care\u2019 fornisce una guida a supporto di un programma terapeutico adeguato per i soggetti a rischio di miopia, offrendo un percorso completo rivolto a bambini, genitori e specialisti e basato sulla Ricerca Leader a Livello Mondiale e sull\u2019Esperienza Professionale risultante dall\u2019impegno profuso a favore del Controllo della Miopia negli ultimi 8 anni.&#13;\n&#13;\n<\/p>\n\n<p><a href=\"https:\/\/myopiacare.com\/it\"><strong>INDIETRO<\/strong><\/a><\/p>\n","protected":false},"excerpt":{"rendered":"<p>\u201cUtilizzare un Calcolatore Predittivo di Miopia accompagnato da un Protocollo di Controllo della Miopia\u201d di Nick Dash: Optometrista, Laurea in Optometria (Dipartimento di Scienze della Vita e dell\u2019Ambiente) e Pascal Blaser: Optometrista con Master in Scienze della Visione Gli Specialisti della Visione e i ricercatori hanno riscontrato un aumento della diffusione della miopia in tutto [&hellip;]<\/p>\n","protected":false},"author":2,"featured_media":0,"parent":0,"menu_order":0,"comment_status":"closed","ping_status":"closed","template":"","meta":{"site-sidebar-layout":"default","site-content-layout":"default","ast-site-content-layout":"default","site-content-style":"default","site-sidebar-style":"default","ast-global-header-display":"","ast-banner-title-visibility":"","ast-main-header-display":"","ast-hfb-above-header-display":"","ast-hfb-below-header-display":"","ast-hfb-mobile-header-display":"","site-post-title":"","ast-breadcrumbs-content":"","ast-featured-img":"","footer-sml-layout":"","ast-disable-related-posts":"","theme-transparent-header-meta":"default","adv-header-id-meta":"","stick-header-meta":"","header-above-stick-meta":"","header-main-stick-meta":"","header-below-stick-meta":"","astra-migrate-meta-layouts":"default","ast-page-background-enabled":"default","ast-page-background-meta":{"desktop":{"background-color":"","background-image":"","background-repeat":"repeat","background-position":"center center","background-size":"auto","background-attachment":"scroll","background-type":"","background-media":"","overlay-type":"","overlay-color":"","overlay-opacity":"","overlay-gradient":""},"tablet":{"background-color":"","background-image":"","background-repeat":"repeat","background-position":"center center","background-size":"auto","background-attachment":"scroll","background-type":"","background-media":"","overlay-type":"","overlay-color":"","overlay-opacity":"","overlay-gradient":""},"mobile":{"background-color":"","background-image":"","background-repeat":"repeat","background-position":"center center","background-size":"auto","background-attachment":"scroll","background-type":"","background-media":"","overlay-type":"","overlay-color":"","overlay-opacity":"","overlay-gradient":""}},"ast-content-background-meta":{"desktop":{"background-color":"var(--ast-global-color-5)","background-image":"","background-repeat":"repeat","background-position":"center center","background-size":"auto","background-attachment":"scroll","background-type":"","background-media":"","overlay-type":"","overlay-color":"","overlay-opacity":"","overlay-gradient":""},"tablet":{"background-color":"var(--ast-global-color-5)","background-image":"","background-repeat":"repeat","background-position":"center center","background-size":"auto","background-attachment":"scroll","background-type":"","background-media":"","overlay-type":"","overlay-color":"","overlay-opacity":"","overlay-gradient":""},"mobile":{"background-color":"var(--ast-global-color-5)","background-image":"","background-repeat":"repeat","background-position":"center center","background-size":"auto","background-attachment":"scroll","background-type":"","background-media":"","overlay-type":"","overlay-color":"","overlay-opacity":"","overlay-gradient":""}},"footnotes":""},"class_list":["post-1290","page","type-page","status-publish","hentry"],"_links":{"self":[{"href":"https:\/\/myopiacare.com\/it\/wp-json\/wp\/v2\/pages\/1290","targetHints":{"allow":["GET"]}}],"collection":[{"href":"https:\/\/myopiacare.com\/it\/wp-json\/wp\/v2\/pages"}],"about":[{"href":"https:\/\/myopiacare.com\/it\/wp-json\/wp\/v2\/types\/page"}],"author":[{"embeddable":true,"href":"https:\/\/myopiacare.com\/it\/wp-json\/wp\/v2\/users\/2"}],"replies":[{"embeddable":true,"href":"https:\/\/myopiacare.com\/it\/wp-json\/wp\/v2\/comments?post=1290"}],"version-history":[{"count":2,"href":"https:\/\/myopiacare.com\/it\/wp-json\/wp\/v2\/pages\/1290\/revisions"}],"predecessor-version":[{"id":1304,"href":"https:\/\/myopiacare.com\/it\/wp-json\/wp\/v2\/pages\/1290\/revisions\/1304"}],"wp:attachment":[{"href":"https:\/\/myopiacare.com\/it\/wp-json\/wp\/v2\/media?parent=1290"}],"curies":[{"name":"wp","href":"https:\/\/api.w.org\/{rel}","templated":true}]}}