{"id":1256,"date":"2020-05-24T14:57:58","date_gmt":"2020-05-24T14:57:58","guid":{"rendered":"https:\/\/myopiacare.com\/cookie-policy\/"},"modified":"2020-08-21T18:23:57","modified_gmt":"2020-08-21T18:23:57","slug":"cookie-policy","status":"publish","type":"page","link":"https:\/\/myopiacare.com\/it\/cookie-policy\/","title":{"rendered":"Cookie"},"content":{"rendered":"\t\t<div data-elementor-type=\"wp-page\" data-elementor-id=\"1256\" class=\"elementor elementor-1256 elementor-269\" data-elementor-post-type=\"page\">\n\t\t\t\t\t\t<section class=\"elementor-section elementor-top-section elementor-element elementor-element-12a3a921 elementor-section-boxed elementor-section-height-default elementor-section-height-default\" data-id=\"12a3a921\" data-element_type=\"section\" data-e-type=\"section\">\n\t\t\t\t\t\t<div class=\"elementor-container elementor-column-gap-default\">\n\t\t\t\t\t<div class=\"elementor-column elementor-col-100 elementor-top-column elementor-element elementor-element-7473cf80\" data-id=\"7473cf80\" data-element_type=\"column\" data-e-type=\"column\">\n\t\t\t<div class=\"elementor-widget-wrap elementor-element-populated\">\n\t\t\t\t\t\t<div class=\"elementor-element elementor-element-6dc88e25 elementor-widget elementor-widget-heading\" data-id=\"6dc88e25\" data-element_type=\"widget\" data-e-type=\"widget\" data-widget_type=\"heading.default\">\n\t\t\t\t<div class=\"elementor-widget-container\">\n\t\t\t\t\t<h2 class=\"elementor-heading-title elementor-size-default\">Cookie Policy for MyopiaCare<\/h2>\t\t\t\t<\/div>\n\t\t\t\t<\/div>\n\t\t\t\t<div class=\"elementor-element elementor-element-2eab2551 elementor-widget elementor-widget-text-editor\" data-id=\"2eab2551\" data-element_type=\"widget\" data-e-type=\"widget\" data-widget_type=\"text-editor.default\">\n\t\t\t\t<div class=\"elementor-widget-container\">\n\t\t\t\t\t\t\t\t\t<h4>Questa \u00e8 una traduzione elettronica dall\u2019inglese. Per l\u2019originale si prega di INGLESE<\/h4>\n<p>Come \u00e8 prassi comune con quasi tutti i siti web professionali questo sito utilizza i cookie, che sono piccoli file che vengono scaricati sul computer, per migliorare la vostra esperienza.<\/p>\n<p>Questa pagina descrive quali sono le informazioni che raccolgono, come le usiamo e perch\u00e9 a volte abbiamo bisogno di memorizzare questi biscotti. Ci sar\u00e0 anche condividere come si pu\u00f2 evitare che questi cookie vengano memorizzati tuttavia questo pu\u00f2 declassare o \u2018rompere\u2019 alcuni elementi della funzionalit\u00e0 siti.<\/p>\n<p>Per ulteriori informazioni di carattere generale sui cookie vedere l\u2019articolo di\u00a0<a href=\"https:\/\/en.wikipedia.org\/wiki\/HTTP_cookie\" target=\"_blank\" rel=\"noopener\">Wikipedia article on HTTP Cookies<\/a>.<\/p>\n<h2>Come utilizziamo i cookies<\/h2>\n<p>I cookie vengono utilizzati per una serie di motivi illustrati qui di seguito. Purtroppo \u00e8 maggior parte dei casi non ci sono opzioni standard industriale per la disabilitazione dei cookie senza disabilitare completamente la funzionalit\u00e0 e caratteristiche che aggiungono a questo sito. Si consiglia di lasciare a tutti i cookie, se non si \u00e8 sicuri se ne avete bisogno o no nel caso in cui sono utilizzati per fornire un servizio che si utilizza.<\/p>\n<h2>Disattivazione Cookies<\/h2>\n<p>\u00c8 possibile impedire l\u2019impostazione di cookie modificando le impostazioni del browser (vedi il browser della Guida per sapere come fare questo). Essere consapevoli del fatto che disattivando i cookie influenzer\u00e0 la funzionalit\u00e0 di questo e di molti altri siti web che si visita. disabilitazione dei cookies di solito comporter\u00e0 anche disabilitando alcune funzionalit\u00e0 e caratteristiche del sito. Pertanto si consiglia di non disattivare i cookie.<\/p>\n<h2>I cookie che set<\/h2>\n<p>Se si crea un account con noi, allora useremo i cookie per la gestione del processo di registrazione e l\u2019amministrazione generale. Questi cookie di solito eliminati quando si esce comunque in alcuni casi essi possono rimanere dopo per ricordare le preferenze del sito dopo l\u2019uscita.<\/p>\n<p>Questo sito offre servizi di newsletter o di abbonamento e-mail e cookie pu\u00f2 essere utilizzato per ricordare se sei gi\u00e0 registrato e se mostrare determinate notifiche che potrebbero essere valide solo per gli utenti abbonati \/ sottoscritti.<\/p>\n<h2>Cookie di terze parti<\/h2>\n<p>In alcuni casi particolari utilizziamo i cookie anche forniti da terzi fidati. I seguenti dettagli sezione che di terze parti cookie si potrebbero incontrare attraverso questo sito.<\/p>\n<p>analisi di terze parti sono utilizzati per monitorare e misurare l\u2019utilizzo di questo sito in modo da poter continuare a produrre contenuti coinvolgenti. Questi cookie possono tenere traccia delle cose come quanto tempo si spende sul sito o pagine visitate, che ci aiuta a capire come possiamo migliorare il sito per voi.<\/p>\n<p>Usiamo anche i pulsanti di social media e \/ o plugin su questo sito che consentono di collegare con il vostro social network in vari modi. Per questi funzionino i seguenti siti di social media, tra cui; Facebook, Google, imposter\u00e0 i cookie attraverso il nostro sito, che possono essere utilizzati per migliorare il profilo sul loro sito o contribuire ai dati in loro possesso per diversi scopi indicati nelle rispettive politiche sulla privacy.<\/p>\n<p>Fonte:\u00a0<a href=\"http:\/\/cookiepolicygenerator.com\/cookie-policy\/\" target=\"_blank\" rel=\"noopener\">cookiepolicygenerator.com<\/a><\/p>\n\t\t\t\t\t\t\t\t<\/div>\n\t\t\t\t<\/div>\n\t\t\t\t\t<\/div>\n\t\t<\/div>\n\t\t\t\t\t<\/div>\n\t\t<\/section>\n\t\t\t\t<\/div>\n\t\t","protected":false},"excerpt":{"rendered":"<p>Cookie Policy for MyopiaCare Questa \u00e8 una traduzione elettronica dall\u2019inglese. Per l\u2019originale si prega di INGLESE Come \u00e8 prassi comune con quasi tutti i siti web professionali questo sito utilizza i cookie, che sono piccoli file che vengono scaricati sul computer, per migliorare la vostra esperienza. Questa pagina descrive quali sono le informazioni che raccolgono, [&hellip;]<\/p>\n","protected":false},"author":2,"featured_media":0,"parent":0,"menu_order":0,"comment_status":"closed","ping_status":"closed","template":"","meta":{"site-sidebar-layout":"no-sidebar","site-content-layout":"page-builder","ast-site-content-layout":"default","site-content-style":"default","site-sidebar-style":"default","ast-global-header-display":"","ast-banner-title-visibility":"","ast-main-header-display":"","ast-hfb-above-header-display":"","ast-hfb-below-header-display":"","ast-hfb-mobile-header-display":"","site-post-title":"disabled","ast-breadcrumbs-content":"","ast-featured-img":"disabled","footer-sml-layout":"","ast-disable-related-posts":"","theme-transparent-header-meta":"default","adv-header-id-meta":"","stick-header-meta":"","header-above-stick-meta":"","header-main-stick-meta":"","header-below-stick-meta":"","astra-migrate-meta-layouts":"default","ast-page-background-enabled":"default","ast-page-background-meta":{"desktop":{"background-color":"","background-image":"","background-repeat":"repeat","background-position":"center center","background-size":"auto","background-attachment":"scroll","background-type":"","background-media":"","overlay-type":"","overlay-color":"","overlay-opacity":"","overlay-gradient":""},"tablet":{"background-color":"","background-image":"","background-repeat":"repeat","background-position":"center center","background-size":"auto","background-attachment":"scroll","background-type":"","background-media":"","overlay-type":"","overlay-color":"","overlay-opacity":"","overlay-gradient":""},"mobile":{"background-color":"","background-image":"","background-repeat":"repeat","background-position":"center center","background-size":"auto","background-attachment":"scroll","background-type":"","background-media":"","overlay-type":"","overlay-color":"","overlay-opacity":"","overlay-gradient":""}},"ast-content-background-meta":{"desktop":{"background-color":"var(--ast-global-color-5)","background-image":"","background-repeat":"repeat","background-position":"center center","background-size":"auto","background-attachment":"scroll","background-type":"","background-media":"","overlay-type":"","overlay-color":"","overlay-opacity":"","overlay-gradient":""},"tablet":{"background-color":"var(--ast-global-color-5)","background-image":"","background-repeat":"repeat","background-position":"center center","background-size":"auto","background-attachment":"scroll","background-type":"","background-media":"","overlay-type":"","overlay-color":"","overlay-opacity":"","overlay-gradient":""},"mobile":{"background-color":"var(--ast-global-color-5)","background-image":"","background-repeat":"repeat","background-position":"center center","background-size":"auto","background-attachment":"scroll","background-type":"","background-media":"","overlay-type":"","overlay-color":"","overlay-opacity":"","overlay-gradient":""}},"footnotes":""},"class_list":["post-1256","page","type-page","status-publish","hentry"],"_links":{"self":[{"href":"https:\/\/myopiacare.com\/it\/wp-json\/wp\/v2\/pages\/1256","targetHints":{"allow":["GET"]}}],"collection":[{"href":"https:\/\/myopiacare.com\/it\/wp-json\/wp\/v2\/pages"}],"about":[{"href":"https:\/\/myopiacare.com\/it\/wp-json\/wp\/v2\/types\/page"}],"author":[{"embeddable":true,"href":"https:\/\/myopiacare.com\/it\/wp-json\/wp\/v2\/users\/2"}],"replies":[{"embeddable":true,"href":"https:\/\/myopiacare.com\/it\/wp-json\/wp\/v2\/comments?post=1256"}],"version-history":[{"count":2,"href":"https:\/\/myopiacare.com\/it\/wp-json\/wp\/v2\/pages\/1256\/revisions"}],"predecessor-version":[{"id":1266,"href":"https:\/\/myopiacare.com\/it\/wp-json\/wp\/v2\/pages\/1256\/revisions\/1266"}],"wp:attachment":[{"href":"https:\/\/myopiacare.com\/it\/wp-json\/wp\/v2\/media?parent=1256"}],"curies":[{"name":"wp","href":"https:\/\/api.w.org\/{rel}","templated":true}]}}