{"id":2093,"date":"2020-05-24T15:01:35","date_gmt":"2020-05-24T15:01:35","guid":{"rendered":"https:\/\/myopiacare.com\/thanks\/"},"modified":"2020-08-28T13:50:18","modified_gmt":"2020-08-28T13:50:18","slug":"thanks","status":"publish","type":"page","link":"https:\/\/myopiacare.com\/fr\/thanks\/","title":{"rendered":"Merci"},"content":{"rendered":"\t\t<div data-elementor-type=\"wp-page\" data-elementor-id=\"2093\" class=\"elementor elementor-2093 elementor-277\" data-elementor-post-type=\"page\">\n\t\t\t\t\t\t<section class=\"elementor-section elementor-top-section elementor-element elementor-element-325b3eaf elementor-section-height-min-height elementor-section-boxed elementor-section-height-default elementor-section-items-middle\" data-id=\"325b3eaf\" data-element_type=\"section\" data-e-type=\"section\" data-settings=\"{&quot;background_background&quot;:&quot;classic&quot;,&quot;background_motion_fx_motion_fx_scrolling&quot;:&quot;yes&quot;,&quot;background_motion_fx_translateY_effect&quot;:&quot;yes&quot;,&quot;background_motion_fx_translateY_direction&quot;:&quot;negative&quot;,&quot;background_motion_fx_translateY_speed&quot;:{&quot;unit&quot;:&quot;px&quot;,&quot;size&quot;:5,&quot;sizes&quot;:[]},&quot;background_motion_fx_translateY_affectedRange&quot;:{&quot;unit&quot;:&quot;%&quot;,&quot;size&quot;:&quot;&quot;,&quot;sizes&quot;:{&quot;start&quot;:0,&quot;end&quot;:100}},&quot;background_motion_fx_devices&quot;:[&quot;desktop&quot;,&quot;tablet&quot;,&quot;mobile&quot;]}\">\n\t\t\t\t\t\t<div class=\"elementor-container elementor-column-gap-default\">\n\t\t\t\t\t<div class=\"elementor-column elementor-col-100 elementor-top-column elementor-element elementor-element-7e8f5a99\" data-id=\"7e8f5a99\" data-element_type=\"column\" data-e-type=\"column\">\n\t\t\t<div class=\"elementor-widget-wrap elementor-element-populated\">\n\t\t\t\t\t\t<div class=\"elementor-element elementor-element-6a228b55 elementor-widget elementor-widget-heading\" data-id=\"6a228b55\" data-element_type=\"widget\" data-e-type=\"widget\" data-widget_type=\"heading.default\">\n\t\t\t\t<div class=\"elementor-widget-container\">\n\t\t\t\t\t<h2 class=\"elementor-heading-title elementor-size-default\">Merci, merci.<\/h2>\t\t\t\t<\/div>\n\t\t\t\t<\/div>\n\t\t\t\t<div class=\"elementor-element elementor-element-298781b7 elementor-widget elementor-widget-text-editor\" data-id=\"298781b7\" data-element_type=\"widget\" data-e-type=\"widget\" data-widget_type=\"text-editor.default\">\n\t\t\t\t<div class=\"elementor-widget-container\">\n\t\t\t\t\t\t\t\t\t<p>pour votre soutien et votre aide sur ce projet.<\/p>\n\t\t\t\t\t\t\t\t<\/div>\n\t\t\t\t<\/div>\n\t\t\t\t\t<\/div>\n\t\t<\/div>\n\t\t\t\t\t<\/div>\n\t\t<\/section>\n\t\t\t\t<section class=\"elementor-section elementor-top-section elementor-element elementor-element-5db11ea1 elementor-section-boxed elementor-section-height-default elementor-section-height-default\" data-id=\"5db11ea1\" data-element_type=\"section\" data-e-type=\"section\">\n\t\t\t\t\t\t<div class=\"elementor-container elementor-column-gap-default\">\n\t\t\t\t\t<div class=\"elementor-column elementor-col-100 elementor-top-column elementor-element elementor-element-50229da2\" data-id=\"50229da2\" data-element_type=\"column\" data-e-type=\"column\">\n\t\t\t<div class=\"elementor-widget-wrap elementor-element-populated\">\n\t\t\t\t\t\t<div class=\"elementor-element elementor-element-4c306ecf elementor-widget elementor-widget-heading\" data-id=\"4c306ecf\" data-element_type=\"widget\" data-e-type=\"widget\" data-widget_type=\"heading.default\">\n\t\t\t\t<div class=\"elementor-widget-container\">\n\t\t\t\t\t<h2 class=\"elementor-heading-title elementor-size-default\">Nous sommes fiers de notre travail.<\/h2>\t\t\t\t<\/div>\n\t\t\t\t<\/div>\n\t\t\t\t<div class=\"elementor-element elementor-element-6ddb9146 elementor-widget elementor-widget-heading\" data-id=\"6ddb9146\" data-element_type=\"widget\" data-e-type=\"widget\" data-widget_type=\"heading.default\">\n\t\t\t\t<div class=\"elementor-widget-container\">\n\t\t\t\t\t<h4 class=\"elementor-heading-title elementor-size-default\">  \u00ab ANT LIMITANT L\u2019EXPANSION DE LA MYOP \u00bb<\/h4>\t\t\t\t<\/div>\n\t\t\t\t<\/div>\n\t\t\t\t<div class=\"elementor-element elementor-element-ac95a0 elementor-widget elementor-widget-text-editor\" data-id=\"ac95a0\" data-element_type=\"widget\" data-e-type=\"widget\" data-widget_type=\"text-editor.default\">\n\t\t\t\t<div class=\"elementor-widget-container\">\n\t\t\t\t\t\t\t\t\t<p>Un grand projet comme celui-ci ne peut pas \u00eatre r\u00e9alis\u00e9 si les partenaires, les amis et la famille ne nous aident pas et nous soutenir comme ils l\u2019ont fait.<br \/>\nDe cette fa\u00e7on, nous tenons \u00e0 dire MERCI \u00e0 tous ceux qui nous aident \u00e0 d\u00e9velopper \u00ab es soins de myopie \u00bb comme la plate-forme pour le contr\u00f4le de la myopie.<br \/>\nBien s\u00fbr, la premi\u00e8re chose \u00e0 remercier nos familles. Ils nous ont soutenus dans notre vie \u00e0 notre meilleur, la patience et nous ont donn\u00e9 pour de nombreuses heures de d\u00e9veloppement! Merci!<\/p>\n\t\t\t\t\t\t\t\t<\/div>\n\t\t\t\t<\/div>\n\t\t\t\t<div class=\"elementor-element elementor-element-288f7ab4 elementor-widget elementor-widget-text-editor\" data-id=\"288f7ab4\" data-element_type=\"widget\" data-e-type=\"widget\" data-widget_type=\"text-editor.default\">\n\t\t\t\t<div class=\"elementor-widget-container\">\n\t\t\t\t\t\t\t\t\t<p><strong>Nous tenons \u00e0 vous remercier sinc\u00e8rement pour votre soutien :<\/strong><\/p>\n\t\t\t\t\t\t\t\t<\/div>\n\t\t\t\t<\/div>\n\t\t\t\t<div class=\"elementor-element elementor-element-585b677a elementor-widget elementor-widget-text-editor\" data-id=\"585b677a\" data-element_type=\"widget\" data-e-type=\"widget\" data-widget_type=\"text-editor.default\">\n\t\t\t\t<div class=\"elementor-widget-container\">\n\t\t\t\t\t\t\t\t\t<ul>\n<li><a href=\"https:\/\/www.tsiounis.com\/\" target=\"_blank\" rel=\"noopener\">Andreas Tsiounis<\/a> et sa famille<\/li>\n<li>Thibaud Poirier<\/li>\n<li>Racodon Flore<\/li>\n<li><a href=\"http:\/\/optometrieonline.de\/\" target=\"_blank\" rel=\"noopener\">Andreas Polzer<\/a><\/li>\n<li>Jo Mackenzie<\/li>\n<li>Isabel Cobos<\/li>\n<li><a href=\"http:\/\/www.optilens.ch\/de\/\" target=\"_blank\" rel=\"noopener noreferrer\">Raymond E. W\u00e4lti<\/a><\/li>\n<li>Sebastian Mircea<\/li>\n<li><a href=\"http:\/\/www.toolbox.ch\/\" target=\"_blank\" rel=\"noopener\">Claudia et Ross Grant<\/a><\/li>\n<li><a href=\"http:\/\/www.camarillooptometryvsp.com\/\" target=\"_blank\" rel=\"noopener\">Richard L. Anderson<\/a><\/li>\n<li><a href=\"http:\/\/www.eyeness.ch\/\" target=\"_blank\" rel=\"noopener\">Michael Wyss<\/a><\/li>\n<li><a href=\"http:\/\/pro-sehen.de\/\" target=\"_blank\" rel=\"noopener\">Danny K\u00f6hler<\/a><\/li>\n<li><a href=\"http:\/\/www.interoptik.no\/\" target=\"_blank\" rel=\"noopener noreferrer\">Erik Robertstad<\/a><\/li>\n<li><a href=\"http:\/\/hkos.hk\/\" target=\"_blank\" rel=\"noopener noreferrer\">Tony Chung<\/a><\/li>\n<li><a href=\"http:\/\/www.morimoto.co.uk\/\" target=\"_blank\" rel=\"noopener noreferrer\">Keiko Morimoto (Illustrations)<\/a><\/li>\n<\/ul>\n\t\t\t\t\t\t\t\t<\/div>\n\t\t\t\t<\/div>\n\t\t\t\t<div class=\"elementor-element elementor-element-4664b8a5 elementor-widget elementor-widget-text-editor\" data-id=\"4664b8a5\" data-element_type=\"widget\" data-e-type=\"widget\" data-widget_type=\"text-editor.default\">\n\t\t\t\t<div class=\"elementor-widget-container\">\n\t\t\t\t\t\t\t\t\t<p>Et bien d\u2019autres&#8230;<\/p>\n\t\t\t\t\t\t\t\t<\/div>\n\t\t\t\t<\/div>\n\t\t\t\t\t<\/div>\n\t\t<\/div>\n\t\t\t\t\t<\/div>\n\t\t<\/section>\n\t\t\t\t<\/div>\n\t\t","protected":false},"excerpt":{"rendered":"<p>Merci, merci. pour votre soutien et votre aide sur ce projet. Nous sommes fiers de notre travail. \u00ab ANT LIMITANT L\u2019EXPANSION DE LA MYOP \u00bb Un grand projet comme celui-ci ne peut pas \u00eatre r\u00e9alis\u00e9 si les partenaires, les amis et la famille ne nous aident pas et nous soutenir comme ils l\u2019ont fait. De [&hellip;]<\/p>\n","protected":false},"author":2,"featured_media":0,"parent":0,"menu_order":0,"comment_status":"closed","ping_status":"closed","template":"","meta":{"site-sidebar-layout":"no-sidebar","site-content-layout":"page-builder","ast-site-content-layout":"default","site-content-style":"default","site-sidebar-style":"default","ast-global-header-display":"","ast-banner-title-visibility":"","ast-main-header-display":"","ast-hfb-above-header-display":"","ast-hfb-below-header-display":"","ast-hfb-mobile-header-display":"","site-post-title":"disabled","ast-breadcrumbs-content":"","ast-featured-img":"disabled","footer-sml-layout":"","ast-disable-related-posts":"","theme-transparent-header-meta":"default","adv-header-id-meta":"","stick-header-meta":"","header-above-stick-meta":"","header-main-stick-meta":"","header-below-stick-meta":"","astra-migrate-meta-layouts":"default","ast-page-background-enabled":"default","ast-page-background-meta":{"desktop":{"background-color":"","background-image":"","background-repeat":"repeat","background-position":"center center","background-size":"auto","background-attachment":"scroll","background-type":"","background-media":"","overlay-type":"","overlay-color":"","overlay-opacity":"","overlay-gradient":""},"tablet":{"background-color":"","background-image":"","background-repeat":"repeat","background-position":"center center","background-size":"auto","background-attachment":"scroll","background-type":"","background-media":"","overlay-type":"","overlay-color":"","overlay-opacity":"","overlay-gradient":""},"mobile":{"background-color":"","background-image":"","background-repeat":"repeat","background-position":"center center","background-size":"auto","background-attachment":"scroll","background-type":"","background-media":"","overlay-type":"","overlay-color":"","overlay-opacity":"","overlay-gradient":""}},"ast-content-background-meta":{"desktop":{"background-color":"var(--ast-global-color-5)","background-image":"","background-repeat":"repeat","background-position":"center center","background-size":"auto","background-attachment":"scroll","background-type":"","background-media":"","overlay-type":"","overlay-color":"","overlay-opacity":"","overlay-gradient":""},"tablet":{"background-color":"var(--ast-global-color-5)","background-image":"","background-repeat":"repeat","background-position":"center center","background-size":"auto","background-attachment":"scroll","background-type":"","background-media":"","overlay-type":"","overlay-color":"","overlay-opacity":"","overlay-gradient":""},"mobile":{"background-color":"var(--ast-global-color-5)","background-image":"","background-repeat":"repeat","background-position":"center center","background-size":"auto","background-attachment":"scroll","background-type":"","background-media":"","overlay-type":"","overlay-color":"","overlay-opacity":"","overlay-gradient":""}},"footnotes":""},"class_list":["post-2093","page","type-page","status-publish","hentry"],"_links":{"self":[{"href":"https:\/\/myopiacare.com\/fr\/wp-json\/wp\/v2\/pages\/2093","targetHints":{"allow":["GET"]}}],"collection":[{"href":"https:\/\/myopiacare.com\/fr\/wp-json\/wp\/v2\/pages"}],"about":[{"href":"https:\/\/myopiacare.com\/fr\/wp-json\/wp\/v2\/types\/page"}],"author":[{"embeddable":true,"href":"https:\/\/myopiacare.com\/fr\/wp-json\/wp\/v2\/users\/2"}],"replies":[{"embeddable":true,"href":"https:\/\/myopiacare.com\/fr\/wp-json\/wp\/v2\/comments?post=2093"}],"version-history":[{"count":8,"href":"https:\/\/myopiacare.com\/fr\/wp-json\/wp\/v2\/pages\/2093\/revisions"}],"predecessor-version":[{"id":2129,"href":"https:\/\/myopiacare.com\/fr\/wp-json\/wp\/v2\/pages\/2093\/revisions\/2129"}],"wp:attachment":[{"href":"https:\/\/myopiacare.com\/fr\/wp-json\/wp\/v2\/media?parent=2093"}],"curies":[{"name":"wp","href":"https:\/\/api.w.org\/{rel}","templated":true}]}}