{"id":1684,"date":"2020-08-25T08:58:19","date_gmt":"2020-08-25T08:58:19","guid":{"rendered":"https:\/\/myopiacare.com\/impressum\/"},"modified":"2022-12-18T12:14:25","modified_gmt":"2022-12-18T12:14:25","slug":"impressum","status":"publish","type":"page","link":"https:\/\/myopiacare.com\/fr\/impressum\/","title":{"rendered":"Impressum"},"content":{"rendered":"\t\t<div data-elementor-type=\"wp-page\" data-elementor-id=\"1684\" class=\"elementor elementor-1684 elementor-254\" data-elementor-post-type=\"page\">\n\t\t\t\t\t\t<section class=\"elementor-section elementor-top-section elementor-element elementor-element-517d0868 elementor-section-boxed elementor-section-height-default elementor-section-height-default\" data-id=\"517d0868\" data-element_type=\"section\" data-e-type=\"section\">\n\t\t\t\t\t\t<div class=\"elementor-container elementor-column-gap-default\">\n\t\t\t\t\t<div class=\"elementor-column elementor-col-100 elementor-top-column elementor-element elementor-element-58dc16f8\" data-id=\"58dc16f8\" data-element_type=\"column\" data-e-type=\"column\">\n\t\t\t<div class=\"elementor-widget-wrap elementor-element-populated\">\n\t\t\t\t\t\t<div class=\"elementor-element elementor-element-2d5e708d elementor-widget elementor-widget-heading\" data-id=\"2d5e708d\" data-element_type=\"widget\" data-e-type=\"widget\" data-widget_type=\"heading.default\">\n\t\t\t\t<div class=\"elementor-widget-container\">\n\t\t\t\t\t<h2 class=\"elementor-heading-title elementor-size-default\">D\u00e9claration l\u00e9gale<\/h2>\t\t\t\t<\/div>\n\t\t\t\t<\/div>\n\t\t\t\t<div class=\"elementor-element elementor-element-781b2c62 elementor-widget elementor-widget-text-editor\" data-id=\"781b2c62\" data-element_type=\"widget\" data-e-type=\"widget\" data-widget_type=\"text-editor.default\">\n\t\t\t\t<div class=\"elementor-widget-container\">\n\t\t\t\t\t\t\t\t\t<p>Ce texte est une traduction \u00e9lectronique. Pour lire le texte original, s&rsquo;il vous pla\u00eet choisir l&rsquo;anglais<\/p><p><strong><em>Eyetific Sarl<\/em><\/strong><\/p><p>Rue du Lac 32B<br \/>CH-1020 Renens<br \/>Switzerland<\/p><p><span style=\"font-size: 1.3em; font-weight: bold;\">Administered by<\/span><\/p><p>Sigrid Blaser<\/p><h4>Contact:<\/h4><p>Email: info at eyetific dot com<\/p><h4>Autorit\u00e9 de r\u00e9gulation<\/h4><p>Eidgen\u00f6ssischer Datenschutz- und \u00d6ffentlichkeitsbeauftragter (DSE)<\/p><p>Inscrivez le num\u00e9ro 2016 00039<\/p><p>Professions r\u00e9glement\u00e9es \/ Professions ind\u00e9pendantes<\/p><p>Titre du poste (des professions r\u00e9glement\u00e9es):\u00a0Ophtalmologue, Optom\u00e9triste<\/p><h4>Indication de la source pour les images et les graphiques<\/h4><p>https:\/\/unsplash.com\/<br \/>https:\/\/pixabay.com\/<br \/>https:\/\/fotolia.com\/<\/p><p>www.wikipedia.de<\/p><p>www.allaboutvision.com<\/p><p>si une image ou un graphique ne sont pas utilis\u00e9s l\u00e9galement, S&rsquo;il vous pla\u00eet\u00a0<a href=\"https:\/\/www.myopiacare.org\/fr\/contact\/\" target=\"_blank\" rel=\"noopener\">contactez-nous<\/a>. Nous allons r\u00e9soudre le plus vite possible.<\/p>\t\t\t\t\t\t\t\t<\/div>\n\t\t\t\t<\/div>\n\t\t\t\t\t<\/div>\n\t\t<\/div>\n\t\t\t\t\t<\/div>\n\t\t<\/section>\n\t\t\t\t<\/div>\n\t\t","protected":false},"excerpt":{"rendered":"<p>D\u00e9claration l\u00e9gale Ce texte est une traduction \u00e9lectronique. Pour lire le texte original, s&rsquo;il vous pla\u00eet choisir l&rsquo;anglais Eyetific Sarl Rue du Lac 32BCH-1020 RenensSwitzerland Administered by Sigrid Blaser Contact: Email: info at eyetific dot com Autorit\u00e9 de r\u00e9gulation Eidgen\u00f6ssischer Datenschutz- und \u00d6ffentlichkeitsbeauftragter (DSE) Inscrivez le num\u00e9ro 2016 00039 Professions r\u00e9glement\u00e9es \/ Professions ind\u00e9pendantes Titre [&hellip;]<\/p>\n","protected":false},"author":2,"featured_media":0,"parent":0,"menu_order":0,"comment_status":"closed","ping_status":"closed","template":"","meta":{"site-sidebar-layout":"no-sidebar","site-content-layout":"page-builder","ast-site-content-layout":"default","site-content-style":"default","site-sidebar-style":"default","ast-global-header-display":"","ast-banner-title-visibility":"","ast-main-header-display":"","ast-hfb-above-header-display":"","ast-hfb-below-header-display":"","ast-hfb-mobile-header-display":"","site-post-title":"disabled","ast-breadcrumbs-content":"","ast-featured-img":"disabled","footer-sml-layout":"","ast-disable-related-posts":"","theme-transparent-header-meta":"default","adv-header-id-meta":"","stick-header-meta":"","header-above-stick-meta":"","header-main-stick-meta":"","header-below-stick-meta":"","astra-migrate-meta-layouts":"default","ast-page-background-enabled":"default","ast-page-background-meta":{"desktop":{"background-color":"","background-image":"","background-repeat":"repeat","background-position":"center center","background-size":"auto","background-attachment":"scroll","background-type":"","background-media":"","overlay-type":"","overlay-color":"","overlay-opacity":"","overlay-gradient":""},"tablet":{"background-color":"","background-image":"","background-repeat":"repeat","background-position":"center center","background-size":"auto","background-attachment":"scroll","background-type":"","background-media":"","overlay-type":"","overlay-color":"","overlay-opacity":"","overlay-gradient":""},"mobile":{"background-color":"","background-image":"","background-repeat":"repeat","background-position":"center center","background-size":"auto","background-attachment":"scroll","background-type":"","background-media":"","overlay-type":"","overlay-color":"","overlay-opacity":"","overlay-gradient":""}},"ast-content-background-meta":{"desktop":{"background-color":"var(--ast-global-color-5)","background-image":"","background-repeat":"repeat","background-position":"center center","background-size":"auto","background-attachment":"scroll","background-type":"","background-media":"","overlay-type":"","overlay-color":"","overlay-opacity":"","overlay-gradient":""},"tablet":{"background-color":"var(--ast-global-color-5)","background-image":"","background-repeat":"repeat","background-position":"center center","background-size":"auto","background-attachment":"scroll","background-type":"","background-media":"","overlay-type":"","overlay-color":"","overlay-opacity":"","overlay-gradient":""},"mobile":{"background-color":"var(--ast-global-color-5)","background-image":"","background-repeat":"repeat","background-position":"center center","background-size":"auto","background-attachment":"scroll","background-type":"","background-media":"","overlay-type":"","overlay-color":"","overlay-opacity":"","overlay-gradient":""}},"footnotes":""},"class_list":["post-1684","page","type-page","status-publish","hentry"],"_links":{"self":[{"href":"https:\/\/myopiacare.com\/fr\/wp-json\/wp\/v2\/pages\/1684","targetHints":{"allow":["GET"]}}],"collection":[{"href":"https:\/\/myopiacare.com\/fr\/wp-json\/wp\/v2\/pages"}],"about":[{"href":"https:\/\/myopiacare.com\/fr\/wp-json\/wp\/v2\/types\/page"}],"author":[{"embeddable":true,"href":"https:\/\/myopiacare.com\/fr\/wp-json\/wp\/v2\/users\/2"}],"replies":[{"embeddable":true,"href":"https:\/\/myopiacare.com\/fr\/wp-json\/wp\/v2\/comments?post=1684"}],"version-history":[{"count":4,"href":"https:\/\/myopiacare.com\/fr\/wp-json\/wp\/v2\/pages\/1684\/revisions"}],"predecessor-version":[{"id":7174,"href":"https:\/\/myopiacare.com\/fr\/wp-json\/wp\/v2\/pages\/1684\/revisions\/7174"}],"wp:attachment":[{"href":"https:\/\/myopiacare.com\/fr\/wp-json\/wp\/v2\/media?parent=1684"}],"curies":[{"name":"wp","href":"https:\/\/api.w.org\/{rel}","templated":true}]}}