{"id":1289,"date":"2020-06-06T16:21:52","date_gmt":"2020-06-06T16:21:52","guid":{"rendered":"https:\/\/myopiacare.com\/best-clinical-practice-on-myopia-control\/"},"modified":"2020-08-22T14:48:11","modified_gmt":"2020-08-22T14:48:11","slug":"meilleures-pratiques-cliniques-pour-le-controle-de-la-myopie","status":"publish","type":"page","link":"https:\/\/myopiacare.com\/fr\/meilleures-pratiques-cliniques-pour-le-controle-de-la-myopie\/","title":{"rendered":"Meilleures pratiques cliniques pour le contr\u00f4le de la myopie"},"content":{"rendered":"\n<h4 class=\"wp-block-heading\">\u201cUtilisation d\u2019un calculateur pr\u00e9dictif de la myopie en combinaison avec un protocole de contr\u00f4le de la myopie\u201d\r\n<\/h4>\n\n\n\n<h6 class=\"wp-block-heading\">By Nick Dash : Optometrist, B.Sc. Hons (Optom) MC Optom, Dip SVA. And Pascal Blaser: Optometrist, M. Sc. In Vision Sciences<\/h6>\n\n\n\n<p>Les sp\u00e9cialistes de la vue et les chercheurs ont rapport\u00e9 une augmentation de la pr\u00e9valence de la myopie \u00e0 travers le monde. La cons\u00e9quence in\u00e9vitable de cette tendance peut \u00eatre catastrophique pour les patients qui non seulement deviendront plus d\u00e9pendent de lunettes et de verres de contact de plus en plus \u00e9pais et plus puissants, mais aussi seront plus \u00e0 risque de d\u00e9velopper une maladie myopique avec ses complications mena\u00e7antes pour la vision.<\/p>\n\n\n\n<p>C\u2019est ainsi que comme le souligne l\u2019Organisation Mondiale de la Sant\u00e9, l\u2019on pr\u00e9voit le chiffre <strong>global alarmant de 1 million de cas de c\u00e9cit\u00e9s potentielles en 2050&nbsp; dues \u00e0&nbsp; la myopie<\/strong>.<\/p>\n\n\n\n<p>Des chercheurs pro\u00e9minents ont rapport\u00e9 les preuves que la forte myopie doit \u00eatre maintenant consid\u00e9r\u00e9e comme un facteur de risque important  pour des pathologies graves qui m\u00e8nent vers la perte visuelle, comme le glaucome, la maculopathie, ou le d\u00e9collement de la r\u00e9tine, et qui constituent alors la \u2018Maladie Myopique Oculaire\u2019. Ceci concerne chaque myope pas seulement les cas les plus s\u00e9v\u00e8res.\r\n\r\n<\/p>\n\n\n\n<p>En tant que praticiens du traitement de la vue (PTVs) nous devrions non seulement corriger ou rechercher les erreurs de r\u00e9fraction mais nous avons aussi le devoir d\u2019intervenir dans la pr\u00e9vention de la pathologie oculaire. La mise en \u0153uvre d\u2019une strat\u00e9gie de limitation de la myopie deviendra un service de base durant l\u2019examen oculaire et la correction de la vision chez les enfants et les jeunes adultes.<\/p>\n\n\n\n<p>L\u2019utilisation d\u2019un calculateur pr\u00e9dictif de la myopie et de la strat\u00e9gie de traitement \u2018myopia.care\u2019 ciblera et guidera la prise en charge de ceux qui \u2018risquent\u2019 de d\u00e9velopper une maladie myopique, offrant  par la m\u00eame \u00e0 l\u2019enfant, au parent et au professionnel, un support complet tout au long de la d\u00e9marche; tout ceci en se basant sur une Recherche Mondiale  \u00e0 la fine pointe et l\u2019Exp\u00e9rience Professionnelle clinique des huit derni\u00e8res ann\u00e9es pass\u00e9es \u00e0 pratiquer le contr\u00f4le de la myopie.<\/p>\n\n\n\n<p><a href=\"https:\/\/myopiacare.com\/fr\"><strong>RETOUR<\/strong><\/a><\/p>\n","protected":false},"excerpt":{"rendered":"<p>\u201cUtilisation d\u2019un calculateur pr\u00e9dictif de la myopie en combinaison avec un protocole de contr\u00f4le de la myopie\u201d By Nick Dash : Optometrist, B.Sc. Hons (Optom) MC Optom, Dip SVA. And Pascal Blaser: Optometrist, M. Sc. In Vision Sciences Les sp\u00e9cialistes de la vue et les chercheurs ont rapport\u00e9 une augmentation de la pr\u00e9valence de la [&hellip;]<\/p>\n","protected":false},"author":2,"featured_media":0,"parent":0,"menu_order":0,"comment_status":"closed","ping_status":"closed","template":"","meta":{"site-sidebar-layout":"default","site-content-layout":"default","ast-site-content-layout":"default","site-content-style":"default","site-sidebar-style":"default","ast-global-header-display":"","ast-banner-title-visibility":"","ast-main-header-display":"","ast-hfb-above-header-display":"","ast-hfb-below-header-display":"","ast-hfb-mobile-header-display":"","site-post-title":"","ast-breadcrumbs-content":"","ast-featured-img":"","footer-sml-layout":"","ast-disable-related-posts":"","theme-transparent-header-meta":"default","adv-header-id-meta":"","stick-header-meta":"","header-above-stick-meta":"","header-main-stick-meta":"","header-below-stick-meta":"","astra-migrate-meta-layouts":"default","ast-page-background-enabled":"default","ast-page-background-meta":{"desktop":{"background-color":"","background-image":"","background-repeat":"repeat","background-position":"center center","background-size":"auto","background-attachment":"scroll","background-type":"","background-media":"","overlay-type":"","overlay-color":"","overlay-opacity":"","overlay-gradient":""},"tablet":{"background-color":"","background-image":"","background-repeat":"repeat","background-position":"center center","background-size":"auto","background-attachment":"scroll","background-type":"","background-media":"","overlay-type":"","overlay-color":"","overlay-opacity":"","overlay-gradient":""},"mobile":{"background-color":"","background-image":"","background-repeat":"repeat","background-position":"center center","background-size":"auto","background-attachment":"scroll","background-type":"","background-media":"","overlay-type":"","overlay-color":"","overlay-opacity":"","overlay-gradient":""}},"ast-content-background-meta":{"desktop":{"background-color":"var(--ast-global-color-5)","background-image":"","background-repeat":"repeat","background-position":"center center","background-size":"auto","background-attachment":"scroll","background-type":"","background-media":"","overlay-type":"","overlay-color":"","overlay-opacity":"","overlay-gradient":""},"tablet":{"background-color":"var(--ast-global-color-5)","background-image":"","background-repeat":"repeat","background-position":"center center","background-size":"auto","background-attachment":"scroll","background-type":"","background-media":"","overlay-type":"","overlay-color":"","overlay-opacity":"","overlay-gradient":""},"mobile":{"background-color":"var(--ast-global-color-5)","background-image":"","background-repeat":"repeat","background-position":"center center","background-size":"auto","background-attachment":"scroll","background-type":"","background-media":"","overlay-type":"","overlay-color":"","overlay-opacity":"","overlay-gradient":""}},"footnotes":""},"class_list":["post-1289","page","type-page","status-publish","hentry"],"_links":{"self":[{"href":"https:\/\/myopiacare.com\/fr\/wp-json\/wp\/v2\/pages\/1289","targetHints":{"allow":["GET"]}}],"collection":[{"href":"https:\/\/myopiacare.com\/fr\/wp-json\/wp\/v2\/pages"}],"about":[{"href":"https:\/\/myopiacare.com\/fr\/wp-json\/wp\/v2\/types\/page"}],"author":[{"embeddable":true,"href":"https:\/\/myopiacare.com\/fr\/wp-json\/wp\/v2\/users\/2"}],"replies":[{"embeddable":true,"href":"https:\/\/myopiacare.com\/fr\/wp-json\/wp\/v2\/comments?post=1289"}],"version-history":[{"count":3,"href":"https:\/\/myopiacare.com\/fr\/wp-json\/wp\/v2\/pages\/1289\/revisions"}],"predecessor-version":[{"id":1336,"href":"https:\/\/myopiacare.com\/fr\/wp-json\/wp\/v2\/pages\/1289\/revisions\/1336"}],"wp:attachment":[{"href":"https:\/\/myopiacare.com\/fr\/wp-json\/wp\/v2\/media?parent=1289"}],"curies":[{"name":"wp","href":"https:\/\/api.w.org\/{rel}","templated":true}]}}