{"id":1205,"date":"2020-08-20T17:31:50","date_gmt":"2020-08-20T17:31:50","guid":{"rendered":"https:\/\/myopiacare.com\/avis-de-non-responsabilite\/"},"modified":"2020-08-20T17:31:50","modified_gmt":"2020-08-20T17:31:50","slug":"avis-de-non-responsabilite","status":"publish","type":"page","link":"https:\/\/myopiacare.com\/fr\/avis-de-non-responsabilite\/","title":{"rendered":"Avis de non-responsabilit\u00e9"},"content":{"rendered":"\t\t<div data-elementor-type=\"wp-page\" data-elementor-id=\"1205\" class=\"elementor elementor-1205 elementor-261\" data-elementor-post-type=\"page\">\n\t\t\t\t\t\t<section class=\"elementor-section elementor-top-section elementor-element elementor-element-969db27 elementor-section-boxed elementor-section-height-default elementor-section-height-default\" data-id=\"969db27\" data-element_type=\"section\" data-e-type=\"section\">\n\t\t\t\t\t\t<div class=\"elementor-container elementor-column-gap-default\">\n\t\t\t\t\t<div class=\"elementor-column elementor-col-100 elementor-top-column elementor-element elementor-element-6dc452c2\" data-id=\"6dc452c2\" data-element_type=\"column\" data-e-type=\"column\">\n\t\t\t<div class=\"elementor-widget-wrap elementor-element-populated\">\n\t\t\t\t\t\t<div class=\"elementor-element elementor-element-3d68f2db elementor-widget elementor-widget-heading\" data-id=\"3d68f2db\" data-element_type=\"widget\" data-e-type=\"widget\" data-widget_type=\"heading.default\">\n\t\t\t\t<div class=\"elementor-widget-container\">\n\t\t\t\t\t<h2 class=\"elementor-heading-title elementor-size-default\">Avis de non-responsabilit\u00e9<\/h2>\t\t\t\t<\/div>\n\t\t\t\t<\/div>\n\t\t\t\t<div class=\"elementor-element elementor-element-5ebc9bb6 elementor-widget elementor-widget-text-editor\" data-id=\"5ebc9bb6\" data-element_type=\"widget\" data-e-type=\"widget\" data-widget_type=\"text-editor.default\">\n\t\t\t\t<div class=\"elementor-widget-container\">\n\t\t\t\t\t\t\t\t\t<h4>Myopia.Care vous donne des informations sur la myopie.<\/h4>\n<div>Pour obtenir des conseils concernant le traitement de la myopie, vous devez toujours consulter un ophtalmologue ou un optom\u00e9triste qui sont les seuls \u00e0 pouvoir effectuer les tests n\u00e9cessaires et vous conseiller de fa\u00e7on ad\u00e9quate. Alors que nous faisons tous les efforts pour maintenir les informations du site \u00e0 jour, la recherche scientifique sur la myopie est permanente et nous ne pouvons garantir que les informations pr\u00e9sentes sur le site actuellement sont correctes ou le seront \u00e0 l\u2019avenir. Le contenu du site et ainsi que tous les \u00e9changes que vous avez avec nous sont purement informatifs et ne sont pas des conseils. Vous devez consulter un ophtalmologiste ou un m\u00e9decin si vous avez des pr\u00e9occupations au sujet de votre sant\u00e9 oculaire ou de votre sant\u00e9 en g\u00e9n\u00e9ral \u00e0 la suite de la lecture du contenu du site ou apr\u00e8s toute correspondance avec nous.<\/div>\n<hr \/>\n<h5><strong><em>Ce texte est une traduction \u00e9lectronique. Pour lire le texte original, s\u2019il vous pla\u00eet choisir l\u2019anglais<\/em><\/strong><\/h5>\n<h4>D\u00e9ni de responsabilit\u00e9 m\u00e9dicale<\/h4>\n<p><strong>1. Aucun conseil<\/strong><br \/>\n1.1 Myopie soins et Myopia.care est un portail d\u2019information pour le contr\u00f4le Myopie.<br \/>\n<strong>2. optique et de l\u2019information m\u00e9dicale<\/strong><br \/>\n2.1 Notre site Web contient des informations m\u00e9dicales optique et g\u00e9n\u00e9rale.<br \/>\n2.2 Les renseignements m\u00e9dicaux ne sont pas des conseils et ne doit pas \u00eatre trait\u00e9e comme telle.<br \/>\n<strong>3. Aucune garantie<\/strong><br \/>\n3.1 L\u2019information m\u00e9dicale sur notre site est fourni sans aucune repr\u00e9sentation ou garantie, explicite ou implicite.<br \/>\n3.2 Sans limiter la port\u00e9e de l\u2019article 3.1, nous ne garantit pas que les renseignements m\u00e9dicaux sur ce site:<br \/>\n(A) sera constamment disponible, ou disponible \u00e0 tous; ou<br \/>\n(B) est vraie, pr\u00e9cise, compl\u00e8te, actuelle ou non trompeuse.<br \/>\n<strong>4. Assistance m\u00e9dicale<\/strong><br \/>\n4.1 Il ne faut pas compter sur l\u2019information sur notre site Web comme une alternative \u00e0 un avis m\u00e9dical de votre m\u00e9decin ou un autre professionnel de la sant\u00e9 professionnelle.<br \/>\n4.2 Si vous avez des questions pr\u00e9cises sur toute question m\u00e9dicale, vous devriez consulter votre m\u00e9decin ou un autre professionnel de la sant\u00e9 professionnelle.<br \/>\n4.3 Si vous pensez que vous souffrez peut-\u00eatre de toute condition m\u00e9dicale, vous devriez consulter imm\u00e9diatement un m\u00e9decin.<br \/>\n4.4 Vous ne devez jamais tarder \u00e0 demander un avis m\u00e9dical, ne pas tenir compte des conseils m\u00e9dicaux ou d\u2019interrompre un traitement m\u00e9dical en raison de l\u2019information sur notre site Web.<br \/>\n<strong>5. Les fonctionnalit\u00e9s interactives<\/strong><br \/>\n5.1 Notre site comprend des fonctionnalit\u00e9s interactives qui permettent aux utilisateurs de communiquer avec nous.<br \/>\n5.2 Vous reconnaissez que, en raison de la nature limit\u00e9e de la communication gr\u00e2ce \u00e0 des fonctionnalit\u00e9s interactives de notre site, toute aide que vous pouvez recevoir en utilisant une de ces fonctions est susceptible d\u2019\u00eatre incompl\u00e8te et peut m\u00eame induire en erreur.<br \/>\n5.3 Toute aide que vous pouvez recevoir l\u2019aide de fonctions interactives de tout notre site Web ne constitue pas des conseils sp\u00e9cifiques et par cons\u00e9quent ne doit pas \u00eatre invoqu\u00e9e sans confirmation ind\u00e9pendante suppl\u00e9mentaire.<\/p>\n<h3>Avertissement g\u00e9n\u00e9ral<\/h3>\n<h4>Responsabilit\u00e9 pour le contenu<\/h4>\n<p>Le contenu de nos pages ont \u00e9t\u00e9 cr\u00e9\u00e9es avec le plus grand soin. Cependant, nous ne pouvons pas garantir l\u2019exactitude, l\u2019exhaustivit\u00e9 ou l\u2019actualit\u00e9 des contenus. Conform\u00e9ment aux dispositions l\u00e9gales, nous sommes en outre responsables de notre propre contenu sur ces pages web. Dans ce contexte, s\u2019il vous pla\u00eet noter que nous sommes donc pas oblig\u00e9s de suivre simplement les informations transmises ou enregistr\u00e9es de tiers, ou d\u2019enqu\u00eater sur les circonstances pointant vers des activit\u00e9s ill\u00e9gales. Nos obligations pour supprimer ou bloquer l\u2019utilisation de l\u2019information en vertu des lois applicables en g\u00e9n\u00e9ral ne sont pas affect\u00e9es par ce que par \u00a7\u00a7 8 \u00e0 10 de la Loi Telemedia (TMG).<\/p>\n<h4>Responsabilit\u00e9 pour les liens<\/h4>\n<p>La responsabilit\u00e9 du contenu des liens externes (vers des pages Web de tiers) se trouve uniquement avec les op\u00e9rateurs des pages li\u00e9es. Aucune infraction n\u2019a \u00e9t\u00e9 \u00e9vident pour nous au moment de la liaison. Si aucune infraction l\u00e9gale fait conna\u00eetre \u00e0 nous, nous allons supprimer le lien correspondant imm\u00e9diatement.<\/p>\n<h4>Droits d\u2019auteur<\/h4>\n<p>Nos pages et leur contenu sont soumis au droit d\u2019auteur suisse. Sauf si express\u00e9ment autoris\u00e9e par la loi (\u00a7 44a et suiv. De la loi sur le droit d\u2019auteur), toute forme d\u2019utilisation, la reproduction ou le traitement des travaux soumis \u00e0 la protection du droit d\u2019auteur sur nos pages Web n\u00e9cessite le consentement pr\u00e9alable du propri\u00e9taire respectif des droits. reproductions individuelles d\u2019une \u0153uvre ne sont autoris\u00e9es que pour un usage priv\u00e9, donc ne doivent pas servir directement ou indirectement pour les gains. l\u2019utilisation non autoris\u00e9e d\u2019\u0153uvres prot\u00e9g\u00e9es est punissable (\u00a7 106 de la loi du droit d\u2019auteur).<\/p>\n<p>&nbsp;<\/p>\n\t\t\t\t\t\t\t\t<\/div>\n\t\t\t\t<\/div>\n\t\t\t\t\t<\/div>\n\t\t<\/div>\n\t\t\t\t\t<\/div>\n\t\t<\/section>\n\t\t\t\t<\/div>\n\t\t","protected":false},"excerpt":{"rendered":"<p>Avis de non-responsabilit\u00e9 Myopia.Care vous donne des informations sur la myopie. Pour obtenir des conseils concernant le traitement de la myopie, vous devez toujours consulter un ophtalmologue ou un optom\u00e9triste qui sont les seuls \u00e0 pouvoir effectuer les tests n\u00e9cessaires et vous conseiller de fa\u00e7on ad\u00e9quate. Alors que nous faisons tous les efforts pour maintenir [&hellip;]<\/p>\n","protected":false},"author":2,"featured_media":0,"parent":0,"menu_order":0,"comment_status":"closed","ping_status":"closed","template":"","meta":{"site-sidebar-layout":"no-sidebar","site-content-layout":"page-builder","ast-site-content-layout":"default","site-content-style":"default","site-sidebar-style":"default","ast-global-header-display":"","ast-banner-title-visibility":"","ast-main-header-display":"","ast-hfb-above-header-display":"","ast-hfb-below-header-display":"","ast-hfb-mobile-header-display":"","site-post-title":"disabled","ast-breadcrumbs-content":"","ast-featured-img":"disabled","footer-sml-layout":"","ast-disable-related-posts":"","theme-transparent-header-meta":"default","adv-header-id-meta":"","stick-header-meta":"","header-above-stick-meta":"","header-main-stick-meta":"","header-below-stick-meta":"","astra-migrate-meta-layouts":"default","ast-page-background-enabled":"default","ast-page-background-meta":{"desktop":{"background-color":"","background-image":"","background-repeat":"repeat","background-position":"center center","background-size":"auto","background-attachment":"scroll","background-type":"","background-media":"","overlay-type":"","overlay-color":"","overlay-opacity":"","overlay-gradient":""},"tablet":{"background-color":"","background-image":"","background-repeat":"repeat","background-position":"center center","background-size":"auto","background-attachment":"scroll","background-type":"","background-media":"","overlay-type":"","overlay-color":"","overlay-opacity":"","overlay-gradient":""},"mobile":{"background-color":"","background-image":"","background-repeat":"repeat","background-position":"center center","background-size":"auto","background-attachment":"scroll","background-type":"","background-media":"","overlay-type":"","overlay-color":"","overlay-opacity":"","overlay-gradient":""}},"ast-content-background-meta":{"desktop":{"background-color":"var(--ast-global-color-5)","background-image":"","background-repeat":"repeat","background-position":"center center","background-size":"auto","background-attachment":"scroll","background-type":"","background-media":"","overlay-type":"","overlay-color":"","overlay-opacity":"","overlay-gradient":""},"tablet":{"background-color":"var(--ast-global-color-5)","background-image":"","background-repeat":"repeat","background-position":"center center","background-size":"auto","background-attachment":"scroll","background-type":"","background-media":"","overlay-type":"","overlay-color":"","overlay-opacity":"","overlay-gradient":""},"mobile":{"background-color":"var(--ast-global-color-5)","background-image":"","background-repeat":"repeat","background-position":"center center","background-size":"auto","background-attachment":"scroll","background-type":"","background-media":"","overlay-type":"","overlay-color":"","overlay-opacity":"","overlay-gradient":""}},"footnotes":""},"class_list":["post-1205","page","type-page","status-publish","hentry"],"_links":{"self":[{"href":"https:\/\/myopiacare.com\/fr\/wp-json\/wp\/v2\/pages\/1205","targetHints":{"allow":["GET"]}}],"collection":[{"href":"https:\/\/myopiacare.com\/fr\/wp-json\/wp\/v2\/pages"}],"about":[{"href":"https:\/\/myopiacare.com\/fr\/wp-json\/wp\/v2\/types\/page"}],"author":[{"embeddable":true,"href":"https:\/\/myopiacare.com\/fr\/wp-json\/wp\/v2\/users\/2"}],"replies":[{"embeddable":true,"href":"https:\/\/myopiacare.com\/fr\/wp-json\/wp\/v2\/comments?post=1205"}],"version-history":[{"count":1,"href":"https:\/\/myopiacare.com\/fr\/wp-json\/wp\/v2\/pages\/1205\/revisions"}],"predecessor-version":[{"id":1206,"href":"https:\/\/myopiacare.com\/fr\/wp-json\/wp\/v2\/pages\/1205\/revisions\/1206"}],"wp:attachment":[{"href":"https:\/\/myopiacare.com\/fr\/wp-json\/wp\/v2\/media?parent=1205"}],"curies":[{"name":"wp","href":"https:\/\/api.w.org\/{rel}","templated":true}]}}