{"id":1718,"date":"2020-08-25T09:36:18","date_gmt":"2020-08-25T09:36:18","guid":{"rendered":"https:\/\/myopiacare.com\/aclaracion\/"},"modified":"2020-08-25T09:36:18","modified_gmt":"2020-08-25T09:36:18","slug":"aclaracion","status":"publish","type":"page","link":"https:\/\/myopiacare.com\/es\/aclaracion\/","title":{"rendered":"Aclaraci\u00f3n"},"content":{"rendered":"\t\t<div data-elementor-type=\"wp-page\" data-elementor-id=\"1718\" class=\"elementor elementor-1718 elementor-261\" data-elementor-post-type=\"page\">\n\t\t\t\t\t\t<section class=\"elementor-section elementor-top-section elementor-element elementor-element-969db27 elementor-section-boxed elementor-section-height-default elementor-section-height-default\" data-id=\"969db27\" data-element_type=\"section\" data-e-type=\"section\">\n\t\t\t\t\t\t<div class=\"elementor-container elementor-column-gap-default\">\n\t\t\t\t\t<div class=\"elementor-column elementor-col-100 elementor-top-column elementor-element elementor-element-6dc452c2\" data-id=\"6dc452c2\" data-element_type=\"column\" data-e-type=\"column\">\n\t\t\t<div class=\"elementor-widget-wrap elementor-element-populated\">\n\t\t\t\t\t\t<div class=\"elementor-element elementor-element-3d68f2db elementor-widget elementor-widget-heading\" data-id=\"3d68f2db\" data-element_type=\"widget\" data-e-type=\"widget\" data-widget_type=\"heading.default\">\n\t\t\t\t<div class=\"elementor-widget-container\">\n\t\t\t\t\t<h2 class=\"elementor-heading-title elementor-size-default\">Aclaraci\u00f3n<\/h2>\t\t\t\t<\/div>\n\t\t\t\t<\/div>\n\t\t\t\t<div class=\"elementor-element elementor-element-5ebc9bb6 elementor-widget elementor-widget-text-editor\" data-id=\"5ebc9bb6\" data-element_type=\"widget\" data-e-type=\"widget\" data-widget_type=\"text-editor.default\">\n\t\t\t\t<div class=\"elementor-widget-container\">\n\t\t\t\t\t\t\t\t\t<h4>Myopia care ofrece informaci\u00f3n sobre miop\u00eda.<\/h4>\n<p>Para consejos y manejo de la miop\u00eda, debe siempre consultar un experto en el cuidado de los ojos quien pueda llevar a cabo los ex\u00e1menes necesarios y aconsejarle adecuadamente. Mientras hacemos todo lo posible por mantener este sitio actualizado, la investigaci\u00f3n en la miop\u00eda avanza continuamente y no podemos garantizar que la informaci\u00f3n que ahorita contiene el sitio sea correcta o aplique en el futuro. El contenido de este sitio y cualquier correspondencia que pueda tener con nosotros es puramente informaci\u00f3n, no consejo. Debe consultar un a un profesional si tiene preocupaciones sobre sus ojos o su salud en general despu\u00e9s de haber leido nuestro contenido o haber tenido correspondencia con nosotros a trav\u00e9s del sitio.<\/p>\n<hr \/>\n<h5>Este texto es una traducci\u00f3n electr\u00f3nica. Para leer el texto original, por favor ELEGIR INGL\u00c9S<\/h5>\n<h2 class=\"page-title\">Exenci\u00f3n de responsabilidad m\u00e9dica<\/h2>\n<p><strong>1. Ning\u00fan consejo<\/strong><br \/>\n1.1 La miop\u00eda Cuidado y Myopia.care es un portal de informaci\u00f3n para el control de la miop\u00eda.<br \/>\n<strong>2. Informaci\u00f3n M\u00e9dica y \u00f3ptico<\/strong><br \/>\n2.1 Nuestro sitio web contiene informaci\u00f3n m\u00e9dica y \u00f3ptica general.<br \/>\n2.2 La informaci\u00f3n m\u00e9dica no es un consejo y no debe ser tratado como tal.<br \/>\n<strong>3. No hay garant\u00edas<\/strong><br \/>\n3.1 La informaci\u00f3n m\u00e9dica en nuestro sitio web se proporciona sin ninguna representaci\u00f3n o garant\u00eda, expresa o impl\u00edcita.<br \/>\n3.2 Sin limitar el alcance de la Secci\u00f3n 3.1, no garantiza ni declara que la informaci\u00f3n m\u00e9dica en este sitio web:<br \/>\n(A) estar\u00e1 constantemente disponible, o disponible en absoluto; o<br \/>\n(B) es verdadera, precisa, completa, actualizada o no inducir a error.<br \/>\n<strong>4. Asistencia M\u00e9dica<\/strong><br \/>\n4.1 No debe confiar en la informaci\u00f3n en nuestra p\u00e1gina web como una alternativa al consejo m\u00e9dico de su m\u00e9dico u otro profesional de la salud profesional.<br \/>\n4.2 Si usted tiene alguna pregunta espec\u00edfica acerca de cualquier asunto m\u00e9dico, usted debe consultar a su m\u00e9dico u otro profesional de la salud profesional.<br \/>\n4.3 Si cree que puede estar sufriendo de alguna condici\u00f3n m\u00e9dica, usted debe buscar atenci\u00f3n m\u00e9dica inmediata.<br \/>\n4.4 Nunca se debe retrasar la b\u00fasqueda de consejo m\u00e9dico, ignore los consejos m\u00e9dicos o interrumpir el tratamiento m\u00e9dico debido a la informaci\u00f3n en nuestra p\u00e1gina web.<br \/>\n<strong>5. Las caracter\u00edsticas interactivas<\/strong><br \/>\n5.1 Nuestro sitio web incluye caracter\u00edsticas interactivas que permiten a los usuarios comunicarse con nosotros.<br \/>\n5.2 Usted reconoce que, debido a la naturaleza limitada de la comunicaci\u00f3n a trav\u00e9s de caracter\u00edsticas interactivas de nuestro sitio Web, cualquier ayuda que puede recibir el uso de cualquiera de estas funciones es probable que sea incompleta e incluso puede ser enga\u00f1osa.<br \/>\n5.3 Cualquier ayuda puede recibir usando caracter\u00edsticas interactivas cualquiera de nuestra p\u00e1gina web no constituye asesoramiento espec\u00edfico y, en consecuencia, no debe confiarse en ella sin confirmaci\u00f3n independiente adicional.<\/p>\n<h4>Exenci\u00f3n de responsabilidad general<\/h4>\n<p><strong>La rendici\u00f3n de cuentas para el contenido<\/strong><\/p>\n<p>Los contenidos de nuestras p\u00e1ginas se han creado con el m\u00e1ximo cuidado. Sin embargo, no podemos garantizar que los contenidos \u2018exactitud, integridad o actualidad. De acuerdo con las disposiciones legales, que son, adem\u00e1s, responsables de nuestros propios contenidos en estas p\u00e1ginas web. En este contexto, tenga en cuenta que estamos en consecuencia, no la obligaci\u00f3n de controlar solamente la informaci\u00f3n transmitida o guardada de terceros, o investigar las circunstancias que apuntan a la actividad ilegal. Nuestras obligaciones de eliminar o bloquear el uso de informaci\u00f3n en virtud de las leyes aplicables en general, no se ver\u00e1n afectados por esto como por \u00a7\u00a7 8 a 10 de la Ley de Telemedia (TMG).<\/p>\n<h4>La rendici\u00f3n de cuentas para los enlaces<\/h4>\n<p>Responsabilidad por el contenido de enlaces externos (a p\u00e1ginas web de terceros) corresponde exclusivamente a los operadores de las p\u00e1ginas enlazadas. No hay violaci\u00f3nes fueron evidentes a nosotros en el momento de la vinculaci\u00f3n. En caso de cualquier infracci\u00f3n legal dado a conocer a nosotros, vamos a eliminar de inmediato el enlace correspondiente.<\/p>\n<h4>Derechos de autor<\/h4>\n<p>Nuestras p\u00e1ginas web y sus contenidos est\u00e1n protegidos por la ley suiza. A menos que est\u00e9 expresamente permitido por la ley (art\u00edculo 44 bis y ss. De la Ley de Propiedad Intelectual), toda forma de utilizaci\u00f3n, reproducci\u00f3n o transformaci\u00f3n de obras sujetas a protecci\u00f3n de copyright en nuestra p\u00e1gina web requiere el consentimiento previo del respectivo titular de los derechos. reproducciones individuales de una obra s\u00f3lo se permiten para uso privado, por lo que no han de servir ya sea directa o indirectamente para las ganancias. la utilizaci\u00f3n no autorizada de obras con derechos de autor se castiga (\u00a7 106 de la Ley de Propiedad Intelectual).<\/p>\n<p>Quelle: Pie de imprenta Mustervorlagen.de<\/p>\n\t\t\t\t\t\t\t\t<\/div>\n\t\t\t\t<\/div>\n\t\t\t\t\t<\/div>\n\t\t<\/div>\n\t\t\t\t\t<\/div>\n\t\t<\/section>\n\t\t\t\t<\/div>\n\t\t","protected":false},"excerpt":{"rendered":"<p>Aclaraci\u00f3n Myopia care ofrece informaci\u00f3n sobre miop\u00eda. Para consejos y manejo de la miop\u00eda, debe siempre consultar un experto en el cuidado de los ojos quien pueda llevar a cabo los ex\u00e1menes necesarios y aconsejarle adecuadamente. Mientras hacemos todo lo posible por mantener este sitio actualizado, la investigaci\u00f3n en la miop\u00eda avanza continuamente y no [&hellip;]<\/p>\n","protected":false},"author":2,"featured_media":0,"parent":0,"menu_order":0,"comment_status":"closed","ping_status":"closed","template":"","meta":{"site-sidebar-layout":"no-sidebar","site-content-layout":"page-builder","ast-site-content-layout":"default","site-content-style":"default","site-sidebar-style":"default","ast-global-header-display":"","ast-banner-title-visibility":"","ast-main-header-display":"","ast-hfb-above-header-display":"","ast-hfb-below-header-display":"","ast-hfb-mobile-header-display":"","site-post-title":"disabled","ast-breadcrumbs-content":"","ast-featured-img":"disabled","footer-sml-layout":"","ast-disable-related-posts":"","theme-transparent-header-meta":"default","adv-header-id-meta":"","stick-header-meta":"","header-above-stick-meta":"","header-main-stick-meta":"","header-below-stick-meta":"","astra-migrate-meta-layouts":"default","ast-page-background-enabled":"default","ast-page-background-meta":{"desktop":{"background-color":"","background-image":"","background-repeat":"repeat","background-position":"center center","background-size":"auto","background-attachment":"scroll","background-type":"","background-media":"","overlay-type":"","overlay-color":"","overlay-opacity":"","overlay-gradient":""},"tablet":{"background-color":"","background-image":"","background-repeat":"repeat","background-position":"center center","background-size":"auto","background-attachment":"scroll","background-type":"","background-media":"","overlay-type":"","overlay-color":"","overlay-opacity":"","overlay-gradient":""},"mobile":{"background-color":"","background-image":"","background-repeat":"repeat","background-position":"center center","background-size":"auto","background-attachment":"scroll","background-type":"","background-media":"","overlay-type":"","overlay-color":"","overlay-opacity":"","overlay-gradient":""}},"ast-content-background-meta":{"desktop":{"background-color":"var(--ast-global-color-5)","background-image":"","background-repeat":"repeat","background-position":"center center","background-size":"auto","background-attachment":"scroll","background-type":"","background-media":"","overlay-type":"","overlay-color":"","overlay-opacity":"","overlay-gradient":""},"tablet":{"background-color":"var(--ast-global-color-5)","background-image":"","background-repeat":"repeat","background-position":"center center","background-size":"auto","background-attachment":"scroll","background-type":"","background-media":"","overlay-type":"","overlay-color":"","overlay-opacity":"","overlay-gradient":""},"mobile":{"background-color":"var(--ast-global-color-5)","background-image":"","background-repeat":"repeat","background-position":"center center","background-size":"auto","background-attachment":"scroll","background-type":"","background-media":"","overlay-type":"","overlay-color":"","overlay-opacity":"","overlay-gradient":""}},"footnotes":""},"class_list":["post-1718","page","type-page","status-publish","hentry"],"_links":{"self":[{"href":"https:\/\/myopiacare.com\/es\/wp-json\/wp\/v2\/pages\/1718","targetHints":{"allow":["GET"]}}],"collection":[{"href":"https:\/\/myopiacare.com\/es\/wp-json\/wp\/v2\/pages"}],"about":[{"href":"https:\/\/myopiacare.com\/es\/wp-json\/wp\/v2\/types\/page"}],"author":[{"embeddable":true,"href":"https:\/\/myopiacare.com\/es\/wp-json\/wp\/v2\/users\/2"}],"replies":[{"embeddable":true,"href":"https:\/\/myopiacare.com\/es\/wp-json\/wp\/v2\/comments?post=1718"}],"version-history":[{"count":1,"href":"https:\/\/myopiacare.com\/es\/wp-json\/wp\/v2\/pages\/1718\/revisions"}],"predecessor-version":[{"id":1719,"href":"https:\/\/myopiacare.com\/es\/wp-json\/wp\/v2\/pages\/1718\/revisions\/1719"}],"wp:attachment":[{"href":"https:\/\/myopiacare.com\/es\/wp-json\/wp\/v2\/media?parent=1718"}],"curies":[{"name":"wp","href":"https:\/\/api.w.org\/{rel}","templated":true}]}}