{"id":3208,"date":"2020-09-06T17:53:53","date_gmt":"2020-09-06T17:53:53","guid":{"rendered":"https:\/\/myopiacare.com\/?page_id=3208"},"modified":"2020-09-06T18:22:06","modified_gmt":"2020-09-06T18:22:06","slug":"der-datenschutz-ist-uns-wichtig","status":"publish","type":"page","link":"https:\/\/myopiacare.com\/de\/der-datenschutz-ist-uns-wichtig\/","title":{"rendered":"Der Datenschutz ist uns wichtig\u200b"},"content":{"rendered":"\t\t<div data-elementor-type=\"wp-page\" data-elementor-id=\"3208\" class=\"elementor elementor-3208\" data-elementor-post-type=\"page\">\n\t\t\t\t\t\t<section class=\"elementor-section elementor-top-section elementor-element elementor-element-b520467 elementor-section-boxed elementor-section-height-default elementor-section-height-default\" data-id=\"b520467\" data-element_type=\"section\" data-e-type=\"section\">\n\t\t\t\t\t\t<div class=\"elementor-container elementor-column-gap-default\">\n\t\t\t\t\t<div class=\"elementor-column elementor-col-100 elementor-top-column elementor-element elementor-element-ee583bb\" data-id=\"ee583bb\" data-element_type=\"column\" data-e-type=\"column\">\n\t\t\t<div class=\"elementor-widget-wrap elementor-element-populated\">\n\t\t\t\t\t\t<div class=\"elementor-element elementor-element-ad4a4de elementor-widget elementor-widget-heading\" data-id=\"ad4a4de\" data-element_type=\"widget\" data-e-type=\"widget\" data-widget_type=\"heading.default\">\n\t\t\t\t<div class=\"elementor-widget-container\">\n\t\t\t\t\t<h2 class=\"elementor-heading-title elementor-size-default\">Der Datenschutz ist uns wichtig<\/h2>\t\t\t\t<\/div>\n\t\t\t\t<\/div>\n\t\t\t\t\t<\/div>\n\t\t<\/div>\n\t\t\t\t\t<\/div>\n\t\t<\/section>\n\t\t\t\t<section class=\"elementor-section elementor-top-section elementor-element elementor-element-f8edd02 elementor-section-boxed elementor-section-height-default elementor-section-height-default\" data-id=\"f8edd02\" data-element_type=\"section\" data-e-type=\"section\">\n\t\t\t\t\t\t<div class=\"elementor-container elementor-column-gap-default\">\n\t\t\t\t\t<div class=\"elementor-column elementor-col-100 elementor-top-column elementor-element elementor-element-445d795\" data-id=\"445d795\" data-element_type=\"column\" data-e-type=\"column\">\n\t\t\t<div class=\"elementor-widget-wrap elementor-element-populated\">\n\t\t\t\t\t\t<div class=\"elementor-element elementor-element-200cc13 elementor-widget elementor-widget-text-editor\" data-id=\"200cc13\" data-element_type=\"widget\" data-e-type=\"widget\" data-widget_type=\"text-editor.default\">\n\t\t\t\t<div class=\"elementor-widget-container\">\n\t\t\t\t\t\t\t\t\t<p>Ab dem 25. Mai 2018 gilt in der EU eine neue Allgemeine Datenschutzverordnung (DSGVO).\u00a0Aus diesem Grund haben wir unsere Datenschutzerkl\u00e4rung aktualisiert und verschiedene \u00c4nderungen an unserer Website vorgenommen.<\/p><p>Ab heute gilt unsere aktualisierte Datenschutzerkl\u00e4rung, die speziell an die neue Verordnung angepasst wurde.<\/p><p>Die wichtigsten \u00c4nderungen wurden hinsichtlich der Datenl\u00f6schung und Anonymisierung vorgenommen.<\/p><h2>Was ist neu?<\/h2><ol><li>Die aktualisierte\u00a0<a href=\"https:\/\/www.myopiacare.com\/de\/datenschutz\/\">Datenschutzerkl\u00e4rung<\/a>\u00a0wurde an die neue Regelungen angepasst. Indem Sie unseren Service nutzen, erkl\u00e4ren Sie sich automatisch mit unserer Datenschutzerkl\u00e4rung einverstanden.<\/li><li><div>Die Daten vom \u00f6ffentlichen Fragebogen werden jeden Monat automatisch gel\u00f6scht, wenn diese nicht innerhalb von 180 Tagen (sechs Monaten) von einem Augenspezialisten auf dessen professionellen Seite verwendet\/importiert wurden. Oder vorher durch senden einer\u00a0<a href=\"mailto:privacy@myopiacare.com\">EMAIL<\/a>\u00a0an den Datenschutzbeauftragten.<\/div><\/li><li><div>Der Augenspezialist kann die Daten des Patienten in seinem gesch\u00fctzten Bereich jederzeit im Men\u00fc \u201e<a href=\"https:\/\/www.myopiacare.com\/de\/dsgvo-datenschutz-aktualisierung\/.https:\/\/www.myopia.care\/my_records\">Meine Kunden<\/a>\u201c vollst\u00e4ndig l\u00f6schen.\u00a0<\/div><\/li><\/ol>\t\t\t\t\t\t\t\t<\/div>\n\t\t\t\t<\/div>\n\t\t\t\t<div class=\"elementor-element elementor-element-1c656af elementor-widget elementor-widget-image\" data-id=\"1c656af\" data-element_type=\"widget\" data-e-type=\"widget\" data-widget_type=\"image.default\">\n\t\t\t\t<div class=\"elementor-widget-container\">\n\t\t\t\t\t\t\t\t\t\t\t\t\t\t\t\t<a href=\"https:\/\/myopiacare.com\/wp-content\/uploads\/2020\/09\/patient-details-de-1024x268-1.png\" data-elementor-open-lightbox=\"yes\" data-elementor-lightbox-title=\"patient-details-de-1024x268\" data-e-action-hash=\"#elementor-action%3Aaction%3Dlightbox%26settings%3DeyJpZCI6MzI5NSwidXJsIjoiaHR0cHM6XC9cL215b3BpYWNhcmUuY29tXC93cC1jb250ZW50XC91cGxvYWRzXC8yMDIwXC8wOVwvcGF0aWVudC1kZXRhaWxzLWRlLTEwMjR4MjY4LTEucG5nIn0%3D\">\n\t\t\t\t\t\t\t<img fetchpriority=\"high\" decoding=\"async\" width=\"1024\" height=\"268\" src=\"https:\/\/myopiacare.com\/wp-content\/uploads\/2020\/09\/patient-details-de-1024x268-1.png\" class=\"attachment-large size-large wp-image-3295\" alt=\"\" srcset=\"https:\/\/myopiacare.com\/wp-content\/uploads\/2020\/09\/patient-details-de-1024x268-1.png 1024w, https:\/\/myopiacare.com\/wp-content\/uploads\/2020\/09\/patient-details-de-1024x268-1-300x79.png 300w, https:\/\/myopiacare.com\/wp-content\/uploads\/2020\/09\/patient-details-de-1024x268-1-768x201.png 768w\" sizes=\"(max-width: 1024px) 100vw, 1024px\" \/>\t\t\t\t\t\t\t\t<\/a>\n\t\t\t\t\t\t\t\t\t\t\t\t\t\t\t<\/div>\n\t\t\t\t<\/div>\n\t\t\t\t<div class=\"elementor-element elementor-element-c7f7395 elementor-widget elementor-widget-text-editor\" data-id=\"c7f7395\" data-element_type=\"widget\" data-e-type=\"widget\" data-widget_type=\"text-editor.default\">\n\t\t\t\t<div class=\"elementor-widget-container\">\n\t\t\t\t\t\t\t\t\t<p>4. Der Augenspezialist kann seinen Zugang und die Daten jederzeit vollst\u00e4ndig in seinem Profil oder \u00fcber diesen\u00a0<a href=\"https:\/\/www.myopia.care\/pro_close_account\" target=\"_blank\" rel=\"noopener\">LINK<\/a>\u00a0schlie\u00dfen.\u00a0<\/p>\t\t\t\t\t\t\t\t<\/div>\n\t\t\t\t<\/div>\n\t\t\t\t<div class=\"elementor-element elementor-element-0de1d82 elementor-widget elementor-widget-image\" data-id=\"0de1d82\" data-element_type=\"widget\" data-e-type=\"widget\" data-widget_type=\"image.default\">\n\t\t\t\t<div class=\"elementor-widget-container\">\n\t\t\t\t\t\t\t\t\t\t\t\t\t\t\t<img decoding=\"async\" width=\"411\" height=\"275\" src=\"https:\/\/myopiacare.com\/wp-content\/uploads\/2020\/09\/close-account-de-1.png\" class=\"attachment-large size-large wp-image-3262\" alt=\"\" srcset=\"https:\/\/myopiacare.com\/wp-content\/uploads\/2020\/09\/close-account-de-1.png 411w, https:\/\/myopiacare.com\/wp-content\/uploads\/2020\/09\/close-account-de-1-300x201.png 300w\" sizes=\"(max-width: 411px) 100vw, 411px\" \/>\t\t\t\t\t\t\t\t\t\t\t\t\t\t\t<\/div>\n\t\t\t\t<\/div>\n\t\t\t\t<div class=\"elementor-element elementor-element-fab7625 elementor-widget elementor-widget-text-editor\" data-id=\"fab7625\" data-element_type=\"widget\" data-e-type=\"widget\" data-widget_type=\"text-editor.default\">\n\t\t\t\t<div class=\"elementor-widget-container\">\n\t\t\t\t\t\t\t\t\t<p>5. Mit diesem\u00a0<a href=\"https:\/\/www.myopia.care\/remove_my_data\" target=\"_blank\" rel=\"noopener\">LINK<\/a>\u00a0kann der Benutzer seine Daten aus dem \u00f6ffentlichen Fragebogen l\u00f6schen, solange der Code nicht von einem Augenspezialisten importiert wurde. Der Code ist notwendig, um diesen Prozess fortzusetzen.\u00a0<\/p>\t\t\t\t\t\t\t\t<\/div>\n\t\t\t\t<\/div>\n\t\t\t\t<div class=\"elementor-element elementor-element-21603c5 elementor-widget elementor-widget-image\" data-id=\"21603c5\" data-element_type=\"widget\" data-e-type=\"widget\" data-widget_type=\"image.default\">\n\t\t\t\t<div class=\"elementor-widget-container\">\n\t\t\t\t\t\t\t\t\t\t\t\t\t\t\t<img decoding=\"async\" width=\"1024\" height=\"303\" src=\"https:\/\/myopiacare.com\/wp-content\/uploads\/2020\/09\/delete-test-details-de-1024x303-1.png\" class=\"attachment-large size-large wp-image-3284\" alt=\"\" srcset=\"https:\/\/myopiacare.com\/wp-content\/uploads\/2020\/09\/delete-test-details-de-1024x303-1.png 1024w, https:\/\/myopiacare.com\/wp-content\/uploads\/2020\/09\/delete-test-details-de-1024x303-1-300x89.png 300w, https:\/\/myopiacare.com\/wp-content\/uploads\/2020\/09\/delete-test-details-de-1024x303-1-768x227.png 768w\" sizes=\"(max-width: 1024px) 100vw, 1024px\" \/>\t\t\t\t\t\t\t\t\t\t\t\t\t\t\t<\/div>\n\t\t\t\t<\/div>\n\t\t\t\t<div class=\"elementor-element elementor-element-600ae5d elementor-widget elementor-widget-text-editor\" data-id=\"600ae5d\" data-element_type=\"widget\" data-e-type=\"widget\" data-widget_type=\"text-editor.default\">\n\t\t\t\t<div class=\"elementor-widget-container\">\n\t\t\t\t\t\t\t\t\t<p>6. Wir brauchen keine pers\u00f6nlichen Kontaktdaten des Patienten. Zur Identifikation gen\u00fcgt ein individueller Code von dem Augenspezialisten.\u00a0Alle weiteren Informationen werden f\u00fcr unseren Service ben\u00f6tigt.\u00a0<\/p>\t\t\t\t\t\t\t\t<\/div>\n\t\t\t\t<\/div>\n\t\t\t\t<div class=\"elementor-element elementor-element-42231e1 elementor-widget elementor-widget-image\" data-id=\"42231e1\" data-element_type=\"widget\" data-e-type=\"widget\" data-widget_type=\"image.default\">\n\t\t\t\t<div class=\"elementor-widget-container\">\n\t\t\t\t\t\t\t\t\t\t\t\t\t\t\t<img fetchpriority=\"high\" decoding=\"async\" width=\"1024\" height=\"268\" src=\"https:\/\/myopiacare.com\/wp-content\/uploads\/2020\/09\/patient-details-de-1024x268-1.png\" class=\"attachment-large size-large wp-image-3295\" alt=\"\" srcset=\"https:\/\/myopiacare.com\/wp-content\/uploads\/2020\/09\/patient-details-de-1024x268-1.png 1024w, https:\/\/myopiacare.com\/wp-content\/uploads\/2020\/09\/patient-details-de-1024x268-1-300x79.png 300w, https:\/\/myopiacare.com\/wp-content\/uploads\/2020\/09\/patient-details-de-1024x268-1-768x201.png 768w\" sizes=\"(max-width: 1024px) 100vw, 1024px\" \/>\t\t\t\t\t\t\t\t\t\t\t\t\t\t\t<\/div>\n\t\t\t\t<\/div>\n\t\t\t\t<div class=\"elementor-element elementor-element-0ed87a8 elementor-widget elementor-widget-text-editor\" data-id=\"0ed87a8\" data-element_type=\"widget\" data-e-type=\"widget\" data-widget_type=\"text-editor.default\">\n\t\t\t\t<div class=\"elementor-widget-container\">\n\t\t\t\t\t\t\t\t\t<h4><span style=\"color: #ff0000;\">Alle diese Prozesse sind irreversibel.<\/span><\/h4><div id=\"content-wrap\" class=\"wrap contentclass\" role=\"document\"><div id=\"content\" class=\"container\"><div class=\"row\"><div class=\"main col-md-12 kt-nosidebar\" role=\"main\"><div class=\"postclass pageclass clearfix entry-content\"><h4>Wir versichern Ihnen und Ihren Patienten den h\u00f6chstm\u00f6glichen Datenschutz.<\/h4><\/div><\/div><\/div><\/div><\/div>\t\t\t\t\t\t\t\t<\/div>\n\t\t\t\t<\/div>\n\t\t\t\t\t<\/div>\n\t\t<\/div>\n\t\t\t\t\t<\/div>\n\t\t<\/section>\n\t\t\t\t<\/div>\n\t\t","protected":false},"excerpt":{"rendered":"<p>Der Datenschutz ist uns wichtig Ab dem 25. Mai 2018 gilt in der EU eine neue Allgemeine Datenschutzverordnung (DSGVO).\u00a0Aus diesem Grund haben wir unsere Datenschutzerkl\u00e4rung aktualisiert und verschiedene \u00c4nderungen an unserer Website vorgenommen. Ab heute gilt unsere aktualisierte Datenschutzerkl\u00e4rung, die speziell an die neue Verordnung angepasst wurde. Die wichtigsten \u00c4nderungen wurden hinsichtlich der Datenl\u00f6schung und [&hellip;]<\/p>\n","protected":false},"author":2,"featured_media":0,"parent":0,"menu_order":0,"comment_status":"closed","ping_status":"closed","template":"","meta":{"site-sidebar-layout":"no-sidebar","site-content-layout":"page-builder","ast-site-content-layout":"default","site-content-style":"default","site-sidebar-style":"default","ast-global-header-display":"","ast-banner-title-visibility":"","ast-main-header-display":"","ast-hfb-above-header-display":"","ast-hfb-below-header-display":"","ast-hfb-mobile-header-display":"","site-post-title":"disabled","ast-breadcrumbs-content":"","ast-featured-img":"disabled","footer-sml-layout":"","ast-disable-related-posts":"","theme-transparent-header-meta":"default","adv-header-id-meta":"","stick-header-meta":"","header-above-stick-meta":"","header-main-stick-meta":"","header-below-stick-meta":"","astra-migrate-meta-layouts":"default","ast-page-background-enabled":"default","ast-page-background-meta":{"desktop":{"background-color":"","background-image":"","background-repeat":"repeat","background-position":"center center","background-size":"auto","background-attachment":"scroll","background-type":"","background-media":"","overlay-type":"","overlay-color":"","overlay-opacity":"","overlay-gradient":""},"tablet":{"background-color":"","background-image":"","background-repeat":"repeat","background-position":"center center","background-size":"auto","background-attachment":"scroll","background-type":"","background-media":"","overlay-type":"","overlay-color":"","overlay-opacity":"","overlay-gradient":""},"mobile":{"background-color":"","background-image":"","background-repeat":"repeat","background-position":"center center","background-size":"auto","background-attachment":"scroll","background-type":"","background-media":"","overlay-type":"","overlay-color":"","overlay-opacity":"","overlay-gradient":""}},"ast-content-background-meta":{"desktop":{"background-color":"var(--ast-global-color-5)","background-image":"","background-repeat":"repeat","background-position":"center center","background-size":"auto","background-attachment":"scroll","background-type":"","background-media":"","overlay-type":"","overlay-color":"","overlay-opacity":"","overlay-gradient":""},"tablet":{"background-color":"var(--ast-global-color-5)","background-image":"","background-repeat":"repeat","background-position":"center center","background-size":"auto","background-attachment":"scroll","background-type":"","background-media":"","overlay-type":"","overlay-color":"","overlay-opacity":"","overlay-gradient":""},"mobile":{"background-color":"var(--ast-global-color-5)","background-image":"","background-repeat":"repeat","background-position":"center center","background-size":"auto","background-attachment":"scroll","background-type":"","background-media":"","overlay-type":"","overlay-color":"","overlay-opacity":"","overlay-gradient":""}},"footnotes":""},"class_list":["post-3208","page","type-page","status-publish","hentry"],"_links":{"self":[{"href":"https:\/\/myopiacare.com\/de\/wp-json\/wp\/v2\/pages\/3208","targetHints":{"allow":["GET"]}}],"collection":[{"href":"https:\/\/myopiacare.com\/de\/wp-json\/wp\/v2\/pages"}],"about":[{"href":"https:\/\/myopiacare.com\/de\/wp-json\/wp\/v2\/types\/page"}],"author":[{"embeddable":true,"href":"https:\/\/myopiacare.com\/de\/wp-json\/wp\/v2\/users\/2"}],"replies":[{"embeddable":true,"href":"https:\/\/myopiacare.com\/de\/wp-json\/wp\/v2\/comments?post=3208"}],"version-history":[{"count":6,"href":"https:\/\/myopiacare.com\/de\/wp-json\/wp\/v2\/pages\/3208\/revisions"}],"predecessor-version":[{"id":3348,"href":"https:\/\/myopiacare.com\/de\/wp-json\/wp\/v2\/pages\/3208\/revisions\/3348"}],"wp:attachment":[{"href":"https:\/\/myopiacare.com\/de\/wp-json\/wp\/v2\/media?parent=3208"}],"curies":[{"name":"wp","href":"https:\/\/api.w.org\/{rel}","templated":true}]}}