{"id":2748,"date":"2020-09-03T20:41:12","date_gmt":"2020-09-03T20:41:12","guid":{"rendered":"https:\/\/myopiacare.com\/?page_id=2748"},"modified":"2021-09-02T18:26:43","modified_gmt":"2021-09-02T18:26:43","slug":"personalisierte-broschuere-myopiemanagement","status":"publish","type":"page","link":"https:\/\/myopiacare.com\/de\/personalisierte-broschuere-myopiemanagement\/","title":{"rendered":"personalisierte Brosch\u00fcre Myopiemanagement"},"content":{"rendered":"\t\t<div data-elementor-type=\"wp-page\" data-elementor-id=\"2748\" class=\"elementor elementor-2748\" data-elementor-post-type=\"page\">\n\t\t\t\t\t\t<section class=\"elementor-section elementor-top-section elementor-element elementor-element-b4c6606 elementor-section-boxed elementor-section-height-default elementor-section-height-default\" data-id=\"b4c6606\" data-element_type=\"section\" data-e-type=\"section\">\n\t\t\t\t\t\t<div class=\"elementor-container elementor-column-gap-default\">\n\t\t\t\t\t<div class=\"elementor-column elementor-col-100 elementor-top-column elementor-element elementor-element-5779f57\" data-id=\"5779f57\" data-element_type=\"column\" data-e-type=\"column\">\n\t\t\t<div class=\"elementor-widget-wrap elementor-element-populated\">\n\t\t\t\t\t\t<div class=\"elementor-element elementor-element-9164fae elementor-widget elementor-widget-heading\" data-id=\"9164fae\" data-element_type=\"widget\" data-e-type=\"widget\" data-widget_type=\"heading.default\">\n\t\t\t\t<div class=\"elementor-widget-container\">\n\t\t\t\t\t<h2 class=\"elementor-heading-title elementor-size-default\">Personalisieren Sie die Informationsbrosch\u00fcre mit Ihrem Logo und Anschrift\n<\/h2>\t\t\t\t<\/div>\n\t\t\t\t<\/div>\n\t\t\t\t\t<\/div>\n\t\t<\/div>\n\t\t\t\t\t<\/div>\n\t\t<\/section>\n\t\t\t\t<section class=\"elementor-section elementor-top-section elementor-element elementor-element-e38c4af elementor-section-boxed elementor-section-height-default elementor-section-height-default\" data-id=\"e38c4af\" data-element_type=\"section\" data-e-type=\"section\">\n\t\t\t\t\t\t<div class=\"elementor-container elementor-column-gap-default\">\n\t\t\t\t\t<div class=\"elementor-column elementor-col-100 elementor-top-column elementor-element elementor-element-9b61607\" data-id=\"9b61607\" data-element_type=\"column\" data-e-type=\"column\">\n\t\t\t<div class=\"elementor-widget-wrap elementor-element-populated\">\n\t\t\t\t\t\t<div class=\"elementor-element elementor-element-034906f elementor-widget elementor-widget-text-editor\" data-id=\"034906f\" data-element_type=\"widget\" data-e-type=\"widget\" data-widget_type=\"text-editor.default\">\n\t\t\t\t<div class=\"elementor-widget-container\">\n\t\t\t\t\t\t\t\t\t<h4>Ab einer Bestellmenge von 750 St\u00fcck k\u00f6nnen Sie die Informationsbrosch\u00fcre f\u00fcr Eltern mit Ihrem Logo und Ihrer Firmenanschrift auf der letzten Seite der Brosch\u00fcre personalisieren lassen.<\/h4><p><strong><em>Die Brosch\u00fcre wird f\u00fcr <u>Deutschland und \u00d6sterreich von unserem\u00a0Partner\u00a0<\/u><\/em><em><a href=\"https:\/\/www.visus.de\/\" target=\"_blank\" rel=\"noopener\"><u>VISUS<\/u><\/a><\/em><em><u>\u00a0<\/u>angeboten, verpackt und direkt mit Rechnung an Sie geliefert.<\/em><\/strong><\/p><p>Zus\u00e4tzlich zum Druckpreis k\u00f6nnen Lieferkosten, Verzollung und je nach Bestimmungsland auch die Mehrwertsteuer hinzu.\u00a0<\/p><p>Ein Probedruck ist inklusive. Dieser muss schriftlich freigegeben werden.<\/p><h3>Folgend finden Sie die netto Preise f\u00fcr die personalisierte Brosch\u00fcre in der Schweiz:<\/h3>\t\t\t\t\t\t\t\t<\/div>\n\t\t\t\t<\/div>\n\t\t\t\t\t<\/div>\n\t\t<\/div>\n\t\t\t\t\t<\/div>\n\t\t<\/section>\n\t\t\t\t<section class=\"elementor-section elementor-top-section elementor-element elementor-element-920ebad elementor-section-boxed elementor-section-height-default elementor-section-height-default\" data-id=\"920ebad\" data-element_type=\"section\" data-e-type=\"section\">\n\t\t\t\t\t\t<div class=\"elementor-container elementor-column-gap-default\">\n\t\t\t\t\t<div class=\"elementor-column elementor-col-50 elementor-top-column elementor-element elementor-element-cecd9a1\" data-id=\"cecd9a1\" data-element_type=\"column\" data-e-type=\"column\">\n\t\t\t<div class=\"elementor-widget-wrap elementor-element-populated\">\n\t\t\t\t\t\t<div class=\"elementor-element elementor-element-0a5d654 elementor-button-align-stretch elementor-widget elementor-widget-form\" data-id=\"0a5d654\" data-element_type=\"widget\" data-e-type=\"widget\" data-settings=\"{&quot;step_next_label&quot;:&quot;N\\u00e4chster&quot;,&quot;step_previous_label&quot;:&quot;Voriger&quot;,&quot;button_width&quot;:&quot;100&quot;,&quot;step_type&quot;:&quot;number_text&quot;,&quot;step_icon_shape&quot;:&quot;circle&quot;}\" data-widget_type=\"form.default\">\n\t\t\t\t<div class=\"elementor-widget-container\">\n\t\t\t\t\t\t\t<form class=\"elementor-form\" method=\"post\" name=\"Neues Formular\" aria-label=\"Neues Formular\">\n\t\t\t<input type=\"hidden\" name=\"post_id\" value=\"2748\"\/>\n\t\t\t<input type=\"hidden\" name=\"form_id\" value=\"0a5d654\"\/>\n\t\t\t<input type=\"hidden\" name=\"referer_title\" value=\"personalisierte Brosch\u00fcre Myopiemanagement - Myopia.Care - the eye care management support for myopia control\" \/>\n\n\t\t\t\t\t\t\t<input type=\"hidden\" name=\"queried_id\" value=\"2748\"\/>\n\t\t\t\n\t\t\t<div class=\"elementor-form-fields-wrapper elementor-labels-above\">\n\t\t\t\t\t\t\t\t<div class=\"elementor-field-type-text elementor-field-group elementor-column elementor-field-group-name elementor-col-100\">\n\t\t\t\t\t\t\t\t\t\t\t\t<label for=\"form-field-name\" class=\"elementor-field-label\">\n\t\t\t\t\t\t\t\tName\t\t\t\t\t\t\t<\/label>\n\t\t\t\t\t\t\t\t\t\t\t\t\t\t<input size=\"1\" type=\"text\" name=\"form_fields[name]\" id=\"form-field-name\" class=\"elementor-field elementor-size-sm  elementor-field-textual\" placeholder=\"Name\">\n\t\t\t\t\t\t\t\t\t\t\t<\/div>\n\t\t\t\t\t\t\t\t<div class=\"elementor-field-type-email elementor-field-group elementor-column elementor-field-group-email elementor-col-100 elementor-field-required\">\n\t\t\t\t\t\t\t\t\t\t\t\t<label for=\"form-field-email\" class=\"elementor-field-label\">\n\t\t\t\t\t\t\t\tE-Mail\t\t\t\t\t\t\t<\/label>\n\t\t\t\t\t\t\t\t\t\t\t\t\t\t<input size=\"1\" type=\"email\" name=\"form_fields[email]\" id=\"form-field-email\" class=\"elementor-field elementor-size-sm  elementor-field-textual\" placeholder=\"E-Mail\" required=\"required\">\n\t\t\t\t\t\t\t\t\t\t\t<\/div>\n\t\t\t\t\t\t\t\t<div class=\"elementor-field-type-textarea elementor-field-group elementor-column elementor-field-group-message elementor-col-100\">\n\t\t\t\t\t\t\t\t\t\t\t\t<label for=\"form-field-message\" class=\"elementor-field-label\">\n\t\t\t\t\t\t\t\tKontaktdaten zum Logo\t\t\t\t\t\t\t<\/label>\n\t\t\t\t\t\t<textarea class=\"elementor-field-textual elementor-field  elementor-size-sm\" name=\"form_fields[message]\" id=\"form-field-message\" rows=\"4\" placeholder=\"Senden Sie die Kontaktdaten zum Logo f\u00fcr Ihr Adressfeld\"><\/textarea>\t\t\t\t<\/div>\n\t\t\t\t\t\t\t\t<div class=\"elementor-field-type-upload elementor-field-group elementor-column elementor-field-group-field_7bd6c59 elementor-col-100\">\n\t\t\t\t\t\t\t\t\t\t\t\t<label for=\"form-field-field_7bd6c59\" class=\"elementor-field-label\">\n\t\t\t\t\t\t\t\tSenden Sie uns Ihre Logo\t\t\t\t\t\t\t<\/label>\n\t\t\t\t\t\t\t\t<input type=\"file\" name=\"form_fields[field_7bd6c59]\" id=\"form-field-field_7bd6c59\" class=\"elementor-field elementor-size-sm  elementor-upload-field\" data-maxsize=\"6\" data-maxsize-message=\"Diese Datei \u00fcbersteigt die maximale Dateigr\u00f6\u00dfe.\">\n\n\t\t\t\t\t\t<\/div>\n\t\t\t\t\t\t\t\t<div class=\"elementor-field-type-select elementor-field-group elementor-column elementor-field-group-field_82feb4e elementor-col-75\">\n\t\t\t\t\t\t\t\t\t\t\t\t<label for=\"form-field-field_82feb4e\" class=\"elementor-field-label\">\n\t\t\t\t\t\t\t\tW\u00e4hlen Sie die St\u00fcckzahl (inkl. Porto, exkl. MwSt)\t\t\t\t\t\t\t<\/label>\n\t\t\t\t\t\t\t\t<div class=\"elementor-field elementor-select-wrapper remove-before \">\n\t\t\t<div class=\"select-caret-down-wrapper\">\n\t\t\t\t<svg aria-hidden=\"true\" class=\"e-font-icon-svg e-eicon-caret-down\" viewBox=\"0 0 571.4 571.4\" xmlns=\"http:\/\/www.w3.org\/2000\/svg\"><path d=\"M571 393Q571 407 561 418L311 668Q300 679 286 679T261 668L11 418Q0 407 0 393T11 368 36 357H536Q550 357 561 368T571 393Z\"><\/path><\/svg>\t\t\t<\/div>\n\t\t\t<select name=\"form_fields[field_82feb4e]\" id=\"form-field-field_82feb4e\" class=\"elementor-field-textual elementor-size-sm\">\n\t\t\t\t\t\t\t\t\t<option value=\"750 St\u00fcck = 700 CHF\">750 St\u00fcck = 700 CHF<\/option>\n\t\t\t\t\t\t\t\t\t<option value=\"1000 St\u00fcck = 800 CHF\">1000 St\u00fcck = 800 CHF<\/option>\n\t\t\t\t\t\t\t\t\t<option value=\"1500 St\u00fcck = 1000 CHF\">1500 St\u00fcck = 1000 CHF<\/option>\n\t\t\t\t\t\t\t\t\t<option value=\"2000 St\u00fcck = 1200 CHF\">2000 St\u00fcck = 1200 CHF<\/option>\n\t\t\t\t\t\t\t<\/select>\n\t\t<\/div>\n\t\t\t\t\t\t<\/div>\n\t\t\t\t\t\t\t\t<div class=\"elementor-field-type-recaptcha_v3 elementor-field-group elementor-column elementor-field-group-field_05c676a elementor-col-100 recaptcha_v3-bottomright\">\n\t\t\t\t\t<div class=\"elementor-field\" id=\"form-field-field_05c676a\"><div class=\"elementor-g-recaptcha\" data-sitekey=\"6Lcgt_sUAAAAALdORtmzOXa5_nM2vTSwL9hjOsgU\" data-type=\"v3\" data-action=\"Form\" data-badge=\"bottomright\" data-size=\"invisible\"><\/div><\/div>\t\t\t\t<\/div>\n\t\t\t\t\t\t\t\t<div class=\"elementor-field-group elementor-column elementor-field-type-submit elementor-col-100 e-form__buttons\">\n\t\t\t\t\t<button class=\"elementor-button elementor-size-sm\" type=\"submit\">\n\t\t\t\t\t\t<span class=\"elementor-button-content-wrapper\">\n\t\t\t\t\t\t\t\t\t\t\t\t\t\t\t\t\t\t\t\t\t\t<span class=\"elementor-button-text\">Senden<\/span>\n\t\t\t\t\t\t\t\t\t\t\t\t\t<\/span>\n\t\t\t\t\t<\/button>\n\t\t\t\t<\/div>\n\t\t\t<\/div>\n\t\t<\/form>\n\t\t\t\t\t\t<\/div>\n\t\t\t\t<\/div>\n\t\t\t\t\t<\/div>\n\t\t<\/div>\n\t\t\t\t<div class=\"elementor-column elementor-col-50 elementor-top-column elementor-element elementor-element-d517792\" data-id=\"d517792\" data-element_type=\"column\" data-e-type=\"column\">\n\t\t\t<div class=\"elementor-widget-wrap elementor-element-populated\">\n\t\t\t\t\t\t<div class=\"elementor-element elementor-element-f7fc574 elementor-widget elementor-widget-image\" data-id=\"f7fc574\" data-element_type=\"widget\" data-e-type=\"widget\" data-widget_type=\"image.default\">\n\t\t\t\t<div class=\"elementor-widget-container\">\n\t\t\t\t\t\t\t\t\t\t\t\t\t\t\t<img fetchpriority=\"high\" decoding=\"async\" width=\"435\" height=\"619\" src=\"https:\/\/myopiacare.com\/wp-content\/uploads\/2020\/09\/Broschuere_Myopie_DE-CH-A5-v1s-Letzte-Seite-Logo-Firma.png\" class=\"attachment-large size-large wp-image-2752\" alt=\"\" srcset=\"https:\/\/myopiacare.com\/wp-content\/uploads\/2020\/09\/Broschuere_Myopie_DE-CH-A5-v1s-Letzte-Seite-Logo-Firma.png 435w, https:\/\/myopiacare.com\/wp-content\/uploads\/2020\/09\/Broschuere_Myopie_DE-CH-A5-v1s-Letzte-Seite-Logo-Firma-211x300.png 211w\" sizes=\"(max-width: 435px) 100vw, 435px\" \/>\t\t\t\t\t\t\t\t\t\t\t\t\t\t\t<\/div>\n\t\t\t\t<\/div>\n\t\t\t\t\t<\/div>\n\t\t<\/div>\n\t\t\t\t\t<\/div>\n\t\t<\/section>\n\t\t\t\t<\/div>\n\t\t","protected":false},"excerpt":{"rendered":"<p>Personalisieren Sie die Informationsbrosch\u00fcre mit Ihrem Logo und Anschrift Ab einer Bestellmenge von 750 St\u00fcck k\u00f6nnen Sie die Informationsbrosch\u00fcre f\u00fcr Eltern mit Ihrem Logo und Ihrer Firmenanschrift auf der letzten Seite der Brosch\u00fcre personalisieren lassen. Die Brosch\u00fcre wird f\u00fcr Deutschland und \u00d6sterreich von unserem\u00a0Partner\u00a0VISUS\u00a0angeboten, verpackt und direkt mit Rechnung an Sie geliefert. Zus\u00e4tzlich zum Druckpreis [&hellip;]<\/p>\n","protected":false},"author":4,"featured_media":0,"parent":0,"menu_order":0,"comment_status":"closed","ping_status":"closed","template":"","meta":{"site-sidebar-layout":"no-sidebar","site-content-layout":"page-builder","ast-site-content-layout":"default","site-content-style":"default","site-sidebar-style":"default","ast-global-header-display":"","ast-banner-title-visibility":"","ast-main-header-display":"","ast-hfb-above-header-display":"","ast-hfb-below-header-display":"","ast-hfb-mobile-header-display":"","site-post-title":"disabled","ast-breadcrumbs-content":"","ast-featured-img":"disabled","footer-sml-layout":"","ast-disable-related-posts":"","theme-transparent-header-meta":"default","adv-header-id-meta":"","stick-header-meta":"","header-above-stick-meta":"","header-main-stick-meta":"","header-below-stick-meta":"","astra-migrate-meta-layouts":"default","ast-page-background-enabled":"default","ast-page-background-meta":{"desktop":{"background-color":"","background-image":"","background-repeat":"repeat","background-position":"center center","background-size":"auto","background-attachment":"scroll","background-type":"","background-media":"","overlay-type":"","overlay-color":"","overlay-opacity":"","overlay-gradient":""},"tablet":{"background-color":"","background-image":"","background-repeat":"repeat","background-position":"center center","background-size":"auto","background-attachment":"scroll","background-type":"","background-media":"","overlay-type":"","overlay-color":"","overlay-opacity":"","overlay-gradient":""},"mobile":{"background-color":"","background-image":"","background-repeat":"repeat","background-position":"center center","background-size":"auto","background-attachment":"scroll","background-type":"","background-media":"","overlay-type":"","overlay-color":"","overlay-opacity":"","overlay-gradient":""}},"ast-content-background-meta":{"desktop":{"background-color":"var(--ast-global-color-5)","background-image":"","background-repeat":"repeat","background-position":"center center","background-size":"auto","background-attachment":"scroll","background-type":"","background-media":"","overlay-type":"","overlay-color":"","overlay-opacity":"","overlay-gradient":""},"tablet":{"background-color":"var(--ast-global-color-5)","background-image":"","background-repeat":"repeat","background-position":"center center","background-size":"auto","background-attachment":"scroll","background-type":"","background-media":"","overlay-type":"","overlay-color":"","overlay-opacity":"","overlay-gradient":""},"mobile":{"background-color":"var(--ast-global-color-5)","background-image":"","background-repeat":"repeat","background-position":"center center","background-size":"auto","background-attachment":"scroll","background-type":"","background-media":"","overlay-type":"","overlay-color":"","overlay-opacity":"","overlay-gradient":""}},"footnotes":""},"class_list":["post-2748","page","type-page","status-publish","hentry"],"_links":{"self":[{"href":"https:\/\/myopiacare.com\/de\/wp-json\/wp\/v2\/pages\/2748","targetHints":{"allow":["GET"]}}],"collection":[{"href":"https:\/\/myopiacare.com\/de\/wp-json\/wp\/v2\/pages"}],"about":[{"href":"https:\/\/myopiacare.com\/de\/wp-json\/wp\/v2\/types\/page"}],"author":[{"embeddable":true,"href":"https:\/\/myopiacare.com\/de\/wp-json\/wp\/v2\/users\/4"}],"replies":[{"embeddable":true,"href":"https:\/\/myopiacare.com\/de\/wp-json\/wp\/v2\/comments?post=2748"}],"version-history":[{"count":37,"href":"https:\/\/myopiacare.com\/de\/wp-json\/wp\/v2\/pages\/2748\/revisions"}],"predecessor-version":[{"id":5414,"href":"https:\/\/myopiacare.com\/de\/wp-json\/wp\/v2\/pages\/2748\/revisions\/5414"}],"wp:attachment":[{"href":"https:\/\/myopiacare.com\/de\/wp-json\/wp\/v2\/media?parent=2748"}],"curies":[{"name":"wp","href":"https:\/\/api.w.org\/{rel}","templated":true}]}}