{"id":2094,"date":"2020-05-24T15:01:35","date_gmt":"2020-05-24T15:01:35","guid":{"rendered":"https:\/\/myopiacare.com\/thanks\/"},"modified":"2023-03-18T17:43:31","modified_gmt":"2023-03-18T17:43:31","slug":"thanks","status":"publish","type":"page","link":"https:\/\/myopiacare.com\/de\/thanks\/","title":{"rendered":"Danke"},"content":{"rendered":"\t\t<div data-elementor-type=\"wp-page\" data-elementor-id=\"2094\" class=\"elementor elementor-2094 elementor-277\" data-elementor-post-type=\"page\">\n\t\t\t\t\t\t<section class=\"elementor-section elementor-top-section elementor-element elementor-element-325b3eaf elementor-section-height-min-height elementor-section-boxed elementor-section-height-default elementor-section-items-middle\" data-id=\"325b3eaf\" data-element_type=\"section\" data-e-type=\"section\" data-settings=\"{&quot;background_background&quot;:&quot;classic&quot;,&quot;background_motion_fx_motion_fx_scrolling&quot;:&quot;yes&quot;,&quot;background_motion_fx_translateY_effect&quot;:&quot;yes&quot;,&quot;background_motion_fx_translateY_direction&quot;:&quot;negative&quot;,&quot;background_motion_fx_translateY_speed&quot;:{&quot;unit&quot;:&quot;px&quot;,&quot;size&quot;:5,&quot;sizes&quot;:[]},&quot;background_motion_fx_translateY_affectedRange&quot;:{&quot;unit&quot;:&quot;%&quot;,&quot;size&quot;:&quot;&quot;,&quot;sizes&quot;:{&quot;start&quot;:0,&quot;end&quot;:100}},&quot;background_motion_fx_devices&quot;:[&quot;desktop&quot;,&quot;tablet&quot;,&quot;mobile&quot;]}\">\n\t\t\t\t\t\t<div class=\"elementor-container elementor-column-gap-default\">\n\t\t\t\t\t<div class=\"elementor-column elementor-col-100 elementor-top-column elementor-element elementor-element-7e8f5a99\" data-id=\"7e8f5a99\" data-element_type=\"column\" data-e-type=\"column\">\n\t\t\t<div class=\"elementor-widget-wrap elementor-element-populated\">\n\t\t\t\t\t\t<div class=\"elementor-element elementor-element-6a228b55 elementor-widget elementor-widget-heading\" data-id=\"6a228b55\" data-element_type=\"widget\" data-e-type=\"widget\" data-widget_type=\"heading.default\">\n\t\t\t\t<div class=\"elementor-widget-container\">\n\t\t\t\t\t<h2 class=\"elementor-heading-title elementor-size-default\">Nur vielen Dank.<\/h2>\t\t\t\t<\/div>\n\t\t\t\t<\/div>\n\t\t\t\t<div class=\"elementor-element elementor-element-298781b7 elementor-widget elementor-widget-text-editor\" data-id=\"298781b7\" data-element_type=\"widget\" data-e-type=\"widget\" data-widget_type=\"text-editor.default\">\n\t\t\t\t<div class=\"elementor-widget-container\">\n\t\t\t\t\t\t\t\t\t<p>f\u00fcr Ihre Unterst\u00fctzung und Hilfe bei diesem Projekt.<\/p>\n\t\t\t\t\t\t\t\t<\/div>\n\t\t\t\t<\/div>\n\t\t\t\t\t<\/div>\n\t\t<\/div>\n\t\t\t\t\t<\/div>\n\t\t<\/section>\n\t\t\t\t<section class=\"elementor-section elementor-top-section elementor-element elementor-element-5db11ea1 elementor-section-boxed elementor-section-height-default elementor-section-height-default\" data-id=\"5db11ea1\" data-element_type=\"section\" data-e-type=\"section\">\n\t\t\t\t\t\t<div class=\"elementor-container elementor-column-gap-default\">\n\t\t\t\t\t<div class=\"elementor-column elementor-col-100 elementor-top-column elementor-element elementor-element-50229da2\" data-id=\"50229da2\" data-element_type=\"column\" data-e-type=\"column\">\n\t\t\t<div class=\"elementor-widget-wrap elementor-element-populated\">\n\t\t\t\t\t\t<div class=\"elementor-element elementor-element-4c306ecf elementor-widget elementor-widget-heading\" data-id=\"4c306ecf\" data-element_type=\"widget\" data-e-type=\"widget\" data-widget_type=\"heading.default\">\n\t\t\t\t<div class=\"elementor-widget-container\">\n\t\t\t\t\t<h2 class=\"elementor-heading-title elementor-size-default\">Wir sind stolz auf unsere Arbeit.<\/h2>\t\t\t\t<\/div>\n\t\t\t\t<\/div>\n\t\t\t\t<div class=\"elementor-element elementor-element-6ddb9146 elementor-widget elementor-widget-heading\" data-id=\"6ddb9146\" data-element_type=\"widget\" data-e-type=\"widget\" data-widget_type=\"heading.default\">\n\t\t\t\t<div class=\"elementor-widget-container\">\n\t\t\t\t\t<h4 class=\"elementor-heading-title elementor-size-default\">'DIE PR\u00c4VENTION VON PROGRESSIVER MYOPIA'<\/h4>\t\t\t\t<\/div>\n\t\t\t\t<\/div>\n\t\t\t\t<div class=\"elementor-element elementor-element-ac95a0 elementor-widget elementor-widget-text-editor\" data-id=\"ac95a0\" data-element_type=\"widget\" data-e-type=\"widget\" data-widget_type=\"text-editor.default\">\n\t\t\t\t<div class=\"elementor-widget-container\">\n\t\t\t\t\t\t\t\t\t<p>Ein gro\u00dfes Projekt wie dieses kann nicht realisiert werden, wenn Partner, Freunde und Familie uns nicht helfen und unterst\u00fctzen, wie sie es getan haben.<br \/>Auf diese Weise m\u00f6chten wir danke an alle, die uns helfen, &#8222;MyopieCare&#8220; als Plattform f\u00fcr Kurzsichtigkeitskontrolle zu entwickeln.<br \/>Nat\u00fcrlich muss als erstes der Dank an unsere Familien gehen. Sie haben uns in dem Projekt am meisten unterst\u00fctzt, Geduld aufgebracht und uns f\u00fcr viele Stunden f\u00fcr die Entwicklung entbehrt! Danke! Vielen Dank!<\/p>\t\t\t\t\t\t\t\t<\/div>\n\t\t\t\t<\/div>\n\t\t\t\t<div class=\"elementor-element elementor-element-288f7ab4 elementor-widget elementor-widget-text-editor\" data-id=\"288f7ab4\" data-element_type=\"widget\" data-e-type=\"widget\" data-widget_type=\"text-editor.default\">\n\t\t\t\t<div class=\"elementor-widget-container\">\n\t\t\t\t\t\t\t\t\t<p><strong>Wir danken Ihnen herzlich f\u00fcr Ihre Unterst\u00fctzung:<\/strong><\/p>\n\t\t\t\t\t\t\t\t<\/div>\n\t\t\t\t<\/div>\n\t\t\t\t<div class=\"elementor-element elementor-element-585b677a elementor-widget elementor-widget-text-editor\" data-id=\"585b677a\" data-element_type=\"widget\" data-e-type=\"widget\" data-widget_type=\"text-editor.default\">\n\t\t\t\t<div class=\"elementor-widget-container\">\n\t\t\t\t\t\t\t\t\t<ul>\n<li><a href=\"https:\/\/www.tsiounis.com\/\" target=\"_blank\" rel=\"noopener\">Andreas Tsiounis<\/a> und Familie<\/li>\n<li>Thibaud Poirier<\/li>\n<li>Racodon Flore<\/li>\n<li><a href=\"http:\/\/optometrieonline.de\/\" target=\"_blank\" rel=\"noopener\">Andreas Polzer<\/a><\/li>\n<li>Jo Mackenzie<\/li>\n<li>Isabel Cobos<\/li>\n<li><a href=\"http:\/\/www.optilens.ch\/de\/\" target=\"_blank\" rel=\"noopener noreferrer\">Raymond E. W\u00e4lti<\/a><\/li>\n<li>Sebastian Mircea<\/li>\n<li><a href=\"http:\/\/www.toolbox.ch\/\" target=\"_blank\" rel=\"noopener\">Claudia und Ross Grant<\/a><\/li>\n<li><a href=\"http:\/\/www.camarillooptometryvsp.com\/\" target=\"_blank\" rel=\"noopener\">Richard L. Anderson<\/a><\/li>\n<li><a href=\"http:\/\/www.eyeness.ch\/\" target=\"_blank\" rel=\"noopener\">Michael Wyss<\/a><\/li>\n<li><a href=\"http:\/\/pro-sehen.de\/\" target=\"_blank\" rel=\"noopener\">Danny K\u00f6hler<\/a><\/li>\n<li><a href=\"http:\/\/www.interoptik.no\/\" target=\"_blank\" rel=\"noopener noreferrer\">Erik Robertstad<\/a><\/li>\n<li><a href=\"http:\/\/hkos.hk\/\" target=\"_blank\" rel=\"noopener noreferrer\">Tony Chung<\/a><\/li>\n<li><a href=\"http:\/\/www.morimoto.co.uk\/\" target=\"_blank\" rel=\"noopener noreferrer\">Keiko Morimoto (Illustrationen)<\/a><\/li><li><a href=\"https:\/\/www.optikamv.cz\" target=\"_blank\" rel=\"noopener\">Ivan Vymyslicky<\/a><\/li>\n<\/ul>\t\t\t\t\t\t\t\t<\/div>\n\t\t\t\t<\/div>\n\t\t\t\t<div class=\"elementor-element elementor-element-4664b8a5 elementor-widget elementor-widget-text-editor\" data-id=\"4664b8a5\" data-element_type=\"widget\" data-e-type=\"widget\" data-widget_type=\"text-editor.default\">\n\t\t\t\t<div class=\"elementor-widget-container\">\n\t\t\t\t\t\t\t\t\t<p>Und vieles mehr&#8230;<\/p>\n\t\t\t\t\t\t\t\t<\/div>\n\t\t\t\t<\/div>\n\t\t\t\t\t<\/div>\n\t\t<\/div>\n\t\t\t\t\t<\/div>\n\t\t<\/section>\n\t\t\t\t<\/div>\n\t\t","protected":false},"excerpt":{"rendered":"<p>Nur vielen Dank. f\u00fcr Ihre Unterst\u00fctzung und Hilfe bei diesem Projekt. Wir sind stolz auf unsere Arbeit. &#8218;DIE PR\u00c4VENTION VON PROGRESSIVER MYOPIA&#8216; Ein gro\u00dfes Projekt wie dieses kann nicht realisiert werden, wenn Partner, Freunde und Familie uns nicht helfen und unterst\u00fctzen, wie sie es getan haben.Auf diese Weise m\u00f6chten wir danke an alle, die uns [&hellip;]<\/p>\n","protected":false},"author":2,"featured_media":0,"parent":0,"menu_order":0,"comment_status":"closed","ping_status":"closed","template":"","meta":{"site-sidebar-layout":"no-sidebar","site-content-layout":"page-builder","ast-site-content-layout":"default","site-content-style":"default","site-sidebar-style":"default","ast-global-header-display":"","ast-banner-title-visibility":"","ast-main-header-display":"","ast-hfb-above-header-display":"","ast-hfb-below-header-display":"","ast-hfb-mobile-header-display":"","site-post-title":"disabled","ast-breadcrumbs-content":"","ast-featured-img":"disabled","footer-sml-layout":"","ast-disable-related-posts":"","theme-transparent-header-meta":"default","adv-header-id-meta":"","stick-header-meta":"","header-above-stick-meta":"","header-main-stick-meta":"","header-below-stick-meta":"","astra-migrate-meta-layouts":"default","ast-page-background-enabled":"default","ast-page-background-meta":{"desktop":{"background-color":"","background-image":"","background-repeat":"repeat","background-position":"center center","background-size":"auto","background-attachment":"scroll","background-type":"","background-media":"","overlay-type":"","overlay-color":"","overlay-opacity":"","overlay-gradient":""},"tablet":{"background-color":"","background-image":"","background-repeat":"repeat","background-position":"center center","background-size":"auto","background-attachment":"scroll","background-type":"","background-media":"","overlay-type":"","overlay-color":"","overlay-opacity":"","overlay-gradient":""},"mobile":{"background-color":"","background-image":"","background-repeat":"repeat","background-position":"center center","background-size":"auto","background-attachment":"scroll","background-type":"","background-media":"","overlay-type":"","overlay-color":"","overlay-opacity":"","overlay-gradient":""}},"ast-content-background-meta":{"desktop":{"background-color":"var(--ast-global-color-5)","background-image":"","background-repeat":"repeat","background-position":"center center","background-size":"auto","background-attachment":"scroll","background-type":"","background-media":"","overlay-type":"","overlay-color":"","overlay-opacity":"","overlay-gradient":""},"tablet":{"background-color":"var(--ast-global-color-5)","background-image":"","background-repeat":"repeat","background-position":"center center","background-size":"auto","background-attachment":"scroll","background-type":"","background-media":"","overlay-type":"","overlay-color":"","overlay-opacity":"","overlay-gradient":""},"mobile":{"background-color":"var(--ast-global-color-5)","background-image":"","background-repeat":"repeat","background-position":"center center","background-size":"auto","background-attachment":"scroll","background-type":"","background-media":"","overlay-type":"","overlay-color":"","overlay-opacity":"","overlay-gradient":""}},"footnotes":""},"class_list":["post-2094","page","type-page","status-publish","hentry"],"_links":{"self":[{"href":"https:\/\/myopiacare.com\/de\/wp-json\/wp\/v2\/pages\/2094","targetHints":{"allow":["GET"]}}],"collection":[{"href":"https:\/\/myopiacare.com\/de\/wp-json\/wp\/v2\/pages"}],"about":[{"href":"https:\/\/myopiacare.com\/de\/wp-json\/wp\/v2\/types\/page"}],"author":[{"embeddable":true,"href":"https:\/\/myopiacare.com\/de\/wp-json\/wp\/v2\/users\/2"}],"replies":[{"embeddable":true,"href":"https:\/\/myopiacare.com\/de\/wp-json\/wp\/v2\/comments?post=2094"}],"version-history":[{"count":15,"href":"https:\/\/myopiacare.com\/de\/wp-json\/wp\/v2\/pages\/2094\/revisions"}],"predecessor-version":[{"id":7823,"href":"https:\/\/myopiacare.com\/de\/wp-json\/wp\/v2\/pages\/2094\/revisions\/7823"}],"wp:attachment":[{"href":"https:\/\/myopiacare.com\/de\/wp-json\/wp\/v2\/media?parent=2094"}],"curies":[{"name":"wp","href":"https:\/\/api.w.org\/{rel}","templated":true}]}}