{"id":1764,"date":"2020-08-25T19:08:49","date_gmt":"2020-08-25T19:08:49","guid":{"rendered":"https:\/\/myopiacare.com\/?page_id=1764"},"modified":"2020-08-25T19:44:45","modified_gmt":"2020-08-25T19:44:45","slug":"myopia-management-text-fuer-die-spezialisten-webseite","status":"publish","type":"page","link":"https:\/\/myopiacare.com\/de\/myopia-management-text-fuer-die-spezialisten-webseite\/","title":{"rendered":"Myopia Management Text f\u00fcr die Spezialisten Webseite"},"content":{"rendered":"\t\t<div data-elementor-type=\"wp-page\" data-elementor-id=\"1764\" class=\"elementor elementor-1764\" data-elementor-post-type=\"page\">\n\t\t\t\t\t\t<section class=\"elementor-section elementor-top-section elementor-element elementor-element-cedc7a6 elementor-section-boxed elementor-section-height-default elementor-section-height-default\" data-id=\"cedc7a6\" data-element_type=\"section\" data-e-type=\"section\">\n\t\t\t\t\t\t<div class=\"elementor-container elementor-column-gap-default\">\n\t\t\t\t\t<div class=\"elementor-column elementor-col-100 elementor-top-column elementor-element elementor-element-1b13ffd\" data-id=\"1b13ffd\" data-element_type=\"column\" data-e-type=\"column\">\n\t\t\t<div class=\"elementor-widget-wrap elementor-element-populated\">\n\t\t\t\t\t\t<div class=\"elementor-element elementor-element-0d0d7b7 elementor-widget elementor-widget-heading\" data-id=\"0d0d7b7\" data-element_type=\"widget\" data-e-type=\"widget\" data-widget_type=\"heading.default\">\n\t\t\t\t<div class=\"elementor-widget-container\">\n\t\t\t\t\t<h2 class=\"elementor-heading-title elementor-size-default\">Myopia Management Text f\u00fcr die Spezialisten Webseite\n<\/h2>\t\t\t\t<\/div>\n\t\t\t\t<\/div>\n\t\t\t\t<div class=\"elementor-element elementor-element-2115ebe elementor-widget elementor-widget-text-editor\" data-id=\"2115ebe\" data-element_type=\"widget\" data-e-type=\"widget\" data-widget_type=\"text-editor.default\">\n\t\t\t\t<div class=\"elementor-widget-container\">\n\t\t\t\t\t\t\t\t\t<p>Immer wieder werden wir von unseren Mitgliedern mit der Frage konfrontiert, wie sie das Thema Myopie Management auf der eigenen Webseite unterbringen k\u00f6nnen und ob wir Texte dazu haben. Es scheint klar zu sein, dass Sie sich mit einem ordentlichen Online-Auftritt professionell darstellen, Kunden informieren und Neukunden gewinnen k\u00f6nnen. Zur Effektivit\u00e4t und warum man sich eine spezifische Seite auf der Firmen-Webseite erstellen sollte, hatte ich schon mal in einem <a href=\"https:\/\/myopiacare.com\/de\/myopia-care-website-integration\/\" target=\"_blank\" rel=\"noopener\">Beitrag<\/a> beschrieben.<\/p>\n<p>Hiermit stelle ich Ihnen als Mitglied einen Vorschlag zur Verf\u00fcgung, den Sie sich auf Ihre Webseite kopieren d\u00fcrfen. Das Copyright bleibt bei mir, daher bitte ich Sie, am Ende des Textes auf unsere Webseite zu verweisen: \u201eDieser Text wurde von&nbsp;<a href=\"https:\/\/www.myopiacare.org\/de\/\" target=\"_blank\" rel=\"noopener\">www.myopiacare.org<\/a>&nbsp;mit freundlicher Genehmigung zur Verf\u00fcgung gestellt.\u201c<\/p>\n<p>Zur einfachen Integration des Inhaltes k\u00f6nnen Sie die HTML Datei&nbsp;<a href=\"https:\/\/myopiacare.com\/wp-content\/uploads\/2020\/05\/embedded-code-myopia-care-short-code.rtf\" target=\"_blank\" rel=\"noopener\">HIER<\/a> herunterladen. In dieser habe ich den Myopia Care Fragebogen direkt mit integriert. Der Nutzen dieser Integration k\u00f6nnen Sie auch in dem Beitrag nachlesen. Viel Spass &amp; Erfolg!<\/p>\n<p><\/p>\n<hr>\n<h4>Was ist Kurzsichtigkeit und warum m\u00fcssen wir uns schon bei Kindern um diese k\u00fcmmern?<\/h4>\n<p>Die Kurzsichtigkeit, in der Fachsprache \u201eMyopie\u201c, ist ein ein Sehfehler, bei der man in der Ferne nicht deutlich sieht, z.B. die Wandtafel in der Schule aus den hinteren Reihen. Myopie ist eine sehr h\u00e4ufige Fehlsichtigkeit, die in der Regel bei Kindern im Schulalter beginnt und weiter fortschreiten kann bis das Auge nicht mehr w\u00e4chst. Aber auch im Erwachsenenalter kann sich die Kurzsichtigkeit weiter entwickeln.<\/p>\t\t\t\t\t\t\t\t<\/div>\n\t\t\t\t<\/div>\n\t\t\t\t\t<\/div>\n\t\t<\/div>\n\t\t\t\t\t<\/div>\n\t\t<\/section>\n\t\t\t\t<section class=\"elementor-section elementor-top-section elementor-element elementor-element-646db2d elementor-section-boxed elementor-section-height-default elementor-section-height-default\" data-id=\"646db2d\" data-element_type=\"section\" data-e-type=\"section\">\n\t\t\t\t\t\t<div class=\"elementor-container elementor-column-gap-default\">\n\t\t\t\t\t<div class=\"elementor-column elementor-col-50 elementor-top-column elementor-element elementor-element-ccafa91\" data-id=\"ccafa91\" data-element_type=\"column\" data-e-type=\"column\">\n\t\t\t<div class=\"elementor-widget-wrap elementor-element-populated\">\n\t\t\t\t\t\t<div class=\"elementor-element elementor-element-201c8f0 elementor-widget elementor-widget-text-editor\" data-id=\"201c8f0\" data-element_type=\"widget\" data-e-type=\"widget\" data-widget_type=\"text-editor.default\">\n\t\t\t\t<div class=\"elementor-widget-container\">\n\t\t\t\t\t\t\t\t\t<p>Die h\u00e4ufigste Form der Myopie ist die Vergr\u00f6\u00dferung des Augapfels, wodurch die Netzhaut gestreckt wird und das Risiko von m\u00f6glichen Komplikationen steigt.\u00a0Die Kurzsichtigkeit erh\u00f6ht das Risiko durch Sehprobleme bei Katarakt (Grauen Star), Glaukom (Gr\u00fcner Star), Netzhautabl\u00f6sung und myopischen Makulopathie.<br \/>Einer von 4 Myopen mit einer h\u00f6heren Kurzsichtigkeit als -5.00 dpt. wird im Laufe seines Lebens eine myopische Makulopathie bekommen.<br \/>Die Tabelle zeigt das erh\u00f6hte Risiko von Augenerkrankungen durch Kurzsichtigkeit.<\/p>\t\t\t\t\t\t\t\t<\/div>\n\t\t\t\t<\/div>\n\t\t\t\t\t<\/div>\n\t\t<\/div>\n\t\t\t\t<div class=\"elementor-column elementor-col-50 elementor-top-column elementor-element elementor-element-0c81814\" data-id=\"0c81814\" data-element_type=\"column\" data-e-type=\"column\">\n\t\t\t<div class=\"elementor-widget-wrap elementor-element-populated\">\n\t\t\t\t\t\t<div class=\"elementor-element elementor-element-f989eed elementor-widget elementor-widget-image\" data-id=\"f989eed\" data-element_type=\"widget\" data-e-type=\"widget\" data-widget_type=\"image.default\">\n\t\t\t\t<div class=\"elementor-widget-container\">\n\t\t\t\t\t\t\t\t\t\t\t\t\t\t\t<img fetchpriority=\"high\" decoding=\"async\" width=\"1024\" height=\"349\" src=\"https:\/\/myopiacare.com\/wp-content\/uploads\/2020\/08\/Odds-ratios-of-pathology-risk-with-increasing-myopia-summarised-from-Flitcroft-2012-DE-1024x349.jpg\" class=\"attachment-large size-large wp-image-1769\" alt=\"Odds-ratios-of-pathology-risk-with-increasing-myopia-summarised-from-Flitcroft-2012-DE\" srcset=\"https:\/\/myopiacare.com\/wp-content\/uploads\/2020\/08\/Odds-ratios-of-pathology-risk-with-increasing-myopia-summarised-from-Flitcroft-2012-DE-1024x349.jpg 1024w, https:\/\/myopiacare.com\/wp-content\/uploads\/2020\/08\/Odds-ratios-of-pathology-risk-with-increasing-myopia-summarised-from-Flitcroft-2012-DE-300x102.jpg 300w, https:\/\/myopiacare.com\/wp-content\/uploads\/2020\/08\/Odds-ratios-of-pathology-risk-with-increasing-myopia-summarised-from-Flitcroft-2012-DE-768x262.jpg 768w, https:\/\/myopiacare.com\/wp-content\/uploads\/2020\/08\/Odds-ratios-of-pathology-risk-with-increasing-myopia-summarised-from-Flitcroft-2012-DE-600x204.jpg 600w, https:\/\/myopiacare.com\/wp-content\/uploads\/2020\/08\/Odds-ratios-of-pathology-risk-with-increasing-myopia-summarised-from-Flitcroft-2012-DE.jpg 1462w\" sizes=\"(max-width: 1024px) 100vw, 1024px\" \/>\t\t\t\t\t\t\t\t\t\t\t\t\t\t\t<\/div>\n\t\t\t\t<\/div>\n\t\t\t\t<div class=\"elementor-element elementor-element-88b4f58 elementor-widget elementor-widget-heading\" data-id=\"88b4f58\" data-element_type=\"widget\" data-e-type=\"widget\" data-widget_type=\"heading.default\">\n\t\t\t\t<div class=\"elementor-widget-container\">\n\t\t\t\t\t<h6 class=\"elementor-heading-title elementor-size-default\">Bild: Verh\u00e4ltnisse des erh\u00f6hten Risikos einer Augenerkrankung mit zunehmender Myopie, zusammengefasst aus Flitcroft, 2012.\n\n<\/h6>\t\t\t\t<\/div>\n\t\t\t\t<\/div>\n\t\t\t\t\t<\/div>\n\t\t<\/div>\n\t\t\t\t\t<\/div>\n\t\t<\/section>\n\t\t\t\t<section class=\"elementor-section elementor-top-section elementor-element elementor-element-0657f47 elementor-section-boxed elementor-section-height-default elementor-section-height-default\" data-id=\"0657f47\" data-element_type=\"section\" data-e-type=\"section\">\n\t\t\t\t\t\t<div class=\"elementor-container elementor-column-gap-default\">\n\t\t\t\t\t<div class=\"elementor-column elementor-col-100 elementor-top-column elementor-element elementor-element-b70c872\" data-id=\"b70c872\" data-element_type=\"column\" data-e-type=\"column\">\n\t\t\t<div class=\"elementor-widget-wrap\">\n\t\t\t\t\t\t\t<\/div>\n\t\t<\/div>\n\t\t\t\t\t<\/div>\n\t\t<\/section>\n\t\t\t\t<section class=\"elementor-section elementor-top-section elementor-element elementor-element-57f1a29 elementor-section-boxed elementor-section-height-default elementor-section-height-default\" data-id=\"57f1a29\" data-element_type=\"section\" data-e-type=\"section\">\n\t\t\t\t\t\t<div class=\"elementor-container elementor-column-gap-default\">\n\t\t\t\t\t<div class=\"elementor-column elementor-col-100 elementor-top-column elementor-element elementor-element-4528b48\" data-id=\"4528b48\" data-element_type=\"column\" data-e-type=\"column\">\n\t\t\t<div class=\"elementor-widget-wrap elementor-element-populated\">\n\t\t\t\t\t\t<div class=\"elementor-element elementor-element-28e0b87 elementor-widget elementor-widget-text-editor\" data-id=\"28e0b87\" data-element_type=\"widget\" data-e-type=\"widget\" data-widget_type=\"text-editor.default\">\n\t\t\t\t<div class=\"elementor-widget-container\">\n\t\t\t\t\t\t\t\t\tImmer wieder werden wir von unseren Mitgliedern mit der Frage konfrontiert, wie sie das Thema Myopie Management auf der eigenen Webseite unterbringen k\u00f6nnen und ob wir Texte dazu haben. Es scheint klar zu sein, dass Sie sich mit einem ordentlichen Online-Auftritt professionell darstellen, Kunden informieren und Neukunden gewinnen k\u00f6nnen. Zur Effektivit\u00e4t und warum man sich eine spezifische Seite auf der Firmen-Webseite erstellen sollte, hatte ich schon mal in einem\u00a0<a href=\"https:\/\/www.myopiacare.com\/de\/strategien-in-der-kommunikation-mit-myopia-care-1\/\" target=\"_blank\" rel=\"noopener\">Blogbeitrag<\/a>\u00a0beschrieben.\n\nHiermit stelle ich Ihnen als Mitglied einen Vorschlag zur Verf\u00fcgung, den Sie sich auf Ihre Webseite kopieren d\u00fcrfen. Das Copyright bleibt bei mir, daher bitte ich Sie, am Ende des Textes auf unsere Webseite zu verweisen: \u201eDieser Text wurde von\u00a0<a href=\"https:\/\/www.myopiacare.org\/de\/\" target=\"_blank\" rel=\"noopener\">www.myopiacare.org<\/a>\u00a0mit freundlicher Genehmigung zur Verf\u00fcgung gestellt.\u201c\n\nZur einfachen Integration des Inhaltes k\u00f6nnen Sie die HTML Datei\u00a0<a href=\"https:\/\/myopiacare.com\/wp-content\/uploads\/2020\/05\/embedded-code-myopia-care-short-code.rtf\" target=\"_blank\" rel=\"noopener\">HIER<\/a> herunterladen. In dieser habe ich den Myopia Care Fragebogen direkt mit integriert. Der Nutzen dieser Integration k\u00f6nnen Sie auch in dem\u00a0<a href=\"https:\/\/www.myopiacare.com\/de\/strategien-in-der-kommunikation-mit-myopia-care-1\/\" target=\"_blank\" rel=\"noopener\">Blogbeitrag<\/a>\u00a0nachlesen.\n\n<hr \/>\n\n<h4>Was ist Kurzsichtigkeit und warum m\u00fcssen wir uns schon bei Kindern um diese k\u00fcmmern?<\/h4>\nDie Kurzsichtigkeit, in der Fachsprache \u201eMyopie\u201c, ist ein ein Sehfehler, bei der man in der Ferne nicht deutlich sieht, z.B. die Wandtafel in der Schule aus den hinteren Reihen. Myopie ist eine sehr h\u00e4ufige Fehlsichtigkeit, die in der Regel bei Kindern im Schulalter beginnt und weiter fortschreiten kann bis das Auge nicht mehr w\u00e4chst. Aber auch im Erwachsenenalter kann sich die Kurzsichtigkeit weiter entwickeln.\t\t\t\t\t\t\t\t<\/div>\n\t\t\t\t<\/div>\n\t\t\t\t<div class=\"elementor-element elementor-element-7990882 elementor-widget elementor-widget-text-editor\" data-id=\"7990882\" data-element_type=\"widget\" data-e-type=\"widget\" data-widget_type=\"text-editor.default\">\n\t\t\t\t<div class=\"elementor-widget-container\">\n\t\t\t\t\t\t\t\t\t<h4>Faktoren, die das Risiko einer Myopieprogression erh\u00f6hen:<\/h4><ul><li>Familiengeschichte (wenn einer oder beide Elternteile kurzsichtig ist)<\/li><li>Visuelle Umgebung (zu lange mit Seht\u00e4tigkeiten in der N\u00e4he, Lesen, Spielkonsolen, Handy, Tablett, etc.)<\/li><li>Mangel an Tageslicht (Sonnenlicht hilft dem Auge sich richtig zu entwickeln)<\/li><li>Aktuelle Brechkraft (Alter des Kindes wenn es kurzsichtig wird, regelm\u00e4\u00dfige Augenkontrollen beim Augenspezialisten werden empfohlen)<\/li><li>Fehlstellungen der Augen\u00a0(binokulares Sehen \u2013 wird beim Augenspezialisten getestet)<\/li><li>Ungenauigkeit beim Fokussieren<\/li><\/ul><h4>Wie kann man die Wahrscheinlichkeit, kurzsichtig zu werden, oder das Fortschreiten der Kurzsichtigkeit verringern?<\/h4><h5>Folgende Vorsichtsma\u00dfnahmen k\u00f6nnen getroffen werden, um das Risiko eines Fortschreitens der Kurzsichtigkeit zu verringern:<\/h5><ul><li>Tageslicht \u2013 90 Minuten t\u00e4glich im Freien am Tageslicht reduziert nachweislich das Risiko ein Fortschreiten. Bitte achten Sie auch darauf, dass die notwendigen Vorsichtsma\u00dfnahmen getroffen werden um Sonnenbrand zu vermeiden und die Augen zu sch\u00fctzen (Sonnenbrillen &amp; H\u00fcte). Im Freien zu sein ermutigt die Augen, sich auf die Entfernung zu konzentrieren und entspannt die Augenmuskeln, die f\u00fcr die Nahfokussierung ben\u00f6tigt werden. Tageslicht spielt eine wichtige Rolle in der Dopaminregulation. Dopamin scheint auch eine Rolle bei der St\u00e4rkung der Struktur des Auges zu spielen, wodurch das Risiko einer Dehnung des Auges verringert wird.<\/li><li>20:20 Regel \u2013\u00a0 Stellen Sie sicher, dass alle 20 Minuten am Computer\/Smartphone eine Pause von 20 Sekunden eingelegt wird, um in die Ferne zu schauen und die Augen zu entspannen. Wenn der Blick verschwommen wird, ist dies ein Hinweis darauf, dass h\u00e4ufigere Pausen erforderlich sind.<\/li><li>Keine intensive Arbeit in der N\u00e4he, Handy, Tabletts oder Computer-Nutzung 30 Minuten vor dem Zubettgehen.<\/li><li>Keine hellen Nachtlichter oder signifikante Beleuchtung im Schlafzimmer.<\/li><li>Achten Sie auch darauf, dass beim Lesen eine ausreichende Raumbeleuchtung gew\u00e4hrleistet wird. Die Augen erm\u00fcden, wenn Sie versuchen bei nicht gut beleuchtetem Raum, zwischen Dunkelheit und Licht zu wechseln.<\/li><li>Beim Sehen in der N\u00e4he sollte ein minimaler Abstand von 30 \u2013 40 cm eingehalten werden. Seien Sie besonders bei Smartphones aufmerksam. Diese werden nachweislich zu nah gehalten.<\/li><li>Regelm\u00e4\u00dfige Augenuntersuchungen bei Ihrem Augenspezialisten.<\/li><li>Das Tragen einer geeigneten Sehhilfe und eine volle Korrektur ist f\u00fcr eine klare Sicht wichtig und um die Entwicklung der Augen zu f\u00f6rdern. Halbj\u00e4hrliche Augenuntersuchungen sind erforderlich, wenn die Kurzsichtigkeit fortschreitet.<\/li><\/ul><h4>Therapiem\u00f6glichkeiten zur Myopiekontrolle<\/h4><p>Wissenschaftliche und technologische Ver\u00e4nderungen haben die M\u00f6glichkeiten zur Behandlung von kurzsichtigen Kinder und Jugendlichen\u00a0 verbessert. Spezielle Brillengl\u00e4ser, weiche und formstabile Kontaktlinsen wurden zur Verminderung des Fortschreiten entwickelt. Zus\u00e4tzlich zu den optischen Korrekturen gibt es pharmakologische M\u00f6glichkeiten, die f\u00fcr einen gewissen Zeitraum verschrieben werden k\u00f6nnen. Wir als Augenspezialisten beraten Sie gerne zu diesen M\u00f6glichkeiten, ob und welche Therapie Ihr Kind geeignet ist.<\/p><h4>Was Sie jetzt tun k\u00f6nnen<\/h4><p>Nutzen Sie den Fragebogen von <a href=\"https:\/\/www.myopia.care\/index\" target=\"_blank\" rel=\"noopener\">MyopiaCare<\/a> um das Risiko einer hohen Kurzsichtigkeit Ihres Kindes im Erwachsenenalter zu analysieren. Kommen Sie mit dem Resultat, dem Code am Ende des Fragebogens, dann zu uns.<\/p><h6><em>Dieser Text wurde von\u00a0<a href=\"https:\/\/www.myopiacare.org\/de\/\" target=\"_blank\" rel=\"noopener\">www.myopiacare.org<\/a>\u00a0mit freundlicher Genehmigung zur Verf\u00fcgung gestellt.<\/em><\/h6><p><iframe style=\"width: 100%; height: 2450px; overflow: hidden;\" src=\"https:\/\/myopia.care\/index\" width=\"100\" height=\"100\" scrolling=\"yes\">Iframes not supported<\/iframe><\/p>\t\t\t\t\t\t\t\t<\/div>\n\t\t\t\t<\/div>\n\t\t\t\t\t<\/div>\n\t\t<\/div>\n\t\t\t\t\t<\/div>\n\t\t<\/section>\n\t\t\t\t<\/div>\n\t\t","protected":false},"excerpt":{"rendered":"<p>Myopia Management Text f\u00fcr die Spezialisten Webseite Immer wieder werden wir von unseren Mitgliedern mit der Frage konfrontiert, wie sie das Thema Myopie Management auf der eigenen Webseite unterbringen k\u00f6nnen und ob wir Texte dazu haben. Es scheint klar zu sein, dass Sie sich mit einem ordentlichen Online-Auftritt professionell darstellen, Kunden informieren und Neukunden gewinnen [&hellip;]<\/p>\n","protected":false},"author":2,"featured_media":0,"parent":0,"menu_order":0,"comment_status":"closed","ping_status":"closed","template":"elementor_header_footer","meta":{"site-sidebar-layout":"no-sidebar","site-content-layout":"page-builder","ast-site-content-layout":"default","site-content-style":"default","site-sidebar-style":"default","ast-global-header-display":"","ast-banner-title-visibility":"","ast-main-header-display":"","ast-hfb-above-header-display":"","ast-hfb-below-header-display":"","ast-hfb-mobile-header-display":"","site-post-title":"disabled","ast-breadcrumbs-content":"","ast-featured-img":"disabled","footer-sml-layout":"","ast-disable-related-posts":"","theme-transparent-header-meta":"default","adv-header-id-meta":"","stick-header-meta":"","header-above-stick-meta":"","header-main-stick-meta":"","header-below-stick-meta":"","astra-migrate-meta-layouts":"default","ast-page-background-enabled":"default","ast-page-background-meta":{"desktop":{"background-color":"","background-image":"","background-repeat":"repeat","background-position":"center center","background-size":"auto","background-attachment":"scroll","background-type":"","background-media":"","overlay-type":"","overlay-color":"","overlay-opacity":"","overlay-gradient":""},"tablet":{"background-color":"","background-image":"","background-repeat":"repeat","background-position":"center center","background-size":"auto","background-attachment":"scroll","background-type":"","background-media":"","overlay-type":"","overlay-color":"","overlay-opacity":"","overlay-gradient":""},"mobile":{"background-color":"","background-image":"","background-repeat":"repeat","background-position":"center center","background-size":"auto","background-attachment":"scroll","background-type":"","background-media":"","overlay-type":"","overlay-color":"","overlay-opacity":"","overlay-gradient":""}},"ast-content-background-meta":{"desktop":{"background-color":"var(--ast-global-color-5)","background-image":"","background-repeat":"repeat","background-position":"center center","background-size":"auto","background-attachment":"scroll","background-type":"","background-media":"","overlay-type":"","overlay-color":"","overlay-opacity":"","overlay-gradient":""},"tablet":{"background-color":"var(--ast-global-color-5)","background-image":"","background-repeat":"repeat","background-position":"center center","background-size":"auto","background-attachment":"scroll","background-type":"","background-media":"","overlay-type":"","overlay-color":"","overlay-opacity":"","overlay-gradient":""},"mobile":{"background-color":"var(--ast-global-color-5)","background-image":"","background-repeat":"repeat","background-position":"center center","background-size":"auto","background-attachment":"scroll","background-type":"","background-media":"","overlay-type":"","overlay-color":"","overlay-opacity":"","overlay-gradient":""}},"footnotes":""},"class_list":["post-1764","page","type-page","status-publish","hentry"],"_links":{"self":[{"href":"https:\/\/myopiacare.com\/de\/wp-json\/wp\/v2\/pages\/1764","targetHints":{"allow":["GET"]}}],"collection":[{"href":"https:\/\/myopiacare.com\/de\/wp-json\/wp\/v2\/pages"}],"about":[{"href":"https:\/\/myopiacare.com\/de\/wp-json\/wp\/v2\/types\/page"}],"author":[{"embeddable":true,"href":"https:\/\/myopiacare.com\/de\/wp-json\/wp\/v2\/users\/2"}],"replies":[{"embeddable":true,"href":"https:\/\/myopiacare.com\/de\/wp-json\/wp\/v2\/comments?post=1764"}],"version-history":[{"count":9,"href":"https:\/\/myopiacare.com\/de\/wp-json\/wp\/v2\/pages\/1764\/revisions"}],"predecessor-version":[{"id":1836,"href":"https:\/\/myopiacare.com\/de\/wp-json\/wp\/v2\/pages\/1764\/revisions\/1836"}],"wp:attachment":[{"href":"https:\/\/myopiacare.com\/de\/wp-json\/wp\/v2\/media?parent=1764"}],"curies":[{"name":"wp","href":"https:\/\/api.w.org\/{rel}","templated":true}]}}