{"id":1691,"date":"2020-08-25T09:03:56","date_gmt":"2020-08-25T09:03:56","guid":{"rendered":"https:\/\/myopiacare.com\/impressum\/"},"modified":"2022-12-18T11:56:15","modified_gmt":"2022-12-18T11:56:15","slug":"impressum","status":"publish","type":"page","link":"https:\/\/myopiacare.com\/de\/impressum\/","title":{"rendered":"Impressum"},"content":{"rendered":"\t\t<div data-elementor-type=\"wp-page\" data-elementor-id=\"1691\" class=\"elementor elementor-1691 elementor-254\" data-elementor-post-type=\"page\">\n\t\t\t\t\t\t<section class=\"elementor-section elementor-top-section elementor-element elementor-element-517d0868 elementor-section-boxed elementor-section-height-default elementor-section-height-default\" data-id=\"517d0868\" data-element_type=\"section\" data-e-type=\"section\">\n\t\t\t\t\t\t<div class=\"elementor-container elementor-column-gap-default\">\n\t\t\t\t\t<div class=\"elementor-column elementor-col-100 elementor-top-column elementor-element elementor-element-58dc16f8\" data-id=\"58dc16f8\" data-element_type=\"column\" data-e-type=\"column\">\n\t\t\t<div class=\"elementor-widget-wrap elementor-element-populated\">\n\t\t\t\t\t\t<div class=\"elementor-element elementor-element-2d5e708d elementor-widget elementor-widget-heading\" data-id=\"2d5e708d\" data-element_type=\"widget\" data-e-type=\"widget\" data-widget_type=\"heading.default\">\n\t\t\t\t<div class=\"elementor-widget-container\">\n\t\t\t\t\t<h2 class=\"elementor-heading-title elementor-size-default\">Rechtliche Offenlegung<\/h2>\t\t\t\t<\/div>\n\t\t\t\t<\/div>\n\t\t\t\t<div class=\"elementor-element elementor-element-781b2c62 elementor-widget elementor-widget-text-editor\" data-id=\"781b2c62\" data-element_type=\"widget\" data-e-type=\"widget\" data-widget_type=\"text-editor.default\">\n\t\t\t\t<div class=\"elementor-widget-container\">\n\t\t\t\t\t\t\t\t\t<h4>Angaben gem\u00e4\u00df \u00a7 5 TMG:<\/h4>\n<p>MyopiaCare by Eyetific GmbH<br><span style=\"font-size: 17px; color: var( --e-global-color-text ); font-family: var( --e-global-typography-text-font-family ), Comfortaa;\">Rue du Lac 32B<br><\/span><span style=\"font-size: 17px; color: var( --e-global-color-text ); font-family: var( --e-global-typography-text-font-family ), Comfortaa;\">1020 Renens<\/span><\/p>\n<h4>Vertreten durch:<\/h4>\n<p>Sigrid Blaser<\/p>\n<h4>Kontakt:<\/h4>\n<p>Telefon: +41 (0) 79 78 17337<\/p>\n<p>Email: info at myopiacare dot com<\/p>\n<h4>Aufsichtsbeh\u00f6rde:<\/h4>\n<p>Eidgen\u00f6ssischer Datenschutz- und \u00d6ffentlichkeitsbeauftragter (ED\u00d6B)<\/p>\n<p>Registrierugsnummer 2016 00039<\/p>\n<h4>Verantwortlich f\u00fcr den Inhalt nach \u00a7 55 Abs. 2 RStV:<\/h4>\n<p>Herr Pascal Blaser<\/p>\n<h4>Hinweis auf EU-Streitschlichtung<\/h4>\n<p>Die Europ\u00e4ische Kommission stellt eine Plattform zur Online-Streitbeilegung (OS) bereit:&nbsp;<a href=\"http:\/\/ec.europa.eu\/consumers\/odr\" target=\"_blank\" rel=\"noopener\">http:\/\/ec.europa.eu\/consumers\/odr<\/a><br>Unsere E-Mail-Adresse finden sie oben im Impressum.<\/p>\n<h4>Bilder und Grafiknachweise<\/h4>\n<p>https:\/\/unsplash.com\/<\/p>\n<p>https:\/\/pixabay.com\/<\/p>\n<p>https:\/\/fotolia.com\/<\/p>\n<p>www.wikipedia.de<\/p>\n<p>www.allaboutvision.com<\/p>\n<p>Falls Quellen von Bilder oder Grafiken nicht richtig nachgewiesen sind, bzw. Bilderrechte nicht ordnungsgem\u00e4ss verwendet wurde bitten wir um Enschuldigung und&nbsp;<a href=\"mailto:%20info@myopiacare.com\">Benachrichtigung<\/a>. Wir werden dies umgehend Beheben.<\/p>\n<p>Quelle:&nbsp;<em><a href=\"https:\/\/www.e-recht24.de\/impressum-generator.html\" target=\"_blank\" rel=\"noopener\">https:\/\/www.e-recht24.de<\/a><\/em><\/p>\t\t\t\t\t\t\t\t<\/div>\n\t\t\t\t<\/div>\n\t\t\t\t\t<\/div>\n\t\t<\/div>\n\t\t\t\t\t<\/div>\n\t\t<\/section>\n\t\t\t\t<\/div>\n\t\t","protected":false},"excerpt":{"rendered":"<p>Rechtliche Offenlegung Angaben gem\u00e4\u00df \u00a7 5 TMG: MyopiaCare by Eyetific GmbHRue du Lac 32B1020 Renens Vertreten durch: Sigrid Blaser Kontakt: Telefon: +41 (0) 79 78 17337 Email: info at myopiacare dot com Aufsichtsbeh\u00f6rde: Eidgen\u00f6ssischer Datenschutz- und \u00d6ffentlichkeitsbeauftragter (ED\u00d6B) Registrierugsnummer 2016 00039 Verantwortlich f\u00fcr den Inhalt nach \u00a7 55 Abs. 2 RStV: Herr Pascal Blaser Hinweis [&hellip;]<\/p>\n","protected":false},"author":2,"featured_media":0,"parent":0,"menu_order":0,"comment_status":"closed","ping_status":"closed","template":"","meta":{"site-sidebar-layout":"no-sidebar","site-content-layout":"page-builder","ast-site-content-layout":"default","site-content-style":"default","site-sidebar-style":"default","ast-global-header-display":"","ast-banner-title-visibility":"","ast-main-header-display":"","ast-hfb-above-header-display":"","ast-hfb-below-header-display":"","ast-hfb-mobile-header-display":"","site-post-title":"disabled","ast-breadcrumbs-content":"","ast-featured-img":"disabled","footer-sml-layout":"","ast-disable-related-posts":"","theme-transparent-header-meta":"default","adv-header-id-meta":"","stick-header-meta":"","header-above-stick-meta":"","header-main-stick-meta":"","header-below-stick-meta":"","astra-migrate-meta-layouts":"default","ast-page-background-enabled":"default","ast-page-background-meta":{"desktop":{"background-color":"","background-image":"","background-repeat":"repeat","background-position":"center center","background-size":"auto","background-attachment":"scroll","background-type":"","background-media":"","overlay-type":"","overlay-color":"","overlay-opacity":"","overlay-gradient":""},"tablet":{"background-color":"","background-image":"","background-repeat":"repeat","background-position":"center center","background-size":"auto","background-attachment":"scroll","background-type":"","background-media":"","overlay-type":"","overlay-color":"","overlay-opacity":"","overlay-gradient":""},"mobile":{"background-color":"","background-image":"","background-repeat":"repeat","background-position":"center center","background-size":"auto","background-attachment":"scroll","background-type":"","background-media":"","overlay-type":"","overlay-color":"","overlay-opacity":"","overlay-gradient":""}},"ast-content-background-meta":{"desktop":{"background-color":"var(--ast-global-color-5)","background-image":"","background-repeat":"repeat","background-position":"center center","background-size":"auto","background-attachment":"scroll","background-type":"","background-media":"","overlay-type":"","overlay-color":"","overlay-opacity":"","overlay-gradient":""},"tablet":{"background-color":"var(--ast-global-color-5)","background-image":"","background-repeat":"repeat","background-position":"center center","background-size":"auto","background-attachment":"scroll","background-type":"","background-media":"","overlay-type":"","overlay-color":"","overlay-opacity":"","overlay-gradient":""},"mobile":{"background-color":"var(--ast-global-color-5)","background-image":"","background-repeat":"repeat","background-position":"center center","background-size":"auto","background-attachment":"scroll","background-type":"","background-media":"","overlay-type":"","overlay-color":"","overlay-opacity":"","overlay-gradient":""}},"footnotes":""},"class_list":["post-1691","page","type-page","status-publish","hentry"],"_links":{"self":[{"href":"https:\/\/myopiacare.com\/de\/wp-json\/wp\/v2\/pages\/1691","targetHints":{"allow":["GET"]}}],"collection":[{"href":"https:\/\/myopiacare.com\/de\/wp-json\/wp\/v2\/pages"}],"about":[{"href":"https:\/\/myopiacare.com\/de\/wp-json\/wp\/v2\/types\/page"}],"author":[{"embeddable":true,"href":"https:\/\/myopiacare.com\/de\/wp-json\/wp\/v2\/users\/2"}],"replies":[{"embeddable":true,"href":"https:\/\/myopiacare.com\/de\/wp-json\/wp\/v2\/comments?post=1691"}],"version-history":[{"count":13,"href":"https:\/\/myopiacare.com\/de\/wp-json\/wp\/v2\/pages\/1691\/revisions"}],"predecessor-version":[{"id":7146,"href":"https:\/\/myopiacare.com\/de\/wp-json\/wp\/v2\/pages\/1691\/revisions\/7146"}],"wp:attachment":[{"href":"https:\/\/myopiacare.com\/de\/wp-json\/wp\/v2\/media?parent=1691"}],"curies":[{"name":"wp","href":"https:\/\/api.w.org\/{rel}","templated":true}]}}