{"id":1513,"date":"2020-08-22T19:27:44","date_gmt":"2020-08-22T19:27:44","guid":{"rendered":"https:\/\/myopiacare.com\/verkaufsunterstuetzung-fuer-augenspezialisten\/"},"modified":"2022-08-14T12:50:57","modified_gmt":"2022-08-14T12:50:57","slug":"verkaufsunterstuetzung-fuer-augenspezialisten","status":"publish","type":"page","link":"https:\/\/myopiacare.com\/de\/verkaufsunterstuetzung-fuer-augenspezialisten\/","title":{"rendered":"Verkaufsunterst\u00fctzung f\u00fcr Augenspezialisten"},"content":{"rendered":"\t\t<div data-elementor-type=\"wp-page\" data-elementor-id=\"1513\" class=\"elementor elementor-1513 elementor-1477\" data-elementor-post-type=\"page\">\n\t\t\t\t\t\t<section class=\"elementor-section elementor-top-section elementor-element elementor-element-f872103 elementor-section-boxed elementor-section-height-default elementor-section-height-default\" data-id=\"f872103\" data-element_type=\"section\" data-e-type=\"section\">\n\t\t\t\t\t\t<div class=\"elementor-container elementor-column-gap-default\">\n\t\t\t\t\t<div class=\"elementor-column elementor-col-100 elementor-top-column elementor-element elementor-element-637e3fa\" data-id=\"637e3fa\" data-element_type=\"column\" data-e-type=\"column\">\n\t\t\t<div class=\"elementor-widget-wrap elementor-element-populated\">\n\t\t\t\t\t\t<div class=\"elementor-element elementor-element-bd46e44 elementor-widget elementor-widget-heading\" data-id=\"bd46e44\" data-element_type=\"widget\" data-e-type=\"widget\" data-widget_type=\"heading.default\">\n\t\t\t\t<div class=\"elementor-widget-container\">\n\t\t\t\t\t<h1 class=\"elementor-heading-title elementor-size-default\">Unterst\u00fctzung f\u00fcr Augenspezialisten<\/h1>\t\t\t\t<\/div>\n\t\t\t\t<\/div>\n\t\t\t\t\t<\/div>\n\t\t<\/div>\n\t\t\t\t\t<\/div>\n\t\t<\/section>\n\t\t\t\t<section class=\"elementor-section elementor-top-section elementor-element elementor-element-e170167 elementor-section-boxed elementor-section-height-default elementor-section-height-default\" data-id=\"e170167\" data-element_type=\"section\" data-e-type=\"section\">\n\t\t\t\t\t\t<div class=\"elementor-container elementor-column-gap-default\">\n\t\t\t\t\t<div class=\"elementor-column elementor-col-100 elementor-top-column elementor-element elementor-element-66143e7\" data-id=\"66143e7\" data-element_type=\"column\" data-e-type=\"column\">\n\t\t\t<div class=\"elementor-widget-wrap elementor-element-populated\">\n\t\t\t\t\t\t<div class=\"elementor-element elementor-element-fcba84f elementor-widget elementor-widget-text-editor\" data-id=\"fcba84f\" data-element_type=\"widget\" data-e-type=\"widget\" data-widget_type=\"text-editor.default\">\n\t\t\t\t<div class=\"elementor-widget-container\">\n\t\t\t\t\t\t\t\t\t<p style=\"text-align: center;\">Myopia Care bietet eine Vielfalt an Unterst\u00fctzung f\u00fcr den Augenspezialisten rund um das Thema Myopie Management an.<\/p>\n\t\t\t\t\t\t\t\t<\/div>\n\t\t\t\t<\/div>\n\t\t\t\t\t<\/div>\n\t\t<\/div>\n\t\t\t\t\t<\/div>\n\t\t<\/section>\n\t\t\t\t<section class=\"elementor-section elementor-top-section elementor-element elementor-element-0ae6f73 elementor-section-boxed elementor-section-height-default elementor-section-height-default\" data-id=\"0ae6f73\" data-element_type=\"section\" data-e-type=\"section\">\n\t\t\t\t\t\t<div class=\"elementor-container elementor-column-gap-default\">\n\t\t\t\t\t<div class=\"elementor-column elementor-col-100 elementor-top-column elementor-element elementor-element-8c8d8e4\" data-id=\"8c8d8e4\" data-element_type=\"column\" data-e-type=\"column\">\n\t\t\t<div class=\"elementor-widget-wrap elementor-element-populated\">\n\t\t\t\t\t\t<div class=\"elementor-element elementor-element-2facb15 elementor-widget elementor-widget-text-editor\" data-id=\"2facb15\" data-element_type=\"widget\" data-e-type=\"widget\" data-widget_type=\"text-editor.default\">\n\t\t\t\t<div class=\"elementor-widget-container\">\n\t\t\t\t\t\t\t\t\t<div id=\"pg-11409-0\" class=\"panel-grid panel-no-style\">\n<div id=\"pgc-11409-0-0\" class=\"panel-grid-cell\">\n<div id=\"panel-11409-0-0-0\" class=\"so-panel widget widget_sow-editor panel-first-child panel-last-child\" data-index=\"0\">\n<div class=\"so-widget-sow-editor so-widget-sow-editor-base\">\n<div class=\"siteorigin-widget-tinymce textwidget\">\n<p style=\"text-align: center;\">F\u00fcr eine optimale Kommunikation mit den Eltern und Kindern.<\/p>\n<p style=\"text-align: center;\">Zur Weiterbildung als Augenspezialisten<\/p>\n<\/div>\n<\/div>\n<\/div>\n<\/div>\n<\/div>\n<div id=\"pg-11409-1\" class=\"panel-grid panel-no-style\">\n<div id=\"pgc-11409-1-0\" class=\"panel-grid-cell\">\n<div id=\"panel-11409-1-0-0\" class=\"so-panel widget widget_sow-image panel-first-child panel-last-child\" data-index=\"1\">\n<div class=\"panel-widget-style panel-widget-style-for-11409-1-0-0\">\n<p class=\"so-widget-sow-image so-widget-sow-image-default-d6014b76747a\" style=\"text-align: center;\">\n<\/div>\n<\/div>\n<\/div>\n<\/div>\n\t\t\t\t\t\t\t\t<\/div>\n\t\t\t\t<\/div>\n\t\t\t\t\t<\/div>\n\t\t<\/div>\n\t\t\t\t\t<\/div>\n\t\t<\/section>\n\t\t\t\t<section class=\"elementor-section elementor-top-section elementor-element elementor-element-6c63e19 elementor-section-boxed elementor-section-height-default elementor-section-height-default\" data-id=\"6c63e19\" data-element_type=\"section\" data-e-type=\"section\">\n\t\t\t\t\t\t<div class=\"elementor-container elementor-column-gap-default\">\n\t\t\t\t\t<div class=\"elementor-column elementor-col-33 elementor-top-column elementor-element elementor-element-5243b7a\" data-id=\"5243b7a\" data-element_type=\"column\" data-e-type=\"column\">\n\t\t\t<div class=\"elementor-widget-wrap elementor-element-populated\">\n\t\t\t\t\t\t<div class=\"elementor-element elementor-element-0c55ef4 elementor-widget elementor-widget-text-editor\" data-id=\"0c55ef4\" data-element_type=\"widget\" data-e-type=\"widget\" data-widget_type=\"text-editor.default\">\n\t\t\t\t<div class=\"elementor-widget-container\">\n\t\t\t\t\t\t\t\t\t<p style=\"text-align: center;\">Myopie Kalkulator<\/p>\n\t\t\t\t\t\t\t\t<\/div>\n\t\t\t\t<\/div>\n\t\t\t\t<div class=\"elementor-element elementor-element-b404b7f elementor-widget elementor-widget-image\" data-id=\"b404b7f\" data-element_type=\"widget\" data-e-type=\"widget\" data-widget_type=\"image.default\">\n\t\t\t\t<div class=\"elementor-widget-container\">\n\t\t\t\t\t\t\t\t\t\t\t\t\t\t\t\t<a href=\"https:\/\/myopiacare.com\/de\/myocalc\/\">\n\t\t\t\t\t\t\t<img fetchpriority=\"high\" decoding=\"async\" width=\"1024\" height=\"627\" src=\"https:\/\/myopiacare.com\/wp-content\/uploads\/2020\/08\/MyopiaCare-Pro-9-1024x627.png\" class=\"attachment-large size-large wp-image-1052\" alt=\"MyopiaCare Pro\" srcset=\"https:\/\/myopiacare.com\/wp-content\/uploads\/2020\/08\/MyopiaCare-Pro-9-1024x627.png 1024w, https:\/\/myopiacare.com\/wp-content\/uploads\/2020\/08\/MyopiaCare-Pro-9-300x184.png 300w, https:\/\/myopiacare.com\/wp-content\/uploads\/2020\/08\/MyopiaCare-Pro-9-768x470.png 768w, https:\/\/myopiacare.com\/wp-content\/uploads\/2020\/08\/MyopiaCare-Pro-9-600x367.png 600w, https:\/\/myopiacare.com\/wp-content\/uploads\/2020\/08\/MyopiaCare-Pro-9.png 1380w\" sizes=\"(max-width: 1024px) 100vw, 1024px\" \/>\t\t\t\t\t\t\t\t<\/a>\n\t\t\t\t\t\t\t\t\t\t\t\t\t\t\t<\/div>\n\t\t\t\t<\/div>\n\t\t\t\t\t<\/div>\n\t\t<\/div>\n\t\t\t\t<div class=\"elementor-column elementor-col-33 elementor-top-column elementor-element elementor-element-608209d\" data-id=\"608209d\" data-element_type=\"column\" data-e-type=\"column\">\n\t\t\t<div class=\"elementor-widget-wrap elementor-element-populated\">\n\t\t\t\t\t\t<div class=\"elementor-element elementor-element-2de6c82 elementor-widget elementor-widget-text-editor\" data-id=\"2de6c82\" data-element_type=\"widget\" data-e-type=\"widget\" data-widget_type=\"text-editor.default\">\n\t\t\t\t<div class=\"elementor-widget-container\">\n\t\t\t\t\t\t\t\t\t<p style=\"text-align: center;\">Informationsbrosch\u00fcre<\/p>\n\t\t\t\t\t\t\t\t<\/div>\n\t\t\t\t<\/div>\n\t\t\t\t<div class=\"elementor-element elementor-element-220be10 elementor-widget elementor-widget-image\" data-id=\"220be10\" data-element_type=\"widget\" data-e-type=\"widget\" data-widget_type=\"image.default\">\n\t\t\t\t<div class=\"elementor-widget-container\">\n\t\t\t\t\t\t\t\t\t\t\t\t\t\t\t\t<a href=\"https:\/\/myopiacare.com\/de\/eltern-informationsbroschuere\/\">\n\t\t\t\t\t\t\t<img decoding=\"async\" src=\"https:\/\/myopiacare.com\/wp-content\/uploads\/2020\/08\/Broschuere_Myopie_DE-CH-A5-v1s-Firma.png\" title=\"Broschuere_Myopie_DE-CH-A5-v1s Firma\" alt=\"Broschuere_Myopie_DE-CH-A5-v1s\" loading=\"lazy\" \/>\t\t\t\t\t\t\t\t<\/a>\n\t\t\t\t\t\t\t\t\t\t\t\t\t\t\t<\/div>\n\t\t\t\t<\/div>\n\t\t\t\t\t<\/div>\n\t\t<\/div>\n\t\t\t\t<div class=\"elementor-column elementor-col-33 elementor-top-column elementor-element elementor-element-e0a7854\" data-id=\"e0a7854\" data-element_type=\"column\" data-e-type=\"column\">\n\t\t\t<div class=\"elementor-widget-wrap elementor-element-populated\">\n\t\t\t\t\t\t<div class=\"elementor-element elementor-element-f9ae439 elementor-widget elementor-widget-text-editor\" data-id=\"f9ae439\" data-element_type=\"widget\" data-e-type=\"widget\" data-widget_type=\"text-editor.default\">\n\t\t\t\t<div class=\"elementor-widget-container\">\n\t\t\t\t\t\t\t\t\t<p style=\"text-align: center;\">Erkl\u00e4rvideo<\/p>\n\t\t\t\t\t\t\t\t<\/div>\n\t\t\t\t<\/div>\n\t\t\t\t<div class=\"elementor-element elementor-element-ed9bc88 elementor-widget elementor-widget-image\" data-id=\"ed9bc88\" data-element_type=\"widget\" data-e-type=\"widget\" data-widget_type=\"image.default\">\n\t\t\t\t<div class=\"elementor-widget-container\">\n\t\t\t\t\t\t\t\t\t\t\t\t\t\t\t\t<a href=\"https:\/\/myopiacare.com\/de\/erklaervideo-myopie\/\">\n\t\t\t\t\t\t\t<img decoding=\"async\" width=\"1024\" height=\"589\" src=\"https:\/\/myopiacare.com\/wp-content\/uploads\/2020\/08\/front-1024x589.png\" class=\"attachment-large size-large wp-image-2579\" alt=\"\" srcset=\"https:\/\/myopiacare.com\/wp-content\/uploads\/2020\/08\/front-1024x589.png 1024w, https:\/\/myopiacare.com\/wp-content\/uploads\/2020\/08\/front-300x173.png 300w, https:\/\/myopiacare.com\/wp-content\/uploads\/2020\/08\/front-768x442.png 768w, https:\/\/myopiacare.com\/wp-content\/uploads\/2020\/08\/front.png 1474w\" sizes=\"(max-width: 1024px) 100vw, 1024px\" \/>\t\t\t\t\t\t\t\t<\/a>\n\t\t\t\t\t\t\t\t\t\t\t\t\t\t\t<\/div>\n\t\t\t\t<\/div>\n\t\t\t\t\t<\/div>\n\t\t<\/div>\n\t\t\t\t\t<\/div>\n\t\t<\/section>\n\t\t\t\t<section class=\"elementor-section elementor-top-section elementor-element elementor-element-22a5c85 elementor-section-boxed elementor-section-height-default elementor-section-height-default\" data-id=\"22a5c85\" data-element_type=\"section\" data-e-type=\"section\">\n\t\t\t\t\t\t<div class=\"elementor-container elementor-column-gap-default\">\n\t\t\t\t\t<div class=\"elementor-column elementor-col-25 elementor-top-column elementor-element elementor-element-b4bb393\" data-id=\"b4bb393\" data-element_type=\"column\" data-e-type=\"column\">\n\t\t\t<div class=\"elementor-widget-wrap elementor-element-populated\">\n\t\t\t\t\t\t<div class=\"elementor-element elementor-element-3e031d5 elementor-widget elementor-widget-text-editor\" data-id=\"3e031d5\" data-element_type=\"widget\" data-e-type=\"widget\" data-widget_type=\"text-editor.default\">\n\t\t\t\t<div class=\"elementor-widget-container\">\n\t\t\t\t\t\t\t\t\t<p style=\"text-align: center;\">Myopie Handbuch<\/p>\t\t\t\t\t\t\t\t<\/div>\n\t\t\t\t<\/div>\n\t\t\t\t<div class=\"elementor-element elementor-element-2b15fb4 elementor-widget elementor-widget-image\" data-id=\"2b15fb4\" data-element_type=\"widget\" data-e-type=\"widget\" data-widget_type=\"image.default\">\n\t\t\t\t<div class=\"elementor-widget-container\">\n\t\t\t\t\t\t\t\t\t\t\t\t\t\t\t\t<a href=\"https:\/\/myopiacare.com\/de\/handbuch-myopie\/\">\n\t\t\t\t\t\t\t<img decoding=\"async\" width=\"760\" height=\"778\" src=\"https:\/\/myopiacare.com\/wp-content\/uploads\/2022\/08\/Myopie-Handbuch-mit-Max-Aricochi-e1674027161963.jpg\" class=\"attachment-large size-large wp-image-6932\" alt=\"Myopie Handbuch mit Max Aricochi\" srcset=\"https:\/\/myopiacare.com\/wp-content\/uploads\/2022\/08\/Myopie-Handbuch-mit-Max-Aricochi-e1674027161963.jpg 760w, https:\/\/myopiacare.com\/wp-content\/uploads\/2022\/08\/Myopie-Handbuch-mit-Max-Aricochi-e1674027161963-293x300.jpg 293w\" sizes=\"(max-width: 760px) 100vw, 760px\" \/>\t\t\t\t\t\t\t\t<\/a>\n\t\t\t\t\t\t\t\t\t\t\t\t\t\t\t<\/div>\n\t\t\t\t<\/div>\n\t\t\t\t\t<\/div>\n\t\t<\/div>\n\t\t\t\t<div class=\"elementor-column elementor-col-25 elementor-top-column elementor-element elementor-element-2e441da\" data-id=\"2e441da\" data-element_type=\"column\" data-e-type=\"column\">\n\t\t\t<div class=\"elementor-widget-wrap elementor-element-populated\">\n\t\t\t\t\t\t<div class=\"elementor-element elementor-element-52e53ce elementor-widget elementor-widget-text-editor\" data-id=\"52e53ce\" data-element_type=\"widget\" data-e-type=\"widget\" data-widget_type=\"text-editor.default\">\n\t\t\t\t<div class=\"elementor-widget-container\">\n\t\t\t\t\t\t\t\t\t<p style=\"text-align: center;\">Info Folder<\/p>\t\t\t\t\t\t\t\t<\/div>\n\t\t\t\t<\/div>\n\t\t\t\t<div class=\"elementor-element elementor-element-e9620b2 elementor-widget elementor-widget-image\" data-id=\"e9620b2\" data-element_type=\"widget\" data-e-type=\"widget\" data-widget_type=\"image.default\">\n\t\t\t\t<div class=\"elementor-widget-container\">\n\t\t\t\t\t\t\t\t\t\t\t\t\t\t\t\t<a href=\"https:\/\/de.myopiacare.com\/produkt-kategorie\/flyer\/\">\n\t\t\t\t\t\t\t<img loading=\"lazy\" decoding=\"async\" width=\"1024\" height=\"576\" src=\"https:\/\/myopiacare.com\/wp-content\/uploads\/2020\/10\/DSC03476-1024x576.jpg\" class=\"attachment-large size-large wp-image-3942\" alt=\"Info Flyer MyopiaCare\" srcset=\"https:\/\/myopiacare.com\/wp-content\/uploads\/2020\/10\/DSC03476-1024x576.jpg 1024w, https:\/\/myopiacare.com\/wp-content\/uploads\/2020\/10\/DSC03476-300x169.jpg 300w, https:\/\/myopiacare.com\/wp-content\/uploads\/2020\/10\/DSC03476-768x432.jpg 768w, https:\/\/myopiacare.com\/wp-content\/uploads\/2020\/10\/DSC03476-1536x864.jpg 1536w, https:\/\/myopiacare.com\/wp-content\/uploads\/2020\/10\/DSC03476-2048x1152.jpg 2048w\" sizes=\"(max-width: 1024px) 100vw, 1024px\" \/>\t\t\t\t\t\t\t\t<\/a>\n\t\t\t\t\t\t\t\t\t\t\t\t\t\t\t<\/div>\n\t\t\t\t<\/div>\n\t\t\t\t\t<\/div>\n\t\t<\/div>\n\t\t\t\t<div class=\"elementor-column elementor-col-25 elementor-top-column elementor-element elementor-element-02220a2\" data-id=\"02220a2\" data-element_type=\"column\" data-e-type=\"column\">\n\t\t\t<div class=\"elementor-widget-wrap elementor-element-populated\">\n\t\t\t\t\t\t<div class=\"elementor-element elementor-element-dab265e elementor-widget elementor-widget-text-editor\" data-id=\"dab265e\" data-element_type=\"widget\" data-e-type=\"widget\" data-widget_type=\"text-editor.default\">\n\t\t\t\t<div class=\"elementor-widget-container\">\n\t\t\t\t\t\t\t\t\t<p style=\"text-align: center;\">Postkarten, Rollup &amp; Poster<\/p>\t\t\t\t\t\t\t\t<\/div>\n\t\t\t\t<\/div>\n\t\t\t\t<div class=\"elementor-element elementor-element-f20a045 elementor-widget elementor-widget-image\" data-id=\"f20a045\" data-element_type=\"widget\" data-e-type=\"widget\" data-widget_type=\"image.default\">\n\t\t\t\t<div class=\"elementor-widget-container\">\n\t\t\t\t\t\t\t\t\t\t\t\t\t\t\t\t<a href=\"https:\/\/de.myopiacare.com\/produkt\/rollup\/\">\n\t\t\t\t\t\t\t<img decoding=\"async\" src=\"https:\/\/myopiacare.com\/wp-content\/uploads\/2020\/10\/Rollup_Muster-web.jpg\" title=\"Rollup MyopiaCare\" alt=\"Rollup MyopiaCare\" loading=\"lazy\" \/>\t\t\t\t\t\t\t\t<\/a>\n\t\t\t\t\t\t\t\t\t\t\t\t\t\t\t<\/div>\n\t\t\t\t<\/div>\n\t\t\t\t\t<\/div>\n\t\t<\/div>\n\t\t\t\t<div class=\"elementor-column elementor-col-25 elementor-top-column elementor-element elementor-element-2d98460\" data-id=\"2d98460\" data-element_type=\"column\" data-e-type=\"column\">\n\t\t\t<div class=\"elementor-widget-wrap elementor-element-populated\">\n\t\t\t\t\t\t<div class=\"elementor-element elementor-element-cc3cf62 elementor-widget elementor-widget-text-editor\" data-id=\"cc3cf62\" data-element_type=\"widget\" data-e-type=\"widget\" data-widget_type=\"text-editor.default\">\n\t\t\t\t<div class=\"elementor-widget-container\">\n\t\t\t\t\t\t\t\t\t<p style=\"text-align: center;\">Weiterbilung Myopie<\/p>\t\t\t\t\t\t\t\t<\/div>\n\t\t\t\t<\/div>\n\t\t\t\t<div class=\"elementor-element elementor-element-5af6057 elementor-widget elementor-widget-image\" data-id=\"5af6057\" data-element_type=\"widget\" data-e-type=\"widget\" data-widget_type=\"image.default\">\n\t\t\t\t<div class=\"elementor-widget-container\">\n\t\t\t\t\t\t\t\t\t\t\t\t\t\t\t\t<a href=\"https:\/\/optik-weiterbildung.com\/\" target=\"_blank\" rel=\"noopener\">\n\t\t\t\t\t\t\t<img loading=\"lazy\" decoding=\"async\" width=\"548\" height=\"438\" src=\"https:\/\/myopiacare.com\/wp-content\/uploads\/2020\/10\/Myopie-Weiterbildung.jpg\" class=\"attachment-large size-large wp-image-3964\" alt=\"\" srcset=\"https:\/\/myopiacare.com\/wp-content\/uploads\/2020\/10\/Myopie-Weiterbildung.jpg 548w, https:\/\/myopiacare.com\/wp-content\/uploads\/2020\/10\/Myopie-Weiterbildung-300x240.jpg 300w\" sizes=\"(max-width: 548px) 100vw, 548px\" \/>\t\t\t\t\t\t\t\t<\/a>\n\t\t\t\t\t\t\t\t\t\t\t\t\t\t\t<\/div>\n\t\t\t\t<\/div>\n\t\t\t\t\t<\/div>\n\t\t<\/div>\n\t\t\t\t\t<\/div>\n\t\t<\/section>\n\t\t\t\t<\/div>\n\t\t","protected":false},"excerpt":{"rendered":"<p>Unterst\u00fctzung f\u00fcr Augenspezialisten Myopia Care bietet eine Vielfalt an Unterst\u00fctzung f\u00fcr den Augenspezialisten rund um das Thema Myopie Management an. F\u00fcr eine optimale Kommunikation mit den Eltern und Kindern. Zur Weiterbildung als Augenspezialisten Myopie Kalkulator Informationsbrosch\u00fcre Erkl\u00e4rvideo Myopie Handbuch Info Folder Postkarten, Rollup &amp; Poster Weiterbilung Myopie<\/p>\n","protected":false},"author":2,"featured_media":0,"parent":0,"menu_order":0,"comment_status":"closed","ping_status":"closed","template":"","meta":{"site-sidebar-layout":"no-sidebar","site-content-layout":"page-builder","ast-site-content-layout":"default","site-content-style":"default","site-sidebar-style":"default","ast-global-header-display":"","ast-banner-title-visibility":"","ast-main-header-display":"","ast-hfb-above-header-display":"","ast-hfb-below-header-display":"","ast-hfb-mobile-header-display":"","site-post-title":"disabled","ast-breadcrumbs-content":"","ast-featured-img":"disabled","footer-sml-layout":"","ast-disable-related-posts":"","theme-transparent-header-meta":"default","adv-header-id-meta":"","stick-header-meta":"","header-above-stick-meta":"","header-main-stick-meta":"","header-below-stick-meta":"","astra-migrate-meta-layouts":"default","ast-page-background-enabled":"default","ast-page-background-meta":{"desktop":{"background-color":"","background-image":"","background-repeat":"repeat","background-position":"center center","background-size":"auto","background-attachment":"scroll","background-type":"","background-media":"","overlay-type":"","overlay-color":"","overlay-opacity":"","overlay-gradient":""},"tablet":{"background-color":"","background-image":"","background-repeat":"repeat","background-position":"center center","background-size":"auto","background-attachment":"scroll","background-type":"","background-media":"","overlay-type":"","overlay-color":"","overlay-opacity":"","overlay-gradient":""},"mobile":{"background-color":"","background-image":"","background-repeat":"repeat","background-position":"center center","background-size":"auto","background-attachment":"scroll","background-type":"","background-media":"","overlay-type":"","overlay-color":"","overlay-opacity":"","overlay-gradient":""}},"ast-content-background-meta":{"desktop":{"background-color":"var(--ast-global-color-5)","background-image":"","background-repeat":"repeat","background-position":"center center","background-size":"auto","background-attachment":"scroll","background-type":"","background-media":"","overlay-type":"","overlay-color":"","overlay-opacity":"","overlay-gradient":""},"tablet":{"background-color":"var(--ast-global-color-5)","background-image":"","background-repeat":"repeat","background-position":"center center","background-size":"auto","background-attachment":"scroll","background-type":"","background-media":"","overlay-type":"","overlay-color":"","overlay-opacity":"","overlay-gradient":""},"mobile":{"background-color":"var(--ast-global-color-5)","background-image":"","background-repeat":"repeat","background-position":"center center","background-size":"auto","background-attachment":"scroll","background-type":"","background-media":"","overlay-type":"","overlay-color":"","overlay-opacity":"","overlay-gradient":""}},"footnotes":""},"class_list":["post-1513","page","type-page","status-publish","hentry"],"_links":{"self":[{"href":"https:\/\/myopiacare.com\/de\/wp-json\/wp\/v2\/pages\/1513","targetHints":{"allow":["GET"]}}],"collection":[{"href":"https:\/\/myopiacare.com\/de\/wp-json\/wp\/v2\/pages"}],"about":[{"href":"https:\/\/myopiacare.com\/de\/wp-json\/wp\/v2\/types\/page"}],"author":[{"embeddable":true,"href":"https:\/\/myopiacare.com\/de\/wp-json\/wp\/v2\/users\/2"}],"replies":[{"embeddable":true,"href":"https:\/\/myopiacare.com\/de\/wp-json\/wp\/v2\/comments?post=1513"}],"version-history":[{"count":50,"href":"https:\/\/myopiacare.com\/de\/wp-json\/wp\/v2\/pages\/1513\/revisions"}],"predecessor-version":[{"id":6974,"href":"https:\/\/myopiacare.com\/de\/wp-json\/wp\/v2\/pages\/1513\/revisions\/6974"}],"wp:attachment":[{"href":"https:\/\/myopiacare.com\/de\/wp-json\/wp\/v2\/media?parent=1513"}],"curies":[{"name":"wp","href":"https:\/\/api.w.org\/{rel}","templated":true}]}}