{"id":1203,"date":"2020-08-20T17:30:29","date_gmt":"2020-08-20T17:30:29","guid":{"rendered":"https:\/\/myopiacare.com\/haftungsausschluss\/"},"modified":"2020-08-20T17:30:29","modified_gmt":"2020-08-20T17:30:29","slug":"haftungsausschluss","status":"publish","type":"page","link":"https:\/\/myopiacare.com\/de\/haftungsausschluss\/","title":{"rendered":"Haftungsausschluss"},"content":{"rendered":"\t\t<div data-elementor-type=\"wp-page\" data-elementor-id=\"1203\" class=\"elementor elementor-1203 elementor-261\" data-elementor-post-type=\"page\">\n\t\t\t\t\t\t<section class=\"elementor-section elementor-top-section elementor-element elementor-element-969db27 elementor-section-boxed elementor-section-height-default elementor-section-height-default\" data-id=\"969db27\" data-element_type=\"section\" data-e-type=\"section\">\n\t\t\t\t\t\t<div class=\"elementor-container elementor-column-gap-default\">\n\t\t\t\t\t<div class=\"elementor-column elementor-col-100 elementor-top-column elementor-element elementor-element-6dc452c2\" data-id=\"6dc452c2\" data-element_type=\"column\" data-e-type=\"column\">\n\t\t\t<div class=\"elementor-widget-wrap elementor-element-populated\">\n\t\t\t\t\t\t<div class=\"elementor-element elementor-element-3d68f2db elementor-widget elementor-widget-heading\" data-id=\"3d68f2db\" data-element_type=\"widget\" data-e-type=\"widget\" data-widget_type=\"heading.default\">\n\t\t\t\t<div class=\"elementor-widget-container\">\n\t\t\t\t\t<h2 class=\"elementor-heading-title elementor-size-default\">Haftungsausschluss <\/h2>\t\t\t\t<\/div>\n\t\t\t\t<\/div>\n\t\t\t\t<div class=\"elementor-element elementor-element-5ebc9bb6 elementor-widget elementor-widget-text-editor\" data-id=\"5ebc9bb6\" data-element_type=\"widget\" data-e-type=\"widget\" data-widget_type=\"text-editor.default\">\n\t\t\t\t<div class=\"elementor-widget-container\">\n\t\t\t\t\t\t\t\t\t<h4>Myopia.Care bietet Informationen rund um die Kurzsichtigkeit Ihres Kindes an.<\/h4>\n<p>F\u00fcr die Betreuung Ihres Kindes bez\u00fcglich der\u00a0Kurzsichtigkeit sollten Sie immer einen Augenspezialisten (Augenarzt, Optometrist oder Augenoptiker) konsultieren. Nur diese Augenspezialisten k\u00f6nnen die\u00a0notwendigen Tests durchf\u00fchren und Sie entsprechend beraten. Wir bem\u00fchen\u00a0uns, diesen Fragebogen und die Myopia Care Webseiten auf dem neuesten Stand der Forschung bez\u00fcglich der Kurzsichtigkeit zu halten, erhebt weder einen Anspruch auf Vollst\u00e4ndigkeit noch kann die Aktualit\u00e4t, Richtigkeit und Ausgewogenheit der dargebotenen Information garantiert werden. Die Inhalte der Website und die Ratschl\u00e4ge die Sie von uns erhalten, sind weder Empfehlungen oder Bewerbungen der erw\u00e4hnten Produkte. Die Applikation ersetzt keinesfalls die fachliche Beratung durch einen Augenspezialisten und er darf nicht als Grundlage zur eigenst\u00e4ndigen Diagnose und Beginn, \u00c4nderung oder Beendigung einer Behandlung von Kurzsichtigkeit verwendet werden.<\/p>\n<h2>Allgemeiner Haftungsausschluss (Standardtext)<\/h2>\n<h4>Haftung f\u00fcr Inhalte<\/h4>\n<p>Als Diensteanbieter sind wir gem\u00e4\u00df \u00a7 7 Abs.1 TMG f\u00fcr eigene Inhalte auf diesen Seiten nach den allgemeinen Gesetzen verantwortlich. Nach \u00a7\u00a7 8 bis 10 TMG sind wir als Diensteanbieter jedoch nicht verpflichtet, \u00fcbermittelte oder gespeicherte fremde Informationen zu \u00fcberwachen oder nach Umst\u00e4nden zu forschen, die auf eine rechtswidrige T\u00e4tigkeit hinweisen. Verpflichtungen zur Entfernung oder Sperrung der Nutzung von Informationen nach den allgemeinen Gesetzen bleiben hiervon unber\u00fchrt. Eine diesbez\u00fcgliche Haftung ist jedoch erst ab dem Zeitpunkt der Kenntnis einer konkreten Rechtsverletzung m\u00f6glich. Bei Bekanntwerden von entsprechenden Rechtsverletzungen werden wir diese Inhalte umgehend entfernen.<\/p>\n<h4>Haftung f\u00fcr Links<\/h4>\n<p>Unser Angebot enth\u00e4lt Links zu externen Webseiten Dritter, auf deren Inhalte wir keinen Einfluss haben. Deshalb k\u00f6nnen wir f\u00fcr diese fremden Inhalte auch keine Gew\u00e4hr \u00fcbernehmen. F\u00fcr die Inhalte der verlinkten Seiten ist stets der jeweilige Anbieter oder Betreiber der Seiten verantwortlich. Die verlinkten Seiten wurden zum Zeitpunkt der Verlinkung auf m\u00f6gliche Rechtsverst\u00f6\u00dfe \u00fcberpr\u00fcft. Rechtswidrige Inhalte waren zum Zeitpunkt der Verlinkung nicht erkennbar. Eine permanente inhaltliche Kontrolle der verlinkten Seiten ist jedoch ohne konkrete Anhaltspunkte einer Rechtsverletzung nicht zumutbar. Bei Bekanntwerden von Rechtsverletzungen werden wir derartige Links umgehend entfernen.<\/p>\n<h4>Urheberrecht<\/h4>\n<p>Die durch die Seitenbetreiber erstellten Inhalte und Werke auf diesen Seiten unterliegen dem deutschen Urheberrecht. Die Vervielf\u00e4ltigung, Bearbeitung, Verbreitung und jede Art der Verwertung au\u00dferhalb der Grenzen des Urheberrechtes bed\u00fcrfen der schriftlichen Zustimmung des jeweiligen Autors bzw. Erstellers. Downloads und Kopien dieser Seite sind nur f\u00fcr den privaten, nicht kommerziellen Gebrauch gestattet. Soweit die Inhalte auf dieser Seite nicht vom Betreiber erstellt wurden, werden die Urheberrechte Dritter beachtet. Insbesondere werden Inhalte Dritter als solche gekennzeichnet. Sollten Sie trotzdem auf eine Urheberrechtsverletzung aufmerksam werden, bitten wir um einen entsprechenden Hinweis. Bei Bekanntwerden von Rechtsverletzungen werden wir derartige Inhalte umgehend entfernen.<\/p>\n\t\t\t\t\t\t\t\t<\/div>\n\t\t\t\t<\/div>\n\t\t\t\t\t<\/div>\n\t\t<\/div>\n\t\t\t\t\t<\/div>\n\t\t<\/section>\n\t\t\t\t<\/div>\n\t\t","protected":false},"excerpt":{"rendered":"<p>Haftungsausschluss Myopia.Care bietet Informationen rund um die Kurzsichtigkeit Ihres Kindes an. F\u00fcr die Betreuung Ihres Kindes bez\u00fcglich der\u00a0Kurzsichtigkeit sollten Sie immer einen Augenspezialisten (Augenarzt, Optometrist oder Augenoptiker) konsultieren. Nur diese Augenspezialisten k\u00f6nnen die\u00a0notwendigen Tests durchf\u00fchren und Sie entsprechend beraten. Wir bem\u00fchen\u00a0uns, diesen Fragebogen und die Myopia Care Webseiten auf dem neuesten Stand der Forschung bez\u00fcglich [&hellip;]<\/p>\n","protected":false},"author":2,"featured_media":0,"parent":0,"menu_order":0,"comment_status":"closed","ping_status":"closed","template":"","meta":{"site-sidebar-layout":"no-sidebar","site-content-layout":"page-builder","ast-site-content-layout":"default","site-content-style":"default","site-sidebar-style":"default","ast-global-header-display":"","ast-banner-title-visibility":"","ast-main-header-display":"","ast-hfb-above-header-display":"","ast-hfb-below-header-display":"","ast-hfb-mobile-header-display":"","site-post-title":"disabled","ast-breadcrumbs-content":"","ast-featured-img":"disabled","footer-sml-layout":"","ast-disable-related-posts":"","theme-transparent-header-meta":"default","adv-header-id-meta":"","stick-header-meta":"","header-above-stick-meta":"","header-main-stick-meta":"","header-below-stick-meta":"","astra-migrate-meta-layouts":"default","ast-page-background-enabled":"default","ast-page-background-meta":{"desktop":{"background-color":"","background-image":"","background-repeat":"repeat","background-position":"center center","background-size":"auto","background-attachment":"scroll","background-type":"","background-media":"","overlay-type":"","overlay-color":"","overlay-opacity":"","overlay-gradient":""},"tablet":{"background-color":"","background-image":"","background-repeat":"repeat","background-position":"center center","background-size":"auto","background-attachment":"scroll","background-type":"","background-media":"","overlay-type":"","overlay-color":"","overlay-opacity":"","overlay-gradient":""},"mobile":{"background-color":"","background-image":"","background-repeat":"repeat","background-position":"center center","background-size":"auto","background-attachment":"scroll","background-type":"","background-media":"","overlay-type":"","overlay-color":"","overlay-opacity":"","overlay-gradient":""}},"ast-content-background-meta":{"desktop":{"background-color":"var(--ast-global-color-5)","background-image":"","background-repeat":"repeat","background-position":"center center","background-size":"auto","background-attachment":"scroll","background-type":"","background-media":"","overlay-type":"","overlay-color":"","overlay-opacity":"","overlay-gradient":""},"tablet":{"background-color":"var(--ast-global-color-5)","background-image":"","background-repeat":"repeat","background-position":"center center","background-size":"auto","background-attachment":"scroll","background-type":"","background-media":"","overlay-type":"","overlay-color":"","overlay-opacity":"","overlay-gradient":""},"mobile":{"background-color":"var(--ast-global-color-5)","background-image":"","background-repeat":"repeat","background-position":"center center","background-size":"auto","background-attachment":"scroll","background-type":"","background-media":"","overlay-type":"","overlay-color":"","overlay-opacity":"","overlay-gradient":""}},"footnotes":""},"class_list":["post-1203","page","type-page","status-publish","hentry"],"_links":{"self":[{"href":"https:\/\/myopiacare.com\/de\/wp-json\/wp\/v2\/pages\/1203","targetHints":{"allow":["GET"]}}],"collection":[{"href":"https:\/\/myopiacare.com\/de\/wp-json\/wp\/v2\/pages"}],"about":[{"href":"https:\/\/myopiacare.com\/de\/wp-json\/wp\/v2\/types\/page"}],"author":[{"embeddable":true,"href":"https:\/\/myopiacare.com\/de\/wp-json\/wp\/v2\/users\/2"}],"replies":[{"embeddable":true,"href":"https:\/\/myopiacare.com\/de\/wp-json\/wp\/v2\/comments?post=1203"}],"version-history":[{"count":1,"href":"https:\/\/myopiacare.com\/de\/wp-json\/wp\/v2\/pages\/1203\/revisions"}],"predecessor-version":[{"id":1204,"href":"https:\/\/myopiacare.com\/de\/wp-json\/wp\/v2\/pages\/1203\/revisions\/1204"}],"wp:attachment":[{"href":"https:\/\/myopiacare.com\/de\/wp-json\/wp\/v2\/media?parent=1203"}],"curies":[{"name":"wp","href":"https:\/\/api.w.org\/{rel}","templated":true}]}}