{"id":1201,"date":"2020-08-20T17:28:00","date_gmt":"2020-08-20T17:28:00","guid":{"rendered":"https:\/\/myopiacare.com\/eine-klinische-und-praktische-perspektive\/"},"modified":"2020-08-20T17:28:01","modified_gmt":"2020-08-20T17:28:01","slug":"eine-klinische-und-praktische-perspektive","status":"publish","type":"page","link":"https:\/\/myopiacare.com\/de\/eine-klinische-und-praktische-perspektive\/","title":{"rendered":"Eine klinische und praktische Perspektive"},"content":{"rendered":"\n<h4 class=\"wp-block-heading\">&#8222;Die Verwendung eines \u00abmyopia.care\u00bb Protokolls zur Berechnung der Myopie Progression und dessen Nutzen in der Praxis&#8220;&#13;\n<\/h4>\n\n<h6 class=\"wp-block-heading\">von Nick DasH: Optometrist, B.Sc. Hons (Optom) MCOptom, Dip SVA. und  Pascal Blaser: Optometrist, M.Sc. in Vision Sciences<\/h6>\n\n<p>Die steigende Anzahl an Kurzsichtigen (Myopen) rund um den Globus ist heute unter Ophthalmologen und Optometristen unbestritten. <\/p>\n\n<p>Mehrere Studien zeigen jetzt schon, besonders regional, einen deutlichen Anstieg an Kurzsichtigen und es wird bis zum Jahre 2050 erwartet, dass die H\u00e4lfte der Erdbev\u00f6lkerung kurzsichtig sein wird.<\/p>\n\n<p>Dieser wohl nicht umzudrehende Trend hat nicht nur die Konsequenz, dass sich der Bedarf bei Kindern an immer st\u00e4rker und dicker werdende Brillengl\u00e4ser erh\u00f6hen wird, sondern auch, dass ein Ansteigen und signifikantes Risiko von Myopie induzierten Augenerkrankungen im sp\u00e4teren Leben. Diese Entwicklung w\u00fcrde sich nat\u00fcrlich wiederum im Gesundheitssystem negativ auswirken, die Kosten f\u00fcr Behandlungen w\u00fcrden steigen.<\/p>\n\n<p>Anerkannte Studien zeigen einheitlich, dass eine h\u00f6here Myopie ein wichtiger Risikofaktor f\u00fcr sp\u00e4tere pathologischen Erkrankungen und visuelle Sehverminderungen bis zu Blindheit ist. Dazu geh\u00f6ren der Gr\u00fcne Star (Glaukom), Makulapathie oder Netzhautabl\u00f6sung und dies kann jeden, nicht nur die sehr starken Myopen treffen, wenn auch das Risiko mit der H\u00f6he signifikant steigt.<\/p>\n\n<p>Um diese Risiken von Augenerkrankungen zu vermindern, sollten Augenspezialisten (Eyecare practioners \u2013 ECPs) versuchen, nicht nur den Sehfehler selbst zu korrigieren, sondern auch die Progression dessen zu kontrollieren. Eine strategische Implementierung in optometrische Untersuchungsr\u00e4ume zur Myopie Kontrolle und Management ist da schon aus ethischen Gr\u00fcnden vern\u00fcnftig.<\/p>\n\n<p><h4><a href=\"https:\/\/myopiacare.com\/de\">Zur\u00fcck<\/a><\/h4><\/p>\n","protected":false},"excerpt":{"rendered":"<p>&#8222;Die Verwendung eines \u00abmyopia.care\u00bb Protokolls zur Berechnung der Myopie Progression und dessen Nutzen in der Praxis&#8220;&#13; von Nick DasH: Optometrist, B.Sc. Hons (Optom) MCOptom, Dip SVA. und Pascal Blaser: Optometrist, M.Sc. in Vision Sciences Die steigende Anzahl an Kurzsichtigen (Myopen) rund um den Globus ist heute unter Ophthalmologen und Optometristen unbestritten. Mehrere Studien zeigen jetzt [&hellip;]<\/p>\n","protected":false},"author":2,"featured_media":0,"parent":0,"menu_order":0,"comment_status":"closed","ping_status":"closed","template":"","meta":{"site-sidebar-layout":"default","site-content-layout":"default","ast-site-content-layout":"default","site-content-style":"default","site-sidebar-style":"default","ast-global-header-display":"","ast-banner-title-visibility":"","ast-main-header-display":"","ast-hfb-above-header-display":"","ast-hfb-below-header-display":"","ast-hfb-mobile-header-display":"","site-post-title":"","ast-breadcrumbs-content":"","ast-featured-img":"","footer-sml-layout":"","ast-disable-related-posts":"","theme-transparent-header-meta":"default","adv-header-id-meta":"","stick-header-meta":"","header-above-stick-meta":"","header-main-stick-meta":"","header-below-stick-meta":"","astra-migrate-meta-layouts":"default","ast-page-background-enabled":"default","ast-page-background-meta":{"desktop":{"background-color":"","background-image":"","background-repeat":"repeat","background-position":"center center","background-size":"auto","background-attachment":"scroll","background-type":"","background-media":"","overlay-type":"","overlay-color":"","overlay-opacity":"","overlay-gradient":""},"tablet":{"background-color":"","background-image":"","background-repeat":"repeat","background-position":"center center","background-size":"auto","background-attachment":"scroll","background-type":"","background-media":"","overlay-type":"","overlay-color":"","overlay-opacity":"","overlay-gradient":""},"mobile":{"background-color":"","background-image":"","background-repeat":"repeat","background-position":"center center","background-size":"auto","background-attachment":"scroll","background-type":"","background-media":"","overlay-type":"","overlay-color":"","overlay-opacity":"","overlay-gradient":""}},"ast-content-background-meta":{"desktop":{"background-color":"var(--ast-global-color-5)","background-image":"","background-repeat":"repeat","background-position":"center center","background-size":"auto","background-attachment":"scroll","background-type":"","background-media":"","overlay-type":"","overlay-color":"","overlay-opacity":"","overlay-gradient":""},"tablet":{"background-color":"var(--ast-global-color-5)","background-image":"","background-repeat":"repeat","background-position":"center center","background-size":"auto","background-attachment":"scroll","background-type":"","background-media":"","overlay-type":"","overlay-color":"","overlay-opacity":"","overlay-gradient":""},"mobile":{"background-color":"var(--ast-global-color-5)","background-image":"","background-repeat":"repeat","background-position":"center center","background-size":"auto","background-attachment":"scroll","background-type":"","background-media":"","overlay-type":"","overlay-color":"","overlay-opacity":"","overlay-gradient":""}},"footnotes":""},"class_list":["post-1201","page","type-page","status-publish","hentry"],"_links":{"self":[{"href":"https:\/\/myopiacare.com\/de\/wp-json\/wp\/v2\/pages\/1201","targetHints":{"allow":["GET"]}}],"collection":[{"href":"https:\/\/myopiacare.com\/de\/wp-json\/wp\/v2\/pages"}],"about":[{"href":"https:\/\/myopiacare.com\/de\/wp-json\/wp\/v2\/types\/page"}],"author":[{"embeddable":true,"href":"https:\/\/myopiacare.com\/de\/wp-json\/wp\/v2\/users\/2"}],"replies":[{"embeddable":true,"href":"https:\/\/myopiacare.com\/de\/wp-json\/wp\/v2\/comments?post=1201"}],"version-history":[{"count":1,"href":"https:\/\/myopiacare.com\/de\/wp-json\/wp\/v2\/pages\/1201\/revisions"}],"predecessor-version":[{"id":1202,"href":"https:\/\/myopiacare.com\/de\/wp-json\/wp\/v2\/pages\/1201\/revisions\/1202"}],"wp:attachment":[{"href":"https:\/\/myopiacare.com\/de\/wp-json\/wp\/v2\/media?parent=1201"}],"curies":[{"name":"wp","href":"https:\/\/api.w.org\/{rel}","templated":true}]}}